{"id":203034,"date":"2025-03-20T14:35:19","date_gmt":"2025-03-20T14:35:19","guid":{"rendered":"https:\/\/aromasentia.com\/product\/50ml-beard-oil-roman-gladiator-enhance\/"},"modified":"2025-06-22T04:11:37","modified_gmt":"2025-06-22T04:11:37","slug":"skaegolie-roman-gladiator-enhance-50ml","status":"publish","type":"product","link":"https:\/\/aromasentia.com\/da\/skaegolie-roman-gladiator-enhance-50ml\/","title":{"rendered":"Sk\u00e6golie &#8211; Roman Gladiator &#8211; Enhance! 50ml"},"content":{"rendered":"<p>Tag en pause fra det frugtige og blomsteragtige og pr\u00f8v denne <strong>rene, men eksotiske duft af sort peber og bergamot sk\u00e6golie, omhyggeligt blandet med abrikos-, argan- og E-vitamin olie til daglig brug.<\/strong><\/p>\n<p>Fremstillet i sm\u00e5 portioner og designet til at forbedre v\u00e6ksten af sk\u00e6gstubbe.<\/p>\n<p>Sk\u00e6golie vil bl\u00f8dg\u00f8re groft h\u00e5r og g\u00f8re det smidigt og lettere at style. Og bag kulisserne vil den hj\u00e6lpe med at pleje huden nedenunder, hvilket reducerer risikoen for, at det bliver kl\u00f8ende eller sk\u00e6llet. V\u00e6r sikker p\u00e5, dit sk\u00e6g vil takke dig.<\/p>\n<p>Det siges, at sort peber er rig p\u00e5 vitamin A og C, flavonoider, carotenoider og andre antioxidanter, hvilket hj\u00e6lper med at stimulere sk\u00e6gv\u00e6kst, samtidig med at det drager fordel af de krydrede og eksotiske toner i denne bedst s\u00e6lgende sk\u00e6golie.<\/p>\n<p>Det er helt godt og naturligt, s\u00e5 v\u00e6r en romersk gladiator og fremh\u00e6v dit sk\u00e6g eller dine stubbe.<\/p>\n","protected":false},"excerpt":{"rendered":"<p>Tag en pause fra det frugtige og blomsteragtige og pr\u00f8v denne rene, men eksotiske duft af sort peber og bergamot sk\u00e6golie, omhyggeligt blandet med abrikos-, argan- og E-vitamin olie til daglig brug. Fremstillet i sm\u00e5 portioner og designet til at forbedre v\u00e6ksten af sk\u00e6gstubbe. Sk\u00e6golie vil bl\u00f8dg\u00f8re groft h\u00e5r og g\u00f8re det smidigt og lettere [&hellip;]<\/p>\n","protected":false},"featured_media":258830,"comment_status":"closed","ping_status":"open","template":"","meta":{"_angie_page":false},"product_brand":[],"product_cat":[6994,7274,25806],"product_tag":[],"class_list":{"0":"post-203034","1":"product","2":"type-product","3":"status-publish","4":"has-post-thumbnail","6":"product_cat-bad-og-bruser","7":"product_cat-harpleje","8":"product_cat-skaegolier","9":"pa_collection-pure-and-natural-beard-oils-da","10":"pa_made-in-storbritannien","11":"pa_size-50ml","13":"first","14":"instock","15":"purchasable","16":"product-type-simple"},"supplier_id":null,"supplier_sku":"BeardO-04","barcode":null,"atum_controlled":true,"out_stock_date":null,"out_stock_threshold":null,"inheritable":false,"inbound_stock":0,"stock_on_hold":0,"sold_today":0,"sales_last_days":0,"reserved_stock":0,"customer_returns":0,"warehouse_damage":0,"lost_in_post":0,"other_logs":0,"out_stock_days":0,"lost_sales":0,"has_location":false,"update_date":"2026-05-08T05:05:00","atum_locations":[],"atum_stock_status":"instock","restock_status":false,"low_stock_amount":"","sales_update_date":"2025-10-09T03:26:18","calc_backorders":null,"_links":{"self":[{"href":"https:\/\/aromasentia.com\/da\/wp-json\/wp\/v2\/product\/203034","targetHints":{"allow":["GET"]}}],"collection":[{"href":"https:\/\/aromasentia.com\/da\/wp-json\/wp\/v2\/product"}],"about":[{"href":"https:\/\/aromasentia.com\/da\/wp-json\/wp\/v2\/types\/product"}],"replies":[{"embeddable":true,"href":"https:\/\/aromasentia.com\/da\/wp-json\/wp\/v2\/comments?post=203034"}],"version-history":[{"count":0,"href":"https:\/\/aromasentia.com\/da\/wp-json\/wp\/v2\/product\/203034\/revisions"}],"wp:featuredmedia":[{"embeddable":true,"href":"https:\/\/aromasentia.com\/da\/wp-json\/wp\/v2\/media\/258830"}],"wp:attachment":[{"href":"https:\/\/aromasentia.com\/da\/wp-json\/wp\/v2\/media?parent=203034"}],"wp:term":[{"taxonomy":"product_brand","embeddable":true,"href":"https:\/\/aromasentia.com\/da\/wp-json\/wp\/v2\/product_brand?post=203034"},{"taxonomy":"product_cat","embeddable":true,"href":"https:\/\/aromasentia.com\/da\/wp-json\/wp\/v2\/product_cat?post=203034"},{"taxonomy":"product_tag","embeddable":true,"href":"https:\/\/aromasentia.com\/da\/wp-json\/wp\/v2\/product_tag?post=203034"}],"curies":[{"name":"wp","href":"https:\/\/api.w.org\/{rel}","templated":true}]}}