{"id":203033,"date":"2025-03-20T14:35:19","date_gmt":"2025-03-20T14:35:19","guid":{"rendered":"https:\/\/aromasentia.com\/product\/50ml-beard-oil-spartan-hero-condition\/"},"modified":"2025-06-22T04:11:37","modified_gmt":"2025-06-22T04:11:37","slug":"skaegolie-spartan-hero-condition-50ml","status":"publish","type":"product","link":"https:\/\/aromasentia.com\/da\/skaegolie-spartan-hero-condition-50ml\/","title":{"rendered":"Sk\u00e6golie &#8211; Spartan Hero &#8211; Condition! 50ml"},"content":{"rendered":"<p>Enkel og naturlig, dette er en super fin <strong>sk\u00e6golie lavet med \u00e6teriske olier af patchouli, lime og cedertr\u00e6 og omhyggeligt blandet med kokos, avocado og gylden jojobaolie til daglig brug.<\/strong><\/p>\n<p>Lavet i sm\u00e5 portioner og designet til at pleje ethvert sk\u00e6g eller stubbe.<\/p>\n<p>Sk\u00e6golie vil bl\u00f8dg\u00f8re groft h\u00e5r og hj\u00e6lpe med at g\u00f8re det smidigt og lettere at style. Og bag kulisserne vil den hj\u00e6lpe med at pleje huden nedenunder, hvilket reducerer risikoen for, at den bliver kl\u00f8ende eller sk\u00e6llet. Du kan v\u00e6re sikker p\u00e5, dit sk\u00e6g vil takke dig.<\/p>\n<p>Let tr\u00e6agtig, s\u00f8d og krydret patchouli med et lille strejf af citrus, der blandes ind i en bl\u00f8d base af cedertr\u00e6. Dejligt!<\/p>\n<p><\/p>\n<p>Denne blanding af olier har til form\u00e5l at bl\u00f8dg\u00f8re og pleje h\u00e5rs\u00e6kkene for at forbedre de fejlfrie stubbe og sk\u00e6g.<\/p>\n","protected":false},"excerpt":{"rendered":"<p>Enkel og naturlig, dette er en super fin sk\u00e6golie lavet med \u00e6teriske olier af patchouli, lime og cedertr\u00e6 og omhyggeligt blandet med kokos, avocado og gylden jojobaolie til daglig brug. Lavet i sm\u00e5 portioner og designet til at pleje ethvert sk\u00e6g eller stubbe. Sk\u00e6golie vil bl\u00f8dg\u00f8re groft h\u00e5r og hj\u00e6lpe med at g\u00f8re det smidigt [&hellip;]<\/p>\n","protected":false},"featured_media":258773,"comment_status":"closed","ping_status":"open","template":"","meta":{"_angie_page":false},"product_brand":[],"product_cat":[6994,7274,25806],"product_tag":[],"class_list":{"0":"post-203033","1":"product","2":"type-product","3":"status-publish","4":"has-post-thumbnail","6":"product_cat-bad-og-bruser","7":"product_cat-harpleje","8":"product_cat-skaegolier","9":"pa_collection-pure-and-natural-beard-oils-da","10":"pa_made-in-storbritannien","11":"pa_size-50ml","13":"first","14":"instock","15":"purchasable","16":"product-type-simple"},"supplier_id":null,"supplier_sku":"BeardO-03","barcode":null,"atum_controlled":true,"out_stock_date":null,"out_stock_threshold":null,"inheritable":false,"inbound_stock":null,"stock_on_hold":0,"sold_today":0,"sales_last_days":0,"reserved_stock":null,"customer_returns":null,"warehouse_damage":null,"lost_in_post":null,"other_logs":null,"out_stock_days":0,"lost_sales":0,"has_location":null,"update_date":"2026-04-27T06:54:47","atum_locations":[],"atum_stock_status":"instock","restock_status":false,"low_stock_amount":"","sales_update_date":"2026-01-30T01:24:51","calc_backorders":null,"_links":{"self":[{"href":"https:\/\/aromasentia.com\/da\/wp-json\/wp\/v2\/product\/203033","targetHints":{"allow":["GET"]}}],"collection":[{"href":"https:\/\/aromasentia.com\/da\/wp-json\/wp\/v2\/product"}],"about":[{"href":"https:\/\/aromasentia.com\/da\/wp-json\/wp\/v2\/types\/product"}],"replies":[{"embeddable":true,"href":"https:\/\/aromasentia.com\/da\/wp-json\/wp\/v2\/comments?post=203033"}],"version-history":[{"count":0,"href":"https:\/\/aromasentia.com\/da\/wp-json\/wp\/v2\/product\/203033\/revisions"}],"wp:featuredmedia":[{"embeddable":true,"href":"https:\/\/aromasentia.com\/da\/wp-json\/wp\/v2\/media\/258773"}],"wp:attachment":[{"href":"https:\/\/aromasentia.com\/da\/wp-json\/wp\/v2\/media?parent=203033"}],"wp:term":[{"taxonomy":"product_brand","embeddable":true,"href":"https:\/\/aromasentia.com\/da\/wp-json\/wp\/v2\/product_brand?post=203033"},{"taxonomy":"product_cat","embeddable":true,"href":"https:\/\/aromasentia.com\/da\/wp-json\/wp\/v2\/product_cat?post=203033"},{"taxonomy":"product_tag","embeddable":true,"href":"https:\/\/aromasentia.com\/da\/wp-json\/wp\/v2\/product_tag?post=203033"}],"curies":[{"name":"wp","href":"https:\/\/api.w.org\/{rel}","templated":true}]}}