{"id":203032,"date":"2025-03-20T14:35:19","date_gmt":"2025-03-20T14:35:19","guid":{"rendered":"https:\/\/aromasentia.com\/product\/50ml-beard-oil-nordic-spruce-regenerate\/"},"modified":"2025-06-22T04:11:37","modified_gmt":"2025-06-22T04:11:37","slug":"skaegolie-nordic-spruce-regenerer-50ml","status":"publish","type":"product","link":"https:\/\/aromasentia.com\/da\/skaegolie-nordic-spruce-regenerer-50ml\/","title":{"rendered":"Sk\u00e6golie &#8211; Nordic Spruce &#8211; Regenerer! 50ml"},"content":{"rendered":"<p><strong>Nordisk Spruce Sk\u00e6golie er lavet med \u00e6teriske olier fra Frankincense og Gran<\/strong> og omhyggeligt blandet med abrikos-, argan- og gylden jojobaolie til daglig brug.<\/p>\n<p>Fremstillet i sm\u00e5 portioner med det form\u00e5l at hj\u00e6lpe med at regenerere stubbe eller sk\u00e6g og bek\u00e6mpe \u00e6ldning af huden under.<\/p>\n<p>Sk\u00e6golie vil bl\u00f8dg\u00f8re groft h\u00e5r og g\u00f8re det smidigt og lettere at style. Og bag kulisserne vil den hj\u00e6lpe med at pleje huden nedenunder, hvilket reducerer risikoen for, at den bliver kl\u00f8ende eller sk\u00e6llet. Du kan v\u00e6re sikker p\u00e5, dit sk\u00e6g vil takke dig.<\/p>\n<p>Blandingen af \u00e6teriske olier fra Frankincense og Gran har begge foryngende egenskaber, og med blandingen af abrikos, argan og gylden jojoba er det en perfekt m\u00e5de at starte dagen p\u00e5 med en god og regenereret f\u00f8lelse.<\/p>\n","protected":false},"excerpt":{"rendered":"<p>Nordisk Spruce Sk\u00e6golie er lavet med \u00e6teriske olier fra Frankincense og Gran og omhyggeligt blandet med abrikos-, argan- og gylden jojobaolie til daglig brug. Fremstillet i sm\u00e5 portioner med det form\u00e5l at hj\u00e6lpe med at regenerere stubbe eller sk\u00e6g og bek\u00e6mpe \u00e6ldning af huden under. Sk\u00e6golie vil bl\u00f8dg\u00f8re groft h\u00e5r og g\u00f8re det smidigt og [&hellip;]<\/p>\n","protected":false},"featured_media":258716,"comment_status":"closed","ping_status":"open","template":"","meta":[],"product_brand":[],"product_cat":[6994,25839,25992,7274,25806,26893],"product_tag":[],"class_list":{"0":"post-203032","1":"product","2":"type-product","3":"status-publish","4":"has-post-thumbnail","6":"product_cat-bad-og-bruser","7":"product_cat-dufte-aromaer","8":"product_cat-gran","9":"product_cat-harpleje","10":"product_cat-skaegolier","11":"product_cat-traeagtig","12":"pa_collection-pure-and-natural-beard-oils-da","13":"pa_made-in-storbritannien","14":"pa_size-50ml","16":"first","17":"instock","18":"purchasable","19":"product-type-simple"},"supplier_id":null,"supplier_sku":"BeardO-02","barcode":null,"atum_controlled":true,"out_stock_date":null,"out_stock_threshold":null,"inheritable":false,"inbound_stock":null,"stock_on_hold":0,"sold_today":0,"sales_last_days":0,"reserved_stock":null,"customer_returns":null,"warehouse_damage":null,"lost_in_post":null,"other_logs":null,"out_stock_days":0,"lost_sales":0,"has_location":null,"update_date":"2026-02-10T05:09:07","atum_locations":[],"atum_stock_status":"instock","restock_status":false,"low_stock_amount":"","sales_update_date":"2025-10-09T03:26:18","calc_backorders":null,"_links":{"self":[{"href":"https:\/\/aromasentia.com\/da\/wp-json\/wp\/v2\/product\/203032","targetHints":{"allow":["GET"]}}],"collection":[{"href":"https:\/\/aromasentia.com\/da\/wp-json\/wp\/v2\/product"}],"about":[{"href":"https:\/\/aromasentia.com\/da\/wp-json\/wp\/v2\/types\/product"}],"replies":[{"embeddable":true,"href":"https:\/\/aromasentia.com\/da\/wp-json\/wp\/v2\/comments?post=203032"}],"version-history":[{"count":0,"href":"https:\/\/aromasentia.com\/da\/wp-json\/wp\/v2\/product\/203032\/revisions"}],"wp:featuredmedia":[{"embeddable":true,"href":"https:\/\/aromasentia.com\/da\/wp-json\/wp\/v2\/media\/258716"}],"wp:attachment":[{"href":"https:\/\/aromasentia.com\/da\/wp-json\/wp\/v2\/media?parent=203032"}],"wp:term":[{"taxonomy":"product_brand","embeddable":true,"href":"https:\/\/aromasentia.com\/da\/wp-json\/wp\/v2\/product_brand?post=203032"},{"taxonomy":"product_cat","embeddable":true,"href":"https:\/\/aromasentia.com\/da\/wp-json\/wp\/v2\/product_cat?post=203032"},{"taxonomy":"product_tag","embeddable":true,"href":"https:\/\/aromasentia.com\/da\/wp-json\/wp\/v2\/product_tag?post=203032"}],"curies":[{"name":"wp","href":"https:\/\/api.w.org\/{rel}","templated":true}]}}