{"id":203009,"date":"2025-03-20T14:36:59","date_gmt":"2025-03-20T14:36:59","guid":{"rendered":"https:\/\/aromasentia.com\/product\/argan-oil-100ml\/"},"modified":"2025-06-22T04:11:19","modified_gmt":"2025-06-22T04:11:19","slug":"arganolie-100ml","status":"publish","type":"product","link":"https:\/\/aromasentia.com\/da\/arganolie-100ml\/","title":{"rendered":"Arganolie &#8211; 100ml"},"content":{"rendered":"<p><strong>Botanisk navn:<\/strong> Argania Spinosa<\/p>\n<p><strong>Oprindelse:<\/strong>Arganolie menes at v\u00e6re en af de sj\u00e6ldneste olier i verden. Det er en robust, n\u00f8ddeagtig duftende olie, der hovedsageligt fremstilles i Marokko af n\u00f8dderne fra argantr\u00e6et. Argantr\u00e6er d\u00e6kkede engang store dele af Nordafrika, men de er nu st\u00e6rkt reduceret i antal, hvilket afspejler den nuv\u00e6rende pris p\u00e5 olien.<\/p>\n<p>Arganolie indeholder essentielle fedtsyrer, antioxidanter, vitaminer og mineraler, og med sine fugtgivende og bl\u00f8dg\u00f8rende egenskaber kan den hj\u00e6lpe med at beskytte din hud og dit h\u00e5r mod tidlige tegn p\u00e5 aldring og potentielle solskader. Det bruges almindeligvis i hudfugtighedscremer og h\u00e5rplejeprodukter.<\/p>\n<p><strong>Farve og duft:<\/strong> Har en lys gylden gul farve og en mild n\u00f8ddeagtig aroma.<\/p>\n<p>Denne arganolie er hentet fra hele verden og er fremstillet med koldpresset ekstraktionsmetode.<\/p>\n","protected":false},"excerpt":{"rendered":"<p>Botanisk navn: Argania Spinosa Oprindelse:Arganolie menes at v\u00e6re en af de sj\u00e6ldneste olier i verden. Det er en robust, n\u00f8ddeagtig duftende olie, der hovedsageligt fremstilles i Marokko af n\u00f8dderne fra argantr\u00e6et. Argantr\u00e6er d\u00e6kkede engang store dele af Nordafrika, men de er nu st\u00e6rkt reduceret i antal, hvilket afspejler den nuv\u00e6rende pris p\u00e5 olien. Arganolie indeholder [&hellip;]<\/p>\n","protected":false},"featured_media":259135,"comment_status":"closed","ping_status":"open","template":"","meta":{"_angie_page":false},"product_brand":[27094],"product_cat":[6153,7719],"product_tag":[],"class_list":{"0":"post-203009","1":"product","2":"type-product","3":"status-publish","4":"has-post-thumbnail","6":"product_brand-ancient-wisdom","7":"product_cat-aromaterapi-og-rumdufte","8":"product_cat-baseolier","9":"pa_collection-base-oils-da","10":"pa_made-in-marokko","11":"pa_size-100ml","13":"first","14":"instock","15":"purchasable","16":"product-type-simple"},"supplier_id":null,"supplier_sku":"BO-22","barcode":null,"atum_controlled":true,"out_stock_date":null,"out_stock_threshold":null,"inheritable":false,"inbound_stock":0,"stock_on_hold":0,"sold_today":0,"sales_last_days":0,"reserved_stock":0,"customer_returns":0,"warehouse_damage":0,"lost_in_post":0,"other_logs":0,"out_stock_days":0,"lost_sales":0,"has_location":false,"update_date":"2026-05-01T01:01:25","atum_locations":[],"atum_stock_status":"instock","restock_status":false,"low_stock_amount":"","sales_update_date":"2025-10-09T03:26:40","calc_backorders":null,"_links":{"self":[{"href":"https:\/\/aromasentia.com\/da\/wp-json\/wp\/v2\/product\/203009","targetHints":{"allow":["GET"]}}],"collection":[{"href":"https:\/\/aromasentia.com\/da\/wp-json\/wp\/v2\/product"}],"about":[{"href":"https:\/\/aromasentia.com\/da\/wp-json\/wp\/v2\/types\/product"}],"replies":[{"embeddable":true,"href":"https:\/\/aromasentia.com\/da\/wp-json\/wp\/v2\/comments?post=203009"}],"version-history":[{"count":0,"href":"https:\/\/aromasentia.com\/da\/wp-json\/wp\/v2\/product\/203009\/revisions"}],"wp:featuredmedia":[{"embeddable":true,"href":"https:\/\/aromasentia.com\/da\/wp-json\/wp\/v2\/media\/259135"}],"wp:attachment":[{"href":"https:\/\/aromasentia.com\/da\/wp-json\/wp\/v2\/media?parent=203009"}],"wp:term":[{"taxonomy":"product_brand","embeddable":true,"href":"https:\/\/aromasentia.com\/da\/wp-json\/wp\/v2\/product_brand?post=203009"},{"taxonomy":"product_cat","embeddable":true,"href":"https:\/\/aromasentia.com\/da\/wp-json\/wp\/v2\/product_cat?post=203009"},{"taxonomy":"product_tag","embeddable":true,"href":"https:\/\/aromasentia.com\/da\/wp-json\/wp\/v2\/product_tag?post=203009"}],"curies":[{"name":"wp","href":"https:\/\/api.w.org\/{rel}","templated":true}]}}