{"id":203004,"date":"2025-03-20T14:36:59","date_gmt":"2025-03-20T14:36:59","guid":{"rendered":"https:\/\/aromasentia.com\/product\/hazelnut-oil-100ml\/"},"modified":"2025-06-22T04:11:15","modified_gmt":"2025-06-22T04:11:15","slug":"hasselnoeddeolie-100ml","status":"publish","type":"product","link":"https:\/\/aromasentia.com\/da\/hasselnoeddeolie-100ml\/","title":{"rendered":"Hasseln\u00f8ddeolie &#8211; 100ml"},"content":{"rendered":"<p><strong>Botanisk navn:<\/strong> Corylus Avellana<\/p>\n<p><strong>Oprindelse:<\/strong> Hasseln\u00f8ddetr\u00e6et dyrkes over hele det europ\u00e6iske og asiatiske kontinent og videre. Det dyrkes prim\u00e6rt for n\u00f8ddens skyld, men har ogs\u00e5 v\u00e6ret brugt i Storbritannien og Europa som h\u00e6kke p\u00e5 landbrugsjord i hundredvis af \u00e5r. Vores hasseln\u00f8ddeolie er fremstillet i Tyrkiet, verdens st\u00f8rste producent af hasseln\u00f8dder.<\/p>\n<p>Hasseln\u00f8ddeolie er i sig selv en multifunktionel olie. Den indeholder kraftige antioxidanter og mineraler, der kan v\u00e6re gavnlige for beskadiget hud og t\u00f8r hud. Det er en popul\u00e6r ingrediens i sk\u00f8nhedskosmetik, da det menes at reducere rynker og forhindre tidlig aldring. Bruges ofte som b\u00e6rerolie til aromaterapi, massageolier, fugtighedscremer og h\u00e5rpleje.<\/p>\n<p><strong>Farve og duft:<\/strong> Lys gul farve med mild duft.<\/p>\n<p><strong>Tekstur:<\/strong>Tynd og glat.<\/p>\n<p>Denne hasseln\u00f8ddeolie er fremstillet af koldpressede ekstraktionsmetoder fra hele verden, og kommer fra Tyrkiet.<\/p>\n","protected":false},"excerpt":{"rendered":"<p>Botanisk navn: Corylus Avellana Oprindelse: Hasseln\u00f8ddetr\u00e6et dyrkes over hele det europ\u00e6iske og asiatiske kontinent og videre. Det dyrkes prim\u00e6rt for n\u00f8ddens skyld, men har ogs\u00e5 v\u00e6ret brugt i Storbritannien og Europa som h\u00e6kke p\u00e5 landbrugsjord i hundredvis af \u00e5r. Vores hasseln\u00f8ddeolie er fremstillet i Tyrkiet, verdens st\u00f8rste producent af hasseln\u00f8dder. Hasseln\u00f8ddeolie er i sig selv [&hellip;]<\/p>\n","protected":false},"featured_media":259090,"comment_status":"closed","ping_status":"open","template":"","meta":{"_angie_page":false},"product_brand":[27094],"product_cat":[6153,7719],"product_tag":[],"class_list":{"0":"post-203004","1":"product","2":"type-product","3":"status-publish","4":"has-post-thumbnail","6":"product_brand-ancient-wisdom","7":"product_cat-aromaterapi-og-rumdufte","8":"product_cat-baseolier","9":"pa_collection-base-oils-da","10":"pa_made-in-italien","11":"pa_size-100ml","13":"first","14":"instock","15":"purchasable","16":"product-type-simple"},"supplier_id":null,"supplier_sku":"BO-17","barcode":null,"atum_controlled":true,"out_stock_date":null,"out_stock_threshold":null,"inheritable":false,"inbound_stock":null,"stock_on_hold":0,"sold_today":0,"sales_last_days":0,"reserved_stock":null,"customer_returns":null,"warehouse_damage":null,"lost_in_post":null,"other_logs":null,"out_stock_days":0,"lost_sales":0,"has_location":null,"update_date":"2026-04-27T06:55:16","atum_locations":[],"atum_stock_status":"instock","restock_status":false,"low_stock_amount":"","sales_update_date":"2025-10-09T03:26:40","calc_backorders":null,"_links":{"self":[{"href":"https:\/\/aromasentia.com\/da\/wp-json\/wp\/v2\/product\/203004","targetHints":{"allow":["GET"]}}],"collection":[{"href":"https:\/\/aromasentia.com\/da\/wp-json\/wp\/v2\/product"}],"about":[{"href":"https:\/\/aromasentia.com\/da\/wp-json\/wp\/v2\/types\/product"}],"replies":[{"embeddable":true,"href":"https:\/\/aromasentia.com\/da\/wp-json\/wp\/v2\/comments?post=203004"}],"version-history":[{"count":0,"href":"https:\/\/aromasentia.com\/da\/wp-json\/wp\/v2\/product\/203004\/revisions"}],"wp:featuredmedia":[{"embeddable":true,"href":"https:\/\/aromasentia.com\/da\/wp-json\/wp\/v2\/media\/259090"}],"wp:attachment":[{"href":"https:\/\/aromasentia.com\/da\/wp-json\/wp\/v2\/media?parent=203004"}],"wp:term":[{"taxonomy":"product_brand","embeddable":true,"href":"https:\/\/aromasentia.com\/da\/wp-json\/wp\/v2\/product_brand?post=203004"},{"taxonomy":"product_cat","embeddable":true,"href":"https:\/\/aromasentia.com\/da\/wp-json\/wp\/v2\/product_cat?post=203004"},{"taxonomy":"product_tag","embeddable":true,"href":"https:\/\/aromasentia.com\/da\/wp-json\/wp\/v2\/product_tag?post=203004"}],"curies":[{"name":"wp","href":"https:\/\/api.w.org\/{rel}","templated":true}]}}