{"id":203000,"date":"2025-03-20T14:36:59","date_gmt":"2025-03-20T14:36:59","guid":{"rendered":"https:\/\/aromasentia.com\/product\/borage-oil-100ml\/"},"modified":"2025-06-22T04:11:12","modified_gmt":"2025-06-22T04:11:12","slug":"borageolie-100ml","status":"publish","type":"product","link":"https:\/\/aromasentia.com\/da\/borageolie-100ml\/","title":{"rendered":"Borageolie &#8211; 100ml"},"content":{"rendered":"<p><strong>Botanisk navn:<\/strong>&nbsp; Borago Officinalis.<\/p>\n<p><strong>Oprindelse:&nbsp;<\/strong>Borago-planten, ogs\u00e5 kendt som stjerneblomst, er hjemmeh\u00f8rende i det \u00f8stlige Middelhavsomr\u00e5de. Planten dyrkes i mange dele af verden, prim\u00e6rt i Europa og Nordamerika. Olie udvindes af fr\u00f8ene fra Borago-planterne.&nbsp;<\/p>\n<p>Boragoolie har et meget h\u00f8jt indhold af Omega 6 og menes at v\u00e6re gavnlig for t\u00f8r og beskadiget hud og kan give lindring af flere kroniske hudlidelser. &nbsp;Den er fantastisk til brug sammen med \u00e6teriske olier og andre b\u00e6rerolier. Bruges som ingrediens i kosmetiske produkter s\u00e5som ansigtsserummer og fugtighedscremer.<\/p>\n<p><strong>Farve og lugt:<\/strong> Gyldengul farve med meget lidt lugt.<\/p>\n<p><strong>Tekstur:<\/strong> Lidt tyk tekstur.<\/p>\n<p>Vores boragoliebaseolie er omhyggeligt udvalgt, k\u00f8bes oftere ikke fra prim\u00e6re kilder, testet for renhed og underlagt strenge kvalitetskontrolstandarder.<\/p>\n<p>Denne boragolie er indk\u00f8bt fra hele verden, hentet fra Europa og fremstillet ved koldpresset ekstraktionsmetode.<\/p>\n<p><\/p>\n","protected":false},"excerpt":{"rendered":"<p>Botanisk navn:&nbsp; Borago Officinalis. Oprindelse:&nbsp;Borago-planten, ogs\u00e5 kendt som stjerneblomst, er hjemmeh\u00f8rende i det \u00f8stlige Middelhavsomr\u00e5de. Planten dyrkes i mange dele af verden, prim\u00e6rt i Europa og Nordamerika. Olie udvindes af fr\u00f8ene fra Borago-planterne.&nbsp; Boragoolie har et meget h\u00f8jt indhold af Omega 6 og menes at v\u00e6re gavnlig for t\u00f8r og beskadiget hud og kan give [&hellip;]<\/p>\n","protected":false},"featured_media":259054,"comment_status":"closed","ping_status":"open","template":"","meta":{"_angie_page":false},"product_brand":[27094],"product_cat":[6153,7719],"product_tag":[],"class_list":{"0":"post-203000","1":"product","2":"type-product","3":"status-publish","4":"has-post-thumbnail","6":"product_brand-ancient-wisdom","7":"product_cat-aromaterapi-og-rumdufte","8":"product_cat-baseolier","9":"pa_collection-base-oils-da","10":"pa_made-in-kina","11":"pa_size-100ml","13":"first","14":"instock","15":"purchasable","16":"product-type-simple"},"supplier_id":null,"supplier_sku":"BO-13","barcode":null,"atum_controlled":true,"out_stock_date":null,"out_stock_threshold":null,"inheritable":false,"inbound_stock":null,"stock_on_hold":0,"sold_today":0,"sales_last_days":0,"reserved_stock":null,"customer_returns":null,"warehouse_damage":null,"lost_in_post":null,"other_logs":null,"out_stock_days":72,"lost_sales":0,"has_location":null,"update_date":"2026-05-08T05:06:06","atum_locations":[],"atum_stock_status":"instock","restock_status":false,"low_stock_amount":"","sales_update_date":"2026-01-30T01:24:19","calc_backorders":null,"_links":{"self":[{"href":"https:\/\/aromasentia.com\/da\/wp-json\/wp\/v2\/product\/203000","targetHints":{"allow":["GET"]}}],"collection":[{"href":"https:\/\/aromasentia.com\/da\/wp-json\/wp\/v2\/product"}],"about":[{"href":"https:\/\/aromasentia.com\/da\/wp-json\/wp\/v2\/types\/product"}],"replies":[{"embeddable":true,"href":"https:\/\/aromasentia.com\/da\/wp-json\/wp\/v2\/comments?post=203000"}],"version-history":[{"count":0,"href":"https:\/\/aromasentia.com\/da\/wp-json\/wp\/v2\/product\/203000\/revisions"}],"wp:featuredmedia":[{"embeddable":true,"href":"https:\/\/aromasentia.com\/da\/wp-json\/wp\/v2\/media\/259054"}],"wp:attachment":[{"href":"https:\/\/aromasentia.com\/da\/wp-json\/wp\/v2\/media?parent=203000"}],"wp:term":[{"taxonomy":"product_brand","embeddable":true,"href":"https:\/\/aromasentia.com\/da\/wp-json\/wp\/v2\/product_brand?post=203000"},{"taxonomy":"product_cat","embeddable":true,"href":"https:\/\/aromasentia.com\/da\/wp-json\/wp\/v2\/product_cat?post=203000"},{"taxonomy":"product_tag","embeddable":true,"href":"https:\/\/aromasentia.com\/da\/wp-json\/wp\/v2\/product_tag?post=203000"}],"curies":[{"name":"wp","href":"https:\/\/api.w.org\/{rel}","templated":true}]}}