{"id":202999,"date":"2025-03-20T14:36:59","date_gmt":"2025-03-20T14:36:59","guid":{"rendered":"https:\/\/aromasentia.com\/product\/macadamia-oil-100ml\/"},"modified":"2025-06-22T04:11:11","modified_gmt":"2025-06-22T04:11:11","slug":"macadamiaolie-100ml","status":"publish","type":"product","link":"https:\/\/aromasentia.com\/da\/macadamiaolie-100ml\/","title":{"rendered":"macadamiaolie &#8211; 100ml"},"content":{"rendered":"<p><strong>Botanisk navn:<\/strong> Macadamia Integrifolia.<\/p>\n<p><strong>Oprindelse:<\/strong>Macadamia-planten stammer fra Australien og er blevet konsumeret og forarbejdet af de indf\u00f8dte australiere i mange \u00e5r. Macadamia-olie udvindes af de modne n\u00f8dder fra macadamia-tr\u00e6et.<\/p>\n<p>Macadamia-olie har antiinflammatoriske og anti-aging egenskaber, der kan berolige og beskytte din hud. Rig p\u00e5 oliesyre og andre sunde n\u00e6ringsstoffer menes olien at v\u00e6re utrolig gavnlig for t\u00f8r og aldrende hud. Den bruges til en r\u00e6kke forskellige produkter i kosmetikindustrien, s\u00e5som cremer, solcremer, lotions, shampooer og balsam. Den er perfekt til brug sammen med alle \u00e6teriske olier og til massage og aromaterapi.<\/p>\n<p><strong>Farve og lugt:<\/strong> Klar gylden gul farve og mild n\u00f8ddeagtig duft.<\/p>\n<p><strong>Tekstur:<\/strong> Har en let, men fyldig konsistens.<\/p>\n<p>Vores Macadamia-baseolie er fremstillet i Australien og er koldpresset.<\/p>\n<p><\/p>\n","protected":false},"excerpt":{"rendered":"<p>Botanisk navn: Macadamia Integrifolia. Oprindelse:Macadamia-planten stammer fra Australien og er blevet konsumeret og forarbejdet af de indf\u00f8dte australiere i mange \u00e5r. Macadamia-olie udvindes af de modne n\u00f8dder fra macadamia-tr\u00e6et. Macadamia-olie har antiinflammatoriske og anti-aging egenskaber, der kan berolige og beskytte din hud. Rig p\u00e5 oliesyre og andre sunde n\u00e6ringsstoffer menes olien at v\u00e6re utrolig gavnlig [&hellip;]<\/p>\n","protected":false},"featured_media":259045,"comment_status":"closed","ping_status":"open","template":"","meta":{"_angie_page":false},"product_brand":[27094],"product_cat":[6153,7719],"product_tag":[],"class_list":{"0":"post-202999","1":"product","2":"type-product","3":"status-publish","4":"has-post-thumbnail","6":"product_brand-ancient-wisdom","7":"product_cat-aromaterapi-og-rumdufte","8":"product_cat-baseolier","9":"pa_collection-base-oils-da","10":"pa_made-in-spanien","11":"pa_size-100ml","13":"first","14":"instock","15":"purchasable","16":"product-type-simple"},"supplier_id":null,"supplier_sku":"BO-11","barcode":null,"atum_controlled":true,"out_stock_date":null,"out_stock_threshold":null,"inheritable":false,"inbound_stock":null,"stock_on_hold":0,"sold_today":0,"sales_last_days":0,"reserved_stock":null,"customer_returns":null,"warehouse_damage":null,"lost_in_post":null,"other_logs":null,"out_stock_days":0,"lost_sales":0,"has_location":null,"update_date":"2026-04-27T06:55:16","atum_locations":[],"atum_stock_status":"instock","restock_status":false,"low_stock_amount":"","sales_update_date":"2025-10-09T03:26:38","calc_backorders":null,"_links":{"self":[{"href":"https:\/\/aromasentia.com\/da\/wp-json\/wp\/v2\/product\/202999","targetHints":{"allow":["GET"]}}],"collection":[{"href":"https:\/\/aromasentia.com\/da\/wp-json\/wp\/v2\/product"}],"about":[{"href":"https:\/\/aromasentia.com\/da\/wp-json\/wp\/v2\/types\/product"}],"replies":[{"embeddable":true,"href":"https:\/\/aromasentia.com\/da\/wp-json\/wp\/v2\/comments?post=202999"}],"version-history":[{"count":0,"href":"https:\/\/aromasentia.com\/da\/wp-json\/wp\/v2\/product\/202999\/revisions"}],"wp:featuredmedia":[{"embeddable":true,"href":"https:\/\/aromasentia.com\/da\/wp-json\/wp\/v2\/media\/259045"}],"wp:attachment":[{"href":"https:\/\/aromasentia.com\/da\/wp-json\/wp\/v2\/media?parent=202999"}],"wp:term":[{"taxonomy":"product_brand","embeddable":true,"href":"https:\/\/aromasentia.com\/da\/wp-json\/wp\/v2\/product_brand?post=202999"},{"taxonomy":"product_cat","embeddable":true,"href":"https:\/\/aromasentia.com\/da\/wp-json\/wp\/v2\/product_cat?post=202999"},{"taxonomy":"product_tag","embeddable":true,"href":"https:\/\/aromasentia.com\/da\/wp-json\/wp\/v2\/product_tag?post=202999"}],"curies":[{"name":"wp","href":"https:\/\/api.w.org\/{rel}","templated":true}]}}