{"id":202998,"date":"2025-03-20T14:36:59","date_gmt":"2025-03-20T14:36:59","guid":{"rendered":"https:\/\/aromasentia.com\/product\/evening-primrose-oil-100ml\/"},"modified":"2025-06-22T04:11:11","modified_gmt":"2025-06-22T04:11:11","slug":"kaempenatlysolie-100ml","status":"publish","type":"product","link":"https:\/\/aromasentia.com\/da\/kaempenatlysolie-100ml\/","title":{"rendered":"K\u00e6mpenatlysolie &#8211; 100ml"},"content":{"rendered":"<p><strong>Videnskabeligt navn:<\/strong> Oenothera Biennis<\/p>\n<p><strong>Oprindelse:<\/strong> K\u00e6mpenatlys, ogs\u00e5 kendt som Aftenstjerne, er en to\u00e5rig plante, der er hjemmeh\u00f8rende i Nordamerika og andre tempererede lande. Vores k\u00e6mpenatlysolie produceres massivt i kinesiske provinser fra fr\u00f8 fra den gule k\u00e6mpenatlysplante. Planten kaldes k\u00e6mpenatlys, da blomsterne \u00e5bner sig helt om natten og lukker sig igen om morgenen den n\u00e6ste dag. Det menes, at den f\u00f8rst blev brugt af indf\u00f8dte amerikanere til s\u00e5rheling og dens beroligende egenskaber.<\/p>\n<p>K\u00e6mpenatlysolie er en rig kilde til omega-6 og fedtsyrer og har antiinflammatoriske og smertelindrende egenskaber. Den letter helingsprocessen og kan hj\u00e6lpe med at reducere forekomsten af ar og berolige inflammation. Bruges ofte i kosmetik til at berolige og fugtgive hud, hovedbund og h\u00e5r.<\/p>\n<p><strong>Farve og duft:<\/strong> Har en lys gylden farve og en mild n\u00f8ddeagtig duft.<\/p>\n<p><strong>Tekstur:<\/strong>Fin tekstur.<\/p>\n<p>Vores baseolie med aftenlys er omhyggeligt udvalgt, k\u00f8bes oftere ikke fra prim\u00e6re kilder, testet for renhed og underlagt strenge kvalitetskontrolstandarder.<\/p>\n<p>Denne aftenlysolie er indk\u00f8bt fra hele verden og fremstillet ved koldpresset ekstraktionsmetode.<\/p>\n","protected":false},"excerpt":{"rendered":"<p>Videnskabeligt navn: Oenothera Biennis Oprindelse: K\u00e6mpenatlys, ogs\u00e5 kendt som Aftenstjerne, er en to\u00e5rig plante, der er hjemmeh\u00f8rende i Nordamerika og andre tempererede lande. Vores k\u00e6mpenatlysolie produceres massivt i kinesiske provinser fra fr\u00f8 fra den gule k\u00e6mpenatlysplante. Planten kaldes k\u00e6mpenatlys, da blomsterne \u00e5bner sig helt om natten og lukker sig igen om morgenen den n\u00e6ste dag. [&hellip;]<\/p>\n","protected":false},"featured_media":259036,"comment_status":"closed","ping_status":"open","template":"","meta":{"_angie_page":false},"product_brand":[27094],"product_cat":[6153,7719,26830,25839,25984],"product_tag":[],"class_list":{"0":"post-202998","1":"product","2":"type-product","3":"status-publish","4":"has-post-thumbnail","6":"product_brand-ancient-wisdom","7":"product_cat-aromaterapi-og-rumdufte","8":"product_cat-baseolier","9":"product_cat-blomster","10":"product_cat-dufte-aromaer","11":"product_cat-rose","12":"pa_collection-base-oils-da","13":"pa_made-in-kina","14":"pa_size-100ml","16":"first","17":"instock","18":"purchasable","19":"product-type-simple"},"supplier_id":null,"supplier_sku":"BO-10","barcode":null,"atum_controlled":true,"out_stock_date":null,"out_stock_threshold":null,"inheritable":false,"inbound_stock":null,"stock_on_hold":0,"sold_today":0,"sales_last_days":0,"reserved_stock":null,"customer_returns":null,"warehouse_damage":null,"lost_in_post":null,"other_logs":null,"out_stock_days":23,"lost_sales":0,"has_location":null,"update_date":"2026-05-08T05:06:06","atum_locations":[],"atum_stock_status":"instock","restock_status":false,"low_stock_amount":"","sales_update_date":"2026-01-30T01:24:24","calc_backorders":null,"_links":{"self":[{"href":"https:\/\/aromasentia.com\/da\/wp-json\/wp\/v2\/product\/202998","targetHints":{"allow":["GET"]}}],"collection":[{"href":"https:\/\/aromasentia.com\/da\/wp-json\/wp\/v2\/product"}],"about":[{"href":"https:\/\/aromasentia.com\/da\/wp-json\/wp\/v2\/types\/product"}],"replies":[{"embeddable":true,"href":"https:\/\/aromasentia.com\/da\/wp-json\/wp\/v2\/comments?post=202998"}],"version-history":[{"count":0,"href":"https:\/\/aromasentia.com\/da\/wp-json\/wp\/v2\/product\/202998\/revisions"}],"wp:featuredmedia":[{"embeddable":true,"href":"https:\/\/aromasentia.com\/da\/wp-json\/wp\/v2\/media\/259036"}],"wp:attachment":[{"href":"https:\/\/aromasentia.com\/da\/wp-json\/wp\/v2\/media?parent=202998"}],"wp:term":[{"taxonomy":"product_brand","embeddable":true,"href":"https:\/\/aromasentia.com\/da\/wp-json\/wp\/v2\/product_brand?post=202998"},{"taxonomy":"product_cat","embeddable":true,"href":"https:\/\/aromasentia.com\/da\/wp-json\/wp\/v2\/product_cat?post=202998"},{"taxonomy":"product_tag","embeddable":true,"href":"https:\/\/aromasentia.com\/da\/wp-json\/wp\/v2\/product_tag?post=202998"}],"curies":[{"name":"wp","href":"https:\/\/api.w.org\/{rel}","templated":true}]}}