{"id":202994,"date":"2025-03-20T14:36:59","date_gmt":"2025-03-20T14:36:59","guid":{"rendered":"https:\/\/aromasentia.com\/product\/fractionated-coconut-oil-100ml\/"},"modified":"2025-06-22T04:11:08","modified_gmt":"2025-06-22T04:11:08","slug":"fraktioneret-kokosolie-100ml","status":"publish","type":"product","link":"https:\/\/aromasentia.com\/da\/fraktioneret-kokosolie-100ml\/","title":{"rendered":"Fraktioneret Kokosolie &#8211; 100ml"},"content":{"rendered":"<p><strong>Botanisk navn:<\/strong> Cocos Nucifera<\/p>\n<p><strong>Oprindelse:<\/strong> Kokosolie er i \u00e5rhundreder blevet produceret i tropiske omr\u00e5der i Filippinerne og ofte brugt til at kurere sygdomme og til sk\u00f8nhedsbehandlinger. Kokosolie i sin reneste form er fast ved stuetemperatur. Processen med at &#8220;fraktionere&#8221; olien fjerner nogle af proteinerne og fedtsyrerne fra olien og omdanner den i processen til v\u00e6ske.<\/p>\n<p>Fraktioneret kokosolie bruges i vid udstr\u00e6kning som b\u00e6rerolie for \u00e6teriske olier i aromaterapi eller massagebehandlinger. Den har fremragende lindrende, helende og fugtgivende egenskaber, der kan hj\u00e6lpe med at lindre mange hudirritationer.<\/p>\n<p><strong>Farve og duft:<\/strong> Har en klar til gul farve og lugtfri duft.<\/p>\n<p><strong>Tekstur:<\/strong> Let tekstureret, absorberes let.<\/p>\n<p>Vores fraktionerede kokosbaseolie er omhyggeligt udvalgt, k\u00f8bes oftere ikke fra prim\u00e6re kilder, testet for renhed og underlagt strenge kvalitetskontrolstandarder.<\/p>\n<p>Vores kokosbaseolie er hentet fra Filippinerne og fremstillet med fraktioneret ekstraktionsmetode.<\/p>\n<p><\/p>\n","protected":false},"excerpt":{"rendered":"<p>Botanisk navn: Cocos Nucifera Oprindelse: Kokosolie er i \u00e5rhundreder blevet produceret i tropiske omr\u00e5der i Filippinerne og ofte brugt til at kurere sygdomme og til sk\u00f8nhedsbehandlinger. Kokosolie i sin reneste form er fast ved stuetemperatur. Processen med at &#8220;fraktionere&#8221; olien fjerner nogle af proteinerne og fedtsyrerne fra olien og omdanner den i processen til v\u00e6ske. [&hellip;]<\/p>\n","protected":false},"featured_media":259000,"comment_status":"closed","ping_status":"open","template":"","meta":{"_angie_page":false},"product_brand":[27094],"product_cat":[6153,7719],"product_tag":[],"class_list":{"0":"post-202994","1":"product","2":"type-product","3":"status-publish","4":"has-post-thumbnail","6":"product_brand-ancient-wisdom","7":"product_cat-aromaterapi-og-rumdufte","8":"product_cat-baseolier","9":"pa_collection-base-oils-da","10":"pa_made-in-malaysia","11":"pa_size-100ml","13":"first","14":"instock","15":"purchasable","16":"product-type-simple"},"supplier_id":null,"supplier_sku":"BO-06","barcode":null,"atum_controlled":true,"out_stock_date":null,"out_stock_threshold":null,"inheritable":false,"inbound_stock":null,"stock_on_hold":0,"sold_today":0,"sales_last_days":0,"reserved_stock":null,"customer_returns":null,"warehouse_damage":null,"lost_in_post":null,"other_logs":null,"out_stock_days":0,"lost_sales":0,"has_location":null,"update_date":"2026-04-27T06:55:16","atum_locations":[],"atum_stock_status":"instock","restock_status":false,"low_stock_amount":"","sales_update_date":"2025-10-09T03:26:37","calc_backorders":null,"_links":{"self":[{"href":"https:\/\/aromasentia.com\/da\/wp-json\/wp\/v2\/product\/202994","targetHints":{"allow":["GET"]}}],"collection":[{"href":"https:\/\/aromasentia.com\/da\/wp-json\/wp\/v2\/product"}],"about":[{"href":"https:\/\/aromasentia.com\/da\/wp-json\/wp\/v2\/types\/product"}],"replies":[{"embeddable":true,"href":"https:\/\/aromasentia.com\/da\/wp-json\/wp\/v2\/comments?post=202994"}],"version-history":[{"count":0,"href":"https:\/\/aromasentia.com\/da\/wp-json\/wp\/v2\/product\/202994\/revisions"}],"wp:featuredmedia":[{"embeddable":true,"href":"https:\/\/aromasentia.com\/da\/wp-json\/wp\/v2\/media\/259000"}],"wp:attachment":[{"href":"https:\/\/aromasentia.com\/da\/wp-json\/wp\/v2\/media?parent=202994"}],"wp:term":[{"taxonomy":"product_brand","embeddable":true,"href":"https:\/\/aromasentia.com\/da\/wp-json\/wp\/v2\/product_brand?post=202994"},{"taxonomy":"product_cat","embeddable":true,"href":"https:\/\/aromasentia.com\/da\/wp-json\/wp\/v2\/product_cat?post=202994"},{"taxonomy":"product_tag","embeddable":true,"href":"https:\/\/aromasentia.com\/da\/wp-json\/wp\/v2\/product_tag?post=202994"}],"curies":[{"name":"wp","href":"https:\/\/api.w.org\/{rel}","templated":true}]}}