{"id":202977,"date":"2025-03-20T14:37:35","date_gmt":"2025-03-20T14:37:35","guid":{"rendered":"https:\/\/aromasentia.com\/product\/olive-oil-50ml\/"},"modified":"2025-06-22T04:10:55","modified_gmt":"2025-06-22T04:10:55","slug":"olivenolie-50ml","status":"publish","type":"product","link":"https:\/\/aromasentia.com\/da\/olivenolie-50ml\/","title":{"rendered":"Olivenolie &#8211; 50ml"},"content":{"rendered":"<p><strong>Videnskabeligt navn:<\/strong> Olea Europaea<\/p>\n<p><strong>Oprindelse:<\/strong> Spanien &#8211; Oliventr\u00e6er er blevet dyrket omkring Middelhavet siden det 8. \u00e5rtusinde f.Kr. Spanien er den st\u00f8rste producent af olivenolie, efterfulgt af Italien og Gr\u00e6kenland.<\/p>\n<p><strong>Farve og duft:<\/strong>&nbsp; Lys til medium gr\u00f8n,<\/p>\n<p><strong>Tekstur:<\/strong>Tyk, frugtagtig, let pebret<\/p>\n<p>Olivenolie har et h\u00f8jt indhold af sunde fedtsyrer, antiinflammatoriske forbindelser og antioxidanter. Den kan bruges som b\u00e6rerolie til at hydrere din hud, fremskynde s\u00e5rheling og endda bek\u00e6mpe infektioner.<\/p>\n<p>Forskning tyder p\u00e5, at olivenolie kan tjene som en lovende behandling af hudrelaterede tilstande som seboroisk dermatitis, psoriasis, akne og atopisk dermatitis. Det hj\u00e6lper med at forbedre disse hudproblemer ved at reducere inflammation og bek\u00e6mpe bakteriev\u00e6kst.<\/p>\n","protected":false},"excerpt":{"rendered":"<p>Videnskabeligt navn: Olea Europaea Oprindelse: Spanien &#8211; Oliventr\u00e6er er blevet dyrket omkring Middelhavet siden det 8. \u00e5rtusinde f.Kr. Spanien er den st\u00f8rste producent af olivenolie, efterfulgt af Italien og Gr\u00e6kenland. Farve og duft:&nbsp; Lys til medium gr\u00f8n, Tekstur:Tyk, frugtagtig, let pebret Olivenolie har et h\u00f8jt indhold af sunde fedtsyrer, antiinflammatoriske forbindelser og antioxidanter. Den kan [&hellip;]<\/p>\n","protected":false},"featured_media":259269,"comment_status":"closed","ping_status":"open","template":"","meta":{"_angie_page":false},"product_brand":[27094],"product_cat":[6153,7719],"product_tag":[],"class_list":{"0":"post-202977","1":"product","2":"type-product","3":"status-publish","4":"has-post-thumbnail","6":"product_brand-ancient-wisdom","7":"product_cat-aromaterapi-og-rumdufte","8":"product_cat-baseolier","9":"pa_made-in-spanien","10":"pa_size-50ml","12":"first","13":"instock","14":"purchasable","15":"product-type-simple"},"supplier_id":null,"supplier_sku":"BOa-14","barcode":null,"atum_controlled":true,"out_stock_date":null,"out_stock_threshold":null,"inheritable":false,"inbound_stock":null,"stock_on_hold":0,"sold_today":0,"sales_last_days":0,"reserved_stock":null,"customer_returns":null,"warehouse_damage":null,"lost_in_post":null,"other_logs":null,"out_stock_days":0,"lost_sales":0,"has_location":null,"update_date":"2026-04-27T06:55:20","atum_locations":[],"atum_stock_status":"instock","restock_status":false,"low_stock_amount":"","sales_update_date":"2026-01-20T05:14:03","calc_backorders":null,"_links":{"self":[{"href":"https:\/\/aromasentia.com\/da\/wp-json\/wp\/v2\/product\/202977","targetHints":{"allow":["GET"]}}],"collection":[{"href":"https:\/\/aromasentia.com\/da\/wp-json\/wp\/v2\/product"}],"about":[{"href":"https:\/\/aromasentia.com\/da\/wp-json\/wp\/v2\/types\/product"}],"replies":[{"embeddable":true,"href":"https:\/\/aromasentia.com\/da\/wp-json\/wp\/v2\/comments?post=202977"}],"version-history":[{"count":0,"href":"https:\/\/aromasentia.com\/da\/wp-json\/wp\/v2\/product\/202977\/revisions"}],"wp:featuredmedia":[{"embeddable":true,"href":"https:\/\/aromasentia.com\/da\/wp-json\/wp\/v2\/media\/259269"}],"wp:attachment":[{"href":"https:\/\/aromasentia.com\/da\/wp-json\/wp\/v2\/media?parent=202977"}],"wp:term":[{"taxonomy":"product_brand","embeddable":true,"href":"https:\/\/aromasentia.com\/da\/wp-json\/wp\/v2\/product_brand?post=202977"},{"taxonomy":"product_cat","embeddable":true,"href":"https:\/\/aromasentia.com\/da\/wp-json\/wp\/v2\/product_cat?post=202977"},{"taxonomy":"product_tag","embeddable":true,"href":"https:\/\/aromasentia.com\/da\/wp-json\/wp\/v2\/product_tag?post=202977"}],"curies":[{"name":"wp","href":"https:\/\/api.w.org\/{rel}","templated":true}]}}