{"id":202976,"date":"2025-03-20T14:37:35","date_gmt":"2025-03-20T14:37:35","guid":{"rendered":"https:\/\/aromasentia.com\/product\/borage-oil-50ml\/"},"modified":"2025-06-22T04:10:53","modified_gmt":"2025-06-22T04:10:53","slug":"borageolie-50ml","status":"publish","type":"product","link":"https:\/\/aromasentia.com\/da\/borageolie-50ml\/","title":{"rendered":"Borageolie &#8211; 50ml"},"content":{"rendered":"<p><strong>Botanisk navn:&nbsp;<\/strong> Borago Officinalis.<\/p>\n<p><strong>Andre navne:&nbsp;<\/strong>Stjerneblomstolie<\/p>\n<p><strong>Oprindelse:<\/strong> Europa<\/p>\n<p><strong>Farve og duft:&nbsp;<\/strong>lysegul, meget lidt duft med en let s\u00f8d tone.&nbsp;<\/p>\n<p><strong>Tekstur:<\/strong> tynd til medium, noget fedtet p\u00e5 huden<\/p>\n<p>Hurkroneplanten, ogs\u00e5 kendt som stjerneblomst, er en b\u00f8rstet plante, der stammer fra Mellem\u00f8sten. Nu dyrkes planten i de fleste varmere dele af verden, herunder Afrika, Asien, Sydeuropa og Sydamerika.<\/p>\n<p>Hurkroneolie udvindes af plantens fr\u00f8. Den har et meget h\u00f8jt indhold af Omega 6 og indeholder op til 24%. Den siges at virke godt mod forskellige hudproblemer s\u00e5som dermatitis, og den har ogs\u00e5 antiinflammatoriske egenskaber.<\/p>\n<p>Vores boragobaseolie er hentet fra Europa og fremstillet med koldpresset ekstraktionsmetode. Leveres i 100 ml glasflasker og er 100% naturlige.<\/p>\n","protected":false},"excerpt":{"rendered":"<p>Botanisk navn:&nbsp; Borago Officinalis. Andre navne:&nbsp;Stjerneblomstolie Oprindelse: Europa Farve og duft:&nbsp;lysegul, meget lidt duft med en let s\u00f8d tone.&nbsp; Tekstur: tynd til medium, noget fedtet p\u00e5 huden Hurkroneplanten, ogs\u00e5 kendt som stjerneblomst, er en b\u00f8rstet plante, der stammer fra Mellem\u00f8sten. Nu dyrkes planten i de fleste varmere dele af verden, herunder Afrika, Asien, Sydeuropa og [&hellip;]<\/p>\n","protected":false},"featured_media":259260,"comment_status":"closed","ping_status":"open","template":"","meta":{"_angie_page":false},"product_brand":[27094],"product_cat":[6153,7719],"product_tag":[],"class_list":{"0":"post-202976","1":"product","2":"type-product","3":"status-publish","4":"has-post-thumbnail","6":"product_brand-ancient-wisdom","7":"product_cat-aromaterapi-og-rumdufte","8":"product_cat-baseolier","9":"pa_made-in-kina","10":"pa_size-50ml","12":"first","13":"instock","14":"purchasable","15":"product-type-simple"},"supplier_id":null,"supplier_sku":"BOa-13","barcode":null,"atum_controlled":true,"out_stock_date":null,"out_stock_threshold":null,"inheritable":false,"inbound_stock":null,"stock_on_hold":0,"sold_today":0,"sales_last_days":0,"reserved_stock":null,"customer_returns":null,"warehouse_damage":null,"lost_in_post":null,"other_logs":null,"out_stock_days":0,"lost_sales":0,"has_location":null,"update_date":"2026-05-08T05:06:06","atum_locations":[],"atum_stock_status":"instock","restock_status":false,"low_stock_amount":"","sales_update_date":"2026-01-30T01:25:58","calc_backorders":null,"_links":{"self":[{"href":"https:\/\/aromasentia.com\/da\/wp-json\/wp\/v2\/product\/202976","targetHints":{"allow":["GET"]}}],"collection":[{"href":"https:\/\/aromasentia.com\/da\/wp-json\/wp\/v2\/product"}],"about":[{"href":"https:\/\/aromasentia.com\/da\/wp-json\/wp\/v2\/types\/product"}],"replies":[{"embeddable":true,"href":"https:\/\/aromasentia.com\/da\/wp-json\/wp\/v2\/comments?post=202976"}],"version-history":[{"count":0,"href":"https:\/\/aromasentia.com\/da\/wp-json\/wp\/v2\/product\/202976\/revisions"}],"wp:featuredmedia":[{"embeddable":true,"href":"https:\/\/aromasentia.com\/da\/wp-json\/wp\/v2\/media\/259260"}],"wp:attachment":[{"href":"https:\/\/aromasentia.com\/da\/wp-json\/wp\/v2\/media?parent=202976"}],"wp:term":[{"taxonomy":"product_brand","embeddable":true,"href":"https:\/\/aromasentia.com\/da\/wp-json\/wp\/v2\/product_brand?post=202976"},{"taxonomy":"product_cat","embeddable":true,"href":"https:\/\/aromasentia.com\/da\/wp-json\/wp\/v2\/product_cat?post=202976"},{"taxonomy":"product_tag","embeddable":true,"href":"https:\/\/aromasentia.com\/da\/wp-json\/wp\/v2\/product_tag?post=202976"}],"curies":[{"name":"wp","href":"https:\/\/api.w.org\/{rel}","templated":true}]}}