{"id":202975,"date":"2025-03-20T14:37:35","date_gmt":"2025-03-20T14:37:35","guid":{"rendered":"https:\/\/aromasentia.com\/product\/macadamia-oil-50ml\/"},"modified":"2025-06-22T04:10:53","modified_gmt":"2025-06-22T04:10:53","slug":"macadamiaolie-50ml","status":"publish","type":"product","link":"https:\/\/aromasentia.com\/da\/macadamiaolie-50ml\/","title":{"rendered":"macadamiaolie &#8211; 50ml"},"content":{"rendered":"<p><strong>Botanisk navn:<\/strong> Macadamia Integrifolia.<\/p>\n<p><strong>Oprindelse:<\/strong> Australien<\/p>\n<p><strong>Farve og duft:<\/strong> Macadamia-oliens farve er klar med en let gullig nuance. Olien er mere aromatisk end andre n\u00f8ddeolier og er meget s\u00f8d.<\/p>\n<p><strong>Tekstur:<\/strong>Fordi det er en tykkere olie, efterlader den en olieagtig film p\u00e5 huden.<\/p>\n<p>Macadamia-n\u00f8dden blev f\u00f8rst opdaget (af europ\u00e6ere) efter bos\u00e6ttelsen i Australien, selvom den var blevet spist og forarbejdet af de indf\u00f8dte australiere i mange \u00e5r.<br \/>I kosmetik bruges olien generelt i tykkere cremer, da olien er tungere og mere luksuri\u00f8s.<br \/>Macadamia har ogs\u00e5 en vis anvendelse til at blokere solens skadelige str\u00e5ler, s\u00e5 den bruges ofte i solcremer. Nok mest bem\u00e6rkelsesv\u00e6rdigt er det, at olien minder meget om talg, som huden naturligt producerer for at beskytte sig selv.<\/p>\n<p>Vores Macadamia-baseolie er fremstillet i Australien og er koldpresset.<\/p>\n","protected":false},"excerpt":{"rendered":"<p>Botanisk navn: Macadamia Integrifolia. Oprindelse: Australien Farve og duft: Macadamia-oliens farve er klar med en let gullig nuance. Olien er mere aromatisk end andre n\u00f8ddeolier og er meget s\u00f8d. Tekstur:Fordi det er en tykkere olie, efterlader den en olieagtig film p\u00e5 huden. Macadamia-n\u00f8dden blev f\u00f8rst opdaget (af europ\u00e6ere) efter bos\u00e6ttelsen i Australien, selvom den var [&hellip;]<\/p>\n","protected":false},"featured_media":259251,"comment_status":"closed","ping_status":"open","template":"","meta":{"_angie_page":false},"product_brand":[27094],"product_cat":[6153,7719],"product_tag":[],"class_list":{"0":"post-202975","1":"product","2":"type-product","3":"status-publish","4":"has-post-thumbnail","6":"product_brand-ancient-wisdom","7":"product_cat-aromaterapi-og-rumdufte","8":"product_cat-baseolier","9":"pa_made-in-australien","10":"pa_size-50ml","12":"first","13":"outofstock","14":"purchasable","15":"product-type-simple"},"supplier_id":null,"supplier_sku":"BOa-11","barcode":null,"atum_controlled":true,"out_stock_date":"2026-04-25 15:11:50","out_stock_threshold":null,"inheritable":false,"inbound_stock":null,"stock_on_hold":0,"sold_today":0,"sales_last_days":0,"reserved_stock":null,"customer_returns":null,"warehouse_damage":null,"lost_in_post":null,"other_logs":null,"out_stock_days":0,"lost_sales":0,"has_location":null,"update_date":"2026-04-27T06:55:20","atum_locations":[],"atum_stock_status":"outofstock","restock_status":false,"low_stock_amount":"","sales_update_date":"2026-01-30T01:25:57","calc_backorders":null,"_links":{"self":[{"href":"https:\/\/aromasentia.com\/da\/wp-json\/wp\/v2\/product\/202975","targetHints":{"allow":["GET"]}}],"collection":[{"href":"https:\/\/aromasentia.com\/da\/wp-json\/wp\/v2\/product"}],"about":[{"href":"https:\/\/aromasentia.com\/da\/wp-json\/wp\/v2\/types\/product"}],"replies":[{"embeddable":true,"href":"https:\/\/aromasentia.com\/da\/wp-json\/wp\/v2\/comments?post=202975"}],"version-history":[{"count":0,"href":"https:\/\/aromasentia.com\/da\/wp-json\/wp\/v2\/product\/202975\/revisions"}],"wp:featuredmedia":[{"embeddable":true,"href":"https:\/\/aromasentia.com\/da\/wp-json\/wp\/v2\/media\/259251"}],"wp:attachment":[{"href":"https:\/\/aromasentia.com\/da\/wp-json\/wp\/v2\/media?parent=202975"}],"wp:term":[{"taxonomy":"product_brand","embeddable":true,"href":"https:\/\/aromasentia.com\/da\/wp-json\/wp\/v2\/product_brand?post=202975"},{"taxonomy":"product_cat","embeddable":true,"href":"https:\/\/aromasentia.com\/da\/wp-json\/wp\/v2\/product_cat?post=202975"},{"taxonomy":"product_tag","embeddable":true,"href":"https:\/\/aromasentia.com\/da\/wp-json\/wp\/v2\/product_tag?post=202975"}],"curies":[{"name":"wp","href":"https:\/\/api.w.org\/{rel}","templated":true}]}}