{"id":202965,"date":"2025-03-20T14:38:14","date_gmt":"2025-03-20T14:38:14","guid":{"rendered":"https:\/\/aromasentia.com\/product\/argan-oil-1-litre\/"},"modified":"2025-06-22T04:10:45","modified_gmt":"2025-06-22T04:10:45","slug":"arganolie-1-liter","status":"publish","type":"product","link":"https:\/\/aromasentia.com\/da\/arganolie-1-liter\/","title":{"rendered":"Arganolie &#8211; 1 Liter"},"content":{"rendered":"<p>Vores <strong>Argan-baseolier<\/strong> er ideelle til at fortynde \u00e6teriske olier, f\u00f8r de bruges p\u00e5 huden. Alle vores baseolier er 100% naturlige, rene olier.<\/p>\n<p>Arganolie, der menes at v\u00e6re en af de sj\u00e6ldneste olier i verden, er en robust, n\u00f8ddeagtig olie, der hovedsageligt fremstilles i Marokko af n\u00f8dderne fra argantr\u00e6et. Argantr\u00e6er d\u00e6kkede engang store dele af Nordafrika, men de er nu st\u00e6rkt reduceret i antal, deraf den h\u00f8je pris p\u00e5 arganolie.<\/p>\n<p>N\u00f8dden er meget vanskelig at fjerne fra dens robuste frugt, og n\u00f8dderne blev oprindeligt h\u00f8stet, ikke fra tr\u00e6et, men fra efterladenskaberne fra gederne, der klatrede i tr\u00e6erne og spiste frugten. N\u00f8dden er besl\u00e6gtet med oliven, men har en s\u00e6rpr\u00e6get smag; dens olie bruges mest som h\u00e5r- og hudbehandling.<\/p>\n<p>Arganolie kan blive en sk\u00f8nhedseliksir fra top til t\u00e5. Den er fyldt med essentielle fedtsyrer, antioxidanter, vitaminer og mineraler, der fremmer den generelle sundhed ved at fugtgive, bl\u00f8dg\u00f8re samt beskytte hud og h\u00e5r mod solskader uden skadelige toksiner og parabener.<\/p>\n","protected":false},"excerpt":{"rendered":"<p>Vores Argan-baseolier er ideelle til at fortynde \u00e6teriske olier, f\u00f8r de bruges p\u00e5 huden. Alle vores baseolier er 100% naturlige, rene olier. Arganolie, der menes at v\u00e6re en af de sj\u00e6ldneste olier i verden, er en robust, n\u00f8ddeagtig olie, der hovedsageligt fremstilles i Marokko af n\u00f8dderne fra argantr\u00e6et. Argantr\u00e6er d\u00e6kkede engang store dele af Nordafrika, [&hellip;]<\/p>\n","protected":false},"featured_media":259663,"comment_status":"closed","ping_status":"open","template":"","meta":{"_angie_page":false},"product_brand":[27094],"product_cat":[6153,7719],"product_tag":[],"class_list":{"0":"post-202965","1":"product","2":"type-product","3":"status-publish","4":"has-post-thumbnail","6":"product_brand-ancient-wisdom","7":"product_cat-aromaterapi-og-rumdufte","8":"product_cat-baseolier","9":"pa_collection-base-oils-1-litre-da","10":"pa_made-in-marokko","12":"first","13":"instock","14":"purchasable","15":"product-type-simple"},"supplier_id":null,"supplier_sku":"BOz-22","barcode":null,"atum_controlled":true,"out_stock_date":null,"out_stock_threshold":null,"inheritable":false,"inbound_stock":0,"stock_on_hold":0,"sold_today":0,"sales_last_days":0,"reserved_stock":0,"customer_returns":0,"warehouse_damage":0,"lost_in_post":0,"other_logs":0,"out_stock_days":14,"lost_sales":0,"has_location":false,"update_date":"2026-04-27T06:55:40","atum_locations":[],"atum_stock_status":"instock","restock_status":false,"low_stock_amount":"","sales_update_date":"2026-02-06T00:01:51","calc_backorders":null,"_links":{"self":[{"href":"https:\/\/aromasentia.com\/da\/wp-json\/wp\/v2\/product\/202965","targetHints":{"allow":["GET"]}}],"collection":[{"href":"https:\/\/aromasentia.com\/da\/wp-json\/wp\/v2\/product"}],"about":[{"href":"https:\/\/aromasentia.com\/da\/wp-json\/wp\/v2\/types\/product"}],"replies":[{"embeddable":true,"href":"https:\/\/aromasentia.com\/da\/wp-json\/wp\/v2\/comments?post=202965"}],"version-history":[{"count":0,"href":"https:\/\/aromasentia.com\/da\/wp-json\/wp\/v2\/product\/202965\/revisions"}],"wp:featuredmedia":[{"embeddable":true,"href":"https:\/\/aromasentia.com\/da\/wp-json\/wp\/v2\/media\/259663"}],"wp:attachment":[{"href":"https:\/\/aromasentia.com\/da\/wp-json\/wp\/v2\/media?parent=202965"}],"wp:term":[{"taxonomy":"product_brand","embeddable":true,"href":"https:\/\/aromasentia.com\/da\/wp-json\/wp\/v2\/product_brand?post=202965"},{"taxonomy":"product_cat","embeddable":true,"href":"https:\/\/aromasentia.com\/da\/wp-json\/wp\/v2\/product_cat?post=202965"},{"taxonomy":"product_tag","embeddable":true,"href":"https:\/\/aromasentia.com\/da\/wp-json\/wp\/v2\/product_tag?post=202965"}],"curies":[{"name":"wp","href":"https:\/\/api.w.org\/{rel}","templated":true}]}}