{"id":202960,"date":"2025-03-20T14:38:14","date_gmt":"2025-03-20T14:38:14","guid":{"rendered":"https:\/\/aromasentia.com\/product\/hazelnut-oil-1-litre\/"},"modified":"2025-06-22T04:10:42","modified_gmt":"2025-06-22T04:10:42","slug":"hasselnoeddeolie-1-liter","status":"publish","type":"product","link":"https:\/\/aromasentia.com\/da\/hasselnoeddeolie-1-liter\/","title":{"rendered":"Hasseln\u00f8ddeolie &#8211; 1 Liter"},"content":{"rendered":"<p>Vores <strong>hasseln\u00f8ddebaseolier<\/strong> er ideelle til at fortynde \u00e6teriske olier, f\u00f8r de bruges p\u00e5 huden. Alle vores baseolier er 100% naturlige, rene olier.<\/p>\n<p>Den almindelige hasseln\u00f8d dyrkes over hele det europ\u00e6iske og asiatiske kontinent og videre. Den dyrkes prim\u00e6rt for n\u00f8ddens skyld, men har ogs\u00e5 v\u00e6ret brugt i Storbritannien og Europa som h\u00e6kke p\u00e5 landbrugsjord i hundredvis af \u00e5r. Brugen af hasseln\u00f8dder g\u00e5r mindst 9000 \u00e5r tilbage, og der er fundet ark\u00e6ologiske beviser for masseforarbejdning af hasseln\u00f8dder flere steder p\u00e5 de britiske \u00f8er.<\/p>\n<p>Hasseln\u00f8ddeolie er i sig selv en multifunktionel olie. I kosmetik er olien n\u00e6rende for huden med nogle astringerende egenskaber.<\/p>\n","protected":false},"excerpt":{"rendered":"<p>Vores hasseln\u00f8ddebaseolier er ideelle til at fortynde \u00e6teriske olier, f\u00f8r de bruges p\u00e5 huden. Alle vores baseolier er 100% naturlige, rene olier. Den almindelige hasseln\u00f8d dyrkes over hele det europ\u00e6iske og asiatiske kontinent og videre. Den dyrkes prim\u00e6rt for n\u00f8ddens skyld, men har ogs\u00e5 v\u00e6ret brugt i Storbritannien og Europa som h\u00e6kke p\u00e5 landbrugsjord i [&hellip;]<\/p>\n","protected":false},"featured_media":259618,"comment_status":"closed","ping_status":"open","template":"","meta":{"_angie_page":false},"product_brand":[27094],"product_cat":[6153,7719],"product_tag":[],"class_list":{"0":"post-202960","1":"product","2":"type-product","3":"status-publish","4":"has-post-thumbnail","6":"product_brand-ancient-wisdom","7":"product_cat-aromaterapi-og-rumdufte","8":"product_cat-baseolier","9":"pa_collection-base-oils-1-litre-da","10":"pa_made-in-italien","12":"first","13":"instock","14":"purchasable","15":"product-type-simple"},"supplier_id":null,"supplier_sku":"BOz-17","barcode":null,"atum_controlled":true,"out_stock_date":null,"out_stock_threshold":null,"inheritable":false,"inbound_stock":null,"stock_on_hold":0,"sold_today":0,"sales_last_days":0,"reserved_stock":null,"customer_returns":null,"warehouse_damage":null,"lost_in_post":null,"other_logs":null,"out_stock_days":0,"lost_sales":0,"has_location":null,"update_date":"2026-04-27T06:55:31","atum_locations":[],"atum_stock_status":"instock","restock_status":false,"low_stock_amount":"","sales_update_date":"2026-02-06T00:01:29","calc_backorders":null,"_links":{"self":[{"href":"https:\/\/aromasentia.com\/da\/wp-json\/wp\/v2\/product\/202960","targetHints":{"allow":["GET"]}}],"collection":[{"href":"https:\/\/aromasentia.com\/da\/wp-json\/wp\/v2\/product"}],"about":[{"href":"https:\/\/aromasentia.com\/da\/wp-json\/wp\/v2\/types\/product"}],"replies":[{"embeddable":true,"href":"https:\/\/aromasentia.com\/da\/wp-json\/wp\/v2\/comments?post=202960"}],"version-history":[{"count":0,"href":"https:\/\/aromasentia.com\/da\/wp-json\/wp\/v2\/product\/202960\/revisions"}],"wp:featuredmedia":[{"embeddable":true,"href":"https:\/\/aromasentia.com\/da\/wp-json\/wp\/v2\/media\/259618"}],"wp:attachment":[{"href":"https:\/\/aromasentia.com\/da\/wp-json\/wp\/v2\/media?parent=202960"}],"wp:term":[{"taxonomy":"product_brand","embeddable":true,"href":"https:\/\/aromasentia.com\/da\/wp-json\/wp\/v2\/product_brand?post=202960"},{"taxonomy":"product_cat","embeddable":true,"href":"https:\/\/aromasentia.com\/da\/wp-json\/wp\/v2\/product_cat?post=202960"},{"taxonomy":"product_tag","embeddable":true,"href":"https:\/\/aromasentia.com\/da\/wp-json\/wp\/v2\/product_tag?post=202960"}],"curies":[{"name":"wp","href":"https:\/\/api.w.org\/{rel}","templated":true}]}}