{"id":202958,"date":"2025-03-20T14:38:14","date_gmt":"2025-03-20T14:38:14","guid":{"rendered":"https:\/\/aromasentia.com\/product\/calendula-oil-1-litre\/"},"modified":"2025-06-22T04:10:41","modified_gmt":"2025-06-22T04:10:41","slug":"morgenfrueolie-1-liter","status":"publish","type":"product","link":"https:\/\/aromasentia.com\/da\/morgenfrueolie-1-liter\/","title":{"rendered":"morgenfrueolie &#8211; 1 Liter"},"content":{"rendered":"<p>Vores <strong>Calendula-baseolier<\/strong> er ideelle til at fortynde \u00e6teriske olier, f\u00f8r de bruges p\u00e5 huden. Alle vores baseolier er 100% naturlige, rene olier.<\/p>\n<p>Selve olien er ret alsidig. Den kan bruges til at behandle hudproblemer og har desuden antiinflammatoriske og antibakterielle egenskaber. Calendula-olie bruges i vid udstr\u00e6kning i kosmetikindustrien af ovenst\u00e5ende \u00e5rsager, samtidig med at den er astringerende og opstrammende for huden.<\/p>\n","protected":false},"excerpt":{"rendered":"<p>Vores Calendula-baseolier er ideelle til at fortynde \u00e6teriske olier, f\u00f8r de bruges p\u00e5 huden. Alle vores baseolier er 100% naturlige, rene olier. Selve olien er ret alsidig. Den kan bruges til at behandle hudproblemer og har desuden antiinflammatoriske og antibakterielle egenskaber. Calendula-olie bruges i vid udstr\u00e6kning i kosmetikindustrien af ovenst\u00e5ende \u00e5rsager, samtidig med at den [&hellip;]<\/p>\n","protected":false},"featured_media":259600,"comment_status":"closed","ping_status":"open","template":"","meta":{"_angie_page":false},"product_brand":[27094],"product_cat":[6153,7719],"product_tag":[],"class_list":{"0":"post-202958","1":"product","2":"type-product","3":"status-publish","4":"has-post-thumbnail","6":"product_brand-ancient-wisdom","7":"product_cat-aromaterapi-og-rumdufte","8":"product_cat-baseolier","9":"pa_collection-base-oils-1-litre-da","10":"pa_made-in-polen","12":"first","13":"instock","14":"purchasable","15":"product-type-simple"},"supplier_id":null,"supplier_sku":"BOz-15","barcode":null,"atum_controlled":true,"out_stock_date":null,"out_stock_threshold":null,"inheritable":false,"inbound_stock":null,"stock_on_hold":0,"sold_today":0,"sales_last_days":0,"reserved_stock":null,"customer_returns":null,"warehouse_damage":null,"lost_in_post":null,"other_logs":null,"out_stock_days":0,"lost_sales":0,"has_location":null,"update_date":"2026-04-27T06:55:31","atum_locations":[],"atum_stock_status":"instock","restock_status":false,"low_stock_amount":"","sales_update_date":"2025-10-09T03:26:54","calc_backorders":null,"_links":{"self":[{"href":"https:\/\/aromasentia.com\/da\/wp-json\/wp\/v2\/product\/202958","targetHints":{"allow":["GET"]}}],"collection":[{"href":"https:\/\/aromasentia.com\/da\/wp-json\/wp\/v2\/product"}],"about":[{"href":"https:\/\/aromasentia.com\/da\/wp-json\/wp\/v2\/types\/product"}],"replies":[{"embeddable":true,"href":"https:\/\/aromasentia.com\/da\/wp-json\/wp\/v2\/comments?post=202958"}],"version-history":[{"count":0,"href":"https:\/\/aromasentia.com\/da\/wp-json\/wp\/v2\/product\/202958\/revisions"}],"wp:featuredmedia":[{"embeddable":true,"href":"https:\/\/aromasentia.com\/da\/wp-json\/wp\/v2\/media\/259600"}],"wp:attachment":[{"href":"https:\/\/aromasentia.com\/da\/wp-json\/wp\/v2\/media?parent=202958"}],"wp:term":[{"taxonomy":"product_brand","embeddable":true,"href":"https:\/\/aromasentia.com\/da\/wp-json\/wp\/v2\/product_brand?post=202958"},{"taxonomy":"product_cat","embeddable":true,"href":"https:\/\/aromasentia.com\/da\/wp-json\/wp\/v2\/product_cat?post=202958"},{"taxonomy":"product_tag","embeddable":true,"href":"https:\/\/aromasentia.com\/da\/wp-json\/wp\/v2\/product_tag?post=202958"}],"curies":[{"name":"wp","href":"https:\/\/api.w.org\/{rel}","templated":true}]}}