{"id":202957,"date":"2025-03-20T14:38:14","date_gmt":"2025-03-20T14:38:14","guid":{"rendered":"https:\/\/aromasentia.com\/product\/olive-oil-1-litre\/"},"modified":"2025-06-22T04:10:41","modified_gmt":"2025-06-22T04:10:41","slug":"olivenolie-1-liter","status":"publish","type":"product","link":"https:\/\/aromasentia.com\/da\/olivenolie-1-liter\/","title":{"rendered":"Olivenolie &#8211; 1 Liter"},"content":{"rendered":"<p>Vores <strong>olivenoliebaseolier<\/strong> er ideelle til at fortynde \u00e6teriske olier, f\u00f8r de bruges p\u00e5 huden. Alle vores baseolier er 100% naturlige, rene olier.<\/p>\n<p>Oliventr\u00e6et er hjemmeh\u00f8rende i Middelhavsomr\u00e5det i Europa og Lilleasien og har v\u00e6ret brugt til mad og andre anvendelser siden 8000 f.Kr. og domesticeret omkring 2500 f.Kr. Olien bruges almindeligvis i madlavning, kosmetik, l\u00e6gemidler og som br\u00e6ndstof fra traditionelle olielamper.<\/p>\n<p>Olivenolie er fantastisk til huden, da den hj\u00e6lper med at holde huden bl\u00f8d, smidig og fugtet. Den virker ogs\u00e5 p\u00e5 h\u00e5ret. Olivenolie er et godt supplement til mange kosmetiske produkter, da den har tendens til at v\u00e6re meget stabil.<\/p>\n","protected":false},"excerpt":{"rendered":"<p>Vores olivenoliebaseolier er ideelle til at fortynde \u00e6teriske olier, f\u00f8r de bruges p\u00e5 huden. Alle vores baseolier er 100% naturlige, rene olier. Oliventr\u00e6et er hjemmeh\u00f8rende i Middelhavsomr\u00e5det i Europa og Lilleasien og har v\u00e6ret brugt til mad og andre anvendelser siden 8000 f.Kr. og domesticeret omkring 2500 f.Kr. Olien bruges almindeligvis i madlavning, kosmetik, l\u00e6gemidler [&hellip;]<\/p>\n","protected":false},"featured_media":259591,"comment_status":"closed","ping_status":"open","template":"","meta":{"_angie_page":false},"product_brand":[27094],"product_cat":[6153,7719],"product_tag":[],"class_list":{"0":"post-202957","1":"product","2":"type-product","3":"status-publish","4":"has-post-thumbnail","6":"product_brand-ancient-wisdom","7":"product_cat-aromaterapi-og-rumdufte","8":"product_cat-baseolier","9":"pa_collection-base-oils-1-litre-da","10":"pa_made-in-spanien","12":"first","13":"instock","14":"purchasable","15":"product-type-simple"},"supplier_id":null,"supplier_sku":"BOz-14","barcode":null,"atum_controlled":true,"out_stock_date":null,"out_stock_threshold":null,"inheritable":false,"inbound_stock":null,"stock_on_hold":0,"sold_today":0,"sales_last_days":0,"reserved_stock":null,"customer_returns":null,"warehouse_damage":null,"lost_in_post":null,"other_logs":null,"out_stock_days":0,"lost_sales":0,"has_location":null,"update_date":"2026-04-27T06:55:31","atum_locations":[],"atum_stock_status":"instock","restock_status":false,"low_stock_amount":"","sales_update_date":"2026-01-20T05:13:16","calc_backorders":null,"_links":{"self":[{"href":"https:\/\/aromasentia.com\/da\/wp-json\/wp\/v2\/product\/202957","targetHints":{"allow":["GET"]}}],"collection":[{"href":"https:\/\/aromasentia.com\/da\/wp-json\/wp\/v2\/product"}],"about":[{"href":"https:\/\/aromasentia.com\/da\/wp-json\/wp\/v2\/types\/product"}],"replies":[{"embeddable":true,"href":"https:\/\/aromasentia.com\/da\/wp-json\/wp\/v2\/comments?post=202957"}],"version-history":[{"count":0,"href":"https:\/\/aromasentia.com\/da\/wp-json\/wp\/v2\/product\/202957\/revisions"}],"wp:featuredmedia":[{"embeddable":true,"href":"https:\/\/aromasentia.com\/da\/wp-json\/wp\/v2\/media\/259591"}],"wp:attachment":[{"href":"https:\/\/aromasentia.com\/da\/wp-json\/wp\/v2\/media?parent=202957"}],"wp:term":[{"taxonomy":"product_brand","embeddable":true,"href":"https:\/\/aromasentia.com\/da\/wp-json\/wp\/v2\/product_brand?post=202957"},{"taxonomy":"product_cat","embeddable":true,"href":"https:\/\/aromasentia.com\/da\/wp-json\/wp\/v2\/product_cat?post=202957"},{"taxonomy":"product_tag","embeddable":true,"href":"https:\/\/aromasentia.com\/da\/wp-json\/wp\/v2\/product_tag?post=202957"}],"curies":[{"name":"wp","href":"https:\/\/api.w.org\/{rel}","templated":true}]}}