{"id":202954,"date":"2025-03-20T14:38:14","date_gmt":"2025-03-20T14:38:14","guid":{"rendered":"https:\/\/aromasentia.com\/product\/evening-primrose-1-litre\/"},"modified":"2025-06-22T04:10:38","modified_gmt":"2025-06-22T04:10:38","slug":"kaempenatlys-1-liter","status":"publish","type":"product","link":"https:\/\/aromasentia.com\/da\/kaempenatlys-1-liter\/","title":{"rendered":"K\u00e6mpenatlys 1 Liter"},"content":{"rendered":"<p>Vores **Aftenlys** baseolier er ideelle til at fortynde \u00e6teriske olier, f\u00f8r de bruges p\u00e5 huden. Alle vores baseolier er 100% naturlige, rene olier.<\/p>\n<p>Almindelig aftenlys, ogs\u00e5 kendt som aftenstjerne, er en to\u00e5rig plante, der er almindelig i Nordamerika og andre tempererede lande. Planten kaldes aftenlys, da blomsterne \u00e5bner sig helt om natten og lukker sig igen om morgenen den n\u00e6ste dag.<\/p>\n<p>Aftenlysolie siges at have mange egenskaber. Blandt dem er en r\u00e6kke positive virkninger p\u00e5 huden, s\u00e5som at hj\u00e6lpe med sk\u00e6l, eksem og psoriasis. Indtaget indvortes siges det ogs\u00e5 at bek\u00e6mpe degenerative sygdomme, hjertesygdomme og kolesterol.<\/p>\n","protected":false},"excerpt":{"rendered":"<p>Vores **Aftenlys** baseolier er ideelle til at fortynde \u00e6teriske olier, f\u00f8r de bruges p\u00e5 huden. Alle vores baseolier er 100% naturlige, rene olier. Almindelig aftenlys, ogs\u00e5 kendt som aftenstjerne, er en to\u00e5rig plante, der er almindelig i Nordamerika og andre tempererede lande. Planten kaldes aftenlys, da blomsterne \u00e5bner sig helt om natten og lukker sig [&hellip;]<\/p>\n","protected":false},"featured_media":259564,"comment_status":"closed","ping_status":"open","template":"","meta":{"_angie_page":false},"product_brand":[27094],"product_cat":[6153,7719,26830,25839,25984],"product_tag":[],"class_list":{"0":"post-202954","1":"product","2":"type-product","3":"status-publish","4":"has-post-thumbnail","6":"product_brand-ancient-wisdom","7":"product_cat-aromaterapi-og-rumdufte","8":"product_cat-baseolier","9":"product_cat-blomster","10":"product_cat-dufte-aromaer","11":"product_cat-rose","12":"pa_collection-base-oils-1-litre-da","13":"pa_made-in-kina","15":"first","16":"instock","17":"purchasable","18":"product-type-simple"},"supplier_id":null,"supplier_sku":"BOz-10","barcode":null,"atum_controlled":true,"out_stock_date":null,"out_stock_threshold":null,"inheritable":false,"inbound_stock":null,"stock_on_hold":0,"sold_today":0,"sales_last_days":0,"reserved_stock":null,"customer_returns":null,"warehouse_damage":null,"lost_in_post":null,"other_logs":null,"out_stock_days":0,"lost_sales":0,"has_location":null,"update_date":"2026-04-27T06:55:31","atum_locations":[],"atum_stock_status":"instock","restock_status":false,"low_stock_amount":"","sales_update_date":"2026-02-06T00:01:23","calc_backorders":null,"_links":{"self":[{"href":"https:\/\/aromasentia.com\/da\/wp-json\/wp\/v2\/product\/202954","targetHints":{"allow":["GET"]}}],"collection":[{"href":"https:\/\/aromasentia.com\/da\/wp-json\/wp\/v2\/product"}],"about":[{"href":"https:\/\/aromasentia.com\/da\/wp-json\/wp\/v2\/types\/product"}],"replies":[{"embeddable":true,"href":"https:\/\/aromasentia.com\/da\/wp-json\/wp\/v2\/comments?post=202954"}],"version-history":[{"count":0,"href":"https:\/\/aromasentia.com\/da\/wp-json\/wp\/v2\/product\/202954\/revisions"}],"wp:featuredmedia":[{"embeddable":true,"href":"https:\/\/aromasentia.com\/da\/wp-json\/wp\/v2\/media\/259564"}],"wp:attachment":[{"href":"https:\/\/aromasentia.com\/da\/wp-json\/wp\/v2\/media?parent=202954"}],"wp:term":[{"taxonomy":"product_brand","embeddable":true,"href":"https:\/\/aromasentia.com\/da\/wp-json\/wp\/v2\/product_brand?post=202954"},{"taxonomy":"product_cat","embeddable":true,"href":"https:\/\/aromasentia.com\/da\/wp-json\/wp\/v2\/product_cat?post=202954"},{"taxonomy":"product_tag","embeddable":true,"href":"https:\/\/aromasentia.com\/da\/wp-json\/wp\/v2\/product_tag?post=202954"}],"curies":[{"name":"wp","href":"https:\/\/api.w.org\/{rel}","templated":true}]}}