{"id":202952,"date":"2025-03-20T14:38:14","date_gmt":"2025-03-20T14:38:14","guid":{"rendered":"https:\/\/aromasentia.com\/product\/avocado-1-litre\/"},"modified":"2025-06-22T04:10:37","modified_gmt":"2025-06-22T04:10:37","slug":"avocado-1-liter","status":"publish","type":"product","link":"https:\/\/aromasentia.com\/da\/avocado-1-liter\/","title":{"rendered":"Avocado 1 Liter"},"content":{"rendered":"<p>Vores <strong>Avocado-baseolier<\/strong> er ideelle til at fortynde \u00e6teriske olier, f\u00f8r de bruges p\u00e5 huden. Alle vores baseolier er 100% naturlige, rene olier.<\/p>\n<p>Avocadoen stammer oprindeligt fra Mexico, og s\u00e5 vidt vi kan se, n\u00e5ede den ikke vej til Europa f\u00f8r engang i begyndelsen af det 16. \u00e5rhundrede. St\u00f8rstedelen af avocadoafgr\u00f8der i dag kommer stadig fra Central- og Sydamerika, og mange hundrede \u00e5rs selektiv avl og forskellige klimaer har produceret <br \/>flere forskellige typer frugt.<\/p>\n<p>Avocadoolie er god til huden. Den absorberes let og hj\u00e6lper med hudproblemer s\u00e5som eksem. Den er ogs\u00e5 god til aldrende hud, da den siges at hj\u00e6lpe med at forbedre hudens elasticitet.<\/p>\n","protected":false},"excerpt":{"rendered":"<p>Vores Avocado-baseolier er ideelle til at fortynde \u00e6teriske olier, f\u00f8r de bruges p\u00e5 huden. Alle vores baseolier er 100% naturlige, rene olier. Avocadoen stammer oprindeligt fra Mexico, og s\u00e5 vidt vi kan se, n\u00e5ede den ikke vej til Europa f\u00f8r engang i begyndelsen af det 16. \u00e5rhundrede. St\u00f8rstedelen af avocadoafgr\u00f8der i dag kommer stadig fra [&hellip;]<\/p>\n","protected":false},"featured_media":259546,"comment_status":"closed","ping_status":"open","template":"","meta":{"_angie_page":false},"product_brand":[27094],"product_cat":[6153,7719],"product_tag":[],"class_list":{"0":"post-202952","1":"product","2":"type-product","3":"status-publish","4":"has-post-thumbnail","6":"product_brand-ancient-wisdom","7":"product_cat-aromaterapi-og-rumdufte","8":"product_cat-baseolier","9":"pa_collection-base-oils-1-litre-da","10":"pa_made-in-sydafrika","12":"first","13":"instock","14":"purchasable","15":"product-type-simple"},"supplier_id":null,"supplier_sku":"BOz-08","barcode":null,"atum_controlled":true,"out_stock_date":null,"out_stock_threshold":null,"inheritable":false,"inbound_stock":null,"stock_on_hold":0,"sold_today":0,"sales_last_days":0,"reserved_stock":null,"customer_returns":null,"warehouse_damage":null,"lost_in_post":null,"other_logs":null,"out_stock_days":0,"lost_sales":0,"has_location":null,"update_date":"2026-04-27T06:55:31","atum_locations":[],"atum_stock_status":"instock","restock_status":false,"low_stock_amount":"","sales_update_date":"2025-10-09T03:26:53","calc_backorders":null,"_links":{"self":[{"href":"https:\/\/aromasentia.com\/da\/wp-json\/wp\/v2\/product\/202952","targetHints":{"allow":["GET"]}}],"collection":[{"href":"https:\/\/aromasentia.com\/da\/wp-json\/wp\/v2\/product"}],"about":[{"href":"https:\/\/aromasentia.com\/da\/wp-json\/wp\/v2\/types\/product"}],"replies":[{"embeddable":true,"href":"https:\/\/aromasentia.com\/da\/wp-json\/wp\/v2\/comments?post=202952"}],"version-history":[{"count":0,"href":"https:\/\/aromasentia.com\/da\/wp-json\/wp\/v2\/product\/202952\/revisions"}],"wp:featuredmedia":[{"embeddable":true,"href":"https:\/\/aromasentia.com\/da\/wp-json\/wp\/v2\/media\/259546"}],"wp:attachment":[{"href":"https:\/\/aromasentia.com\/da\/wp-json\/wp\/v2\/media?parent=202952"}],"wp:term":[{"taxonomy":"product_brand","embeddable":true,"href":"https:\/\/aromasentia.com\/da\/wp-json\/wp\/v2\/product_brand?post=202952"},{"taxonomy":"product_cat","embeddable":true,"href":"https:\/\/aromasentia.com\/da\/wp-json\/wp\/v2\/product_cat?post=202952"},{"taxonomy":"product_tag","embeddable":true,"href":"https:\/\/aromasentia.com\/da\/wp-json\/wp\/v2\/product_tag?post=202952"}],"curies":[{"name":"wp","href":"https:\/\/api.w.org\/{rel}","templated":true}]}}