{"id":202951,"date":"2025-03-20T14:38:14","date_gmt":"2025-03-20T14:38:14","guid":{"rendered":"https:\/\/aromasentia.com\/product\/hempseed-1-litre\/"},"modified":"2025-06-22T04:10:35","modified_gmt":"2025-06-22T04:10:35","slug":"hampefroe-1-liter","status":"publish","type":"product","link":"https:\/\/aromasentia.com\/da\/hampefroe-1-liter\/","title":{"rendered":"Hampefr\u00f8 1 Liter"},"content":{"rendered":"<p>Vores <strong>hampfr\u00f8baseolier<\/strong>er ideelle til at fortynde \u00e6teriske olier, f\u00f8r de bruges p\u00e5 huden. Alle vores baseolier er 100% naturlige, rene olier.<\/p>\n<p>Hamp har v\u00e6ret brugt over hele verden i mange \u00e5r. Det er en meget nyttig plante, og den dag i dag bruges den stadig til alt fra h\u00f8jstyrkefibre, plastik og br\u00e6ndstoffer til dyrestr\u00f8else, jordrensning og smykker. Den har bogstaveligt talt s\u00e5 mange anvendelser, at de ikke alle passer p\u00e5 denne side.<\/p>\n<p>Hampfr\u00f8olie i sig selv er lige s\u00e5 nyttig. I sin raffinerede form bruges den generelt i kosmetiske og personlige plejeprodukter og i aromaterapi. Det er ogs\u00e5 en fantastisk hudfugtighedscreme.<\/p>\n<p><\/p>\n","protected":false},"excerpt":{"rendered":"<p>Vores hampfr\u00f8baseolierer ideelle til at fortynde \u00e6teriske olier, f\u00f8r de bruges p\u00e5 huden. Alle vores baseolier er 100% naturlige, rene olier. Hamp har v\u00e6ret brugt over hele verden i mange \u00e5r. Det er en meget nyttig plante, og den dag i dag bruges den stadig til alt fra h\u00f8jstyrkefibre, plastik og br\u00e6ndstoffer til dyrestr\u00f8else, jordrensning [&hellip;]<\/p>\n","protected":false},"featured_media":259537,"comment_status":"closed","ping_status":"open","template":"","meta":{"_angie_page":false},"product_brand":[27094],"product_cat":[6153,7719],"product_tag":[],"class_list":{"0":"post-202951","1":"product","2":"type-product","3":"status-publish","4":"has-post-thumbnail","6":"product_brand-ancient-wisdom","7":"product_cat-aromaterapi-og-rumdufte","8":"product_cat-baseolier","9":"pa_collection-base-oils-1-litre-da","10":"pa_made-in-holland","12":"first","13":"instock","14":"purchasable","15":"product-type-simple"},"supplier_id":null,"supplier_sku":"BOz-07","barcode":null,"atum_controlled":true,"out_stock_date":null,"out_stock_threshold":null,"inheritable":false,"inbound_stock":null,"stock_on_hold":0,"sold_today":0,"sales_last_days":0,"reserved_stock":null,"customer_returns":null,"warehouse_damage":null,"lost_in_post":null,"other_logs":null,"out_stock_days":0,"lost_sales":0,"has_location":null,"update_date":"2026-05-01T01:01:25","atum_locations":[],"atum_stock_status":"instock","restock_status":false,"low_stock_amount":"","sales_update_date":"2026-01-30T01:24:29","calc_backorders":null,"_links":{"self":[{"href":"https:\/\/aromasentia.com\/da\/wp-json\/wp\/v2\/product\/202951","targetHints":{"allow":["GET"]}}],"collection":[{"href":"https:\/\/aromasentia.com\/da\/wp-json\/wp\/v2\/product"}],"about":[{"href":"https:\/\/aromasentia.com\/da\/wp-json\/wp\/v2\/types\/product"}],"replies":[{"embeddable":true,"href":"https:\/\/aromasentia.com\/da\/wp-json\/wp\/v2\/comments?post=202951"}],"version-history":[{"count":0,"href":"https:\/\/aromasentia.com\/da\/wp-json\/wp\/v2\/product\/202951\/revisions"}],"wp:featuredmedia":[{"embeddable":true,"href":"https:\/\/aromasentia.com\/da\/wp-json\/wp\/v2\/media\/259537"}],"wp:attachment":[{"href":"https:\/\/aromasentia.com\/da\/wp-json\/wp\/v2\/media?parent=202951"}],"wp:term":[{"taxonomy":"product_brand","embeddable":true,"href":"https:\/\/aromasentia.com\/da\/wp-json\/wp\/v2\/product_brand?post=202951"},{"taxonomy":"product_cat","embeddable":true,"href":"https:\/\/aromasentia.com\/da\/wp-json\/wp\/v2\/product_cat?post=202951"},{"taxonomy":"product_tag","embeddable":true,"href":"https:\/\/aromasentia.com\/da\/wp-json\/wp\/v2\/product_tag?post=202951"}],"curies":[{"name":"wp","href":"https:\/\/api.w.org\/{rel}","templated":true}]}}