{"id":202945,"date":"2025-03-20T14:38:14","date_gmt":"2025-03-20T14:38:14","guid":{"rendered":"https:\/\/aromasentia.com\/product\/grapeseed-1-litre\/"},"modified":"2025-06-22T04:10:30","modified_gmt":"2025-06-22T04:10:30","slug":"vindruekerne-1-liter","status":"publish","type":"product","link":"https:\/\/aromasentia.com\/da\/vindruekerne-1-liter\/","title":{"rendered":"Vindruekerne 1 Liter"},"content":{"rendered":"<p><span style=\"color: rgb(75, 80, 88);\"><em>Latinsk navn: Vitis Vinifera<\/em><\/span><\/p>\n<p><span style=\"color: rgb(75, 80, 88);\">Som navnet antyder, udvindes <strong>vindruekerneolie<\/strong> fra kernerne i frugten af den almindelige vinstok.<\/span><\/p>\n<p><span style=\"color: rgb(75, 80, 88);\">Druer er blevet h\u00f8stet og brugt af mennesker til mad, medicin og forskellige andre ting i over 10.000 \u00e5r. Forskellige dele af planten er blevet tilskrevet en bred vifte af medicinske virkninger, lige fra at stoppe bl\u00f8dninger til at behandle kopper.<\/span><\/p>\n<p><span style=\"color: rgb(75, 80, 88);\">Den er ogs\u00e5 god mod huden. Den fedter ikke og efterlader huden bl\u00f8d. Olien er ogs\u00e5 god til madlavning, da den ikke indeholder kolesterol.<\/span><\/p>\n<p><span style=\"color: rgb(75, 80, 88);\">Vores vindruekerneolie er fremstillet med koldpresset ekstraktionsmetode.<\/span><\/p>\n<p><\/p>\n","protected":false},"excerpt":{"rendered":"<p>Latinsk navn: Vitis Vinifera Som navnet antyder, udvindes vindruekerneolie fra kernerne i frugten af den almindelige vinstok. Druer er blevet h\u00f8stet og brugt af mennesker til mad, medicin og forskellige andre ting i over 10.000 \u00e5r. Forskellige dele af planten er blevet tilskrevet en bred vifte af medicinske virkninger, lige fra at stoppe bl\u00f8dninger til [&hellip;]<\/p>\n","protected":false},"featured_media":259491,"comment_status":"closed","ping_status":"open","template":"","meta":{"_angie_page":false},"product_brand":[27094],"product_cat":[6153,7719],"product_tag":[],"class_list":{"0":"post-202945","1":"product","2":"type-product","3":"status-publish","4":"has-post-thumbnail","6":"product_brand-ancient-wisdom","7":"product_cat-aromaterapi-og-rumdufte","8":"product_cat-baseolier","9":"pa_collection-base-oils-1-litre-da","10":"pa_made-in-spanien","12":"first","13":"instock","14":"purchasable","15":"product-type-simple"},"supplier_id":null,"supplier_sku":"BOz-01","barcode":null,"atum_controlled":true,"out_stock_date":null,"out_stock_threshold":null,"inheritable":false,"inbound_stock":null,"stock_on_hold":0,"sold_today":0,"sales_last_days":0,"reserved_stock":null,"customer_returns":null,"warehouse_damage":null,"lost_in_post":null,"other_logs":null,"out_stock_days":0,"lost_sales":0,"has_location":null,"update_date":"2026-04-27T06:55:31","atum_locations":[],"atum_stock_status":"instock","restock_status":false,"low_stock_amount":"","sales_update_date":"2025-10-09T03:26:50","calc_backorders":null,"_links":{"self":[{"href":"https:\/\/aromasentia.com\/da\/wp-json\/wp\/v2\/product\/202945","targetHints":{"allow":["GET"]}}],"collection":[{"href":"https:\/\/aromasentia.com\/da\/wp-json\/wp\/v2\/product"}],"about":[{"href":"https:\/\/aromasentia.com\/da\/wp-json\/wp\/v2\/types\/product"}],"replies":[{"embeddable":true,"href":"https:\/\/aromasentia.com\/da\/wp-json\/wp\/v2\/comments?post=202945"}],"version-history":[{"count":0,"href":"https:\/\/aromasentia.com\/da\/wp-json\/wp\/v2\/product\/202945\/revisions"}],"wp:featuredmedia":[{"embeddable":true,"href":"https:\/\/aromasentia.com\/da\/wp-json\/wp\/v2\/media\/259491"}],"wp:attachment":[{"href":"https:\/\/aromasentia.com\/da\/wp-json\/wp\/v2\/media?parent=202945"}],"wp:term":[{"taxonomy":"product_brand","embeddable":true,"href":"https:\/\/aromasentia.com\/da\/wp-json\/wp\/v2\/product_brand?post=202945"},{"taxonomy":"product_cat","embeddable":true,"href":"https:\/\/aromasentia.com\/da\/wp-json\/wp\/v2\/product_cat?post=202945"},{"taxonomy":"product_tag","embeddable":true,"href":"https:\/\/aromasentia.com\/da\/wp-json\/wp\/v2\/product_tag?post=202945"}],"curies":[{"name":"wp","href":"https:\/\/api.w.org\/{rel}","templated":true}]}}