{"id":202943,"date":"2025-03-20T14:38:14","date_gmt":"2025-03-20T14:38:14","guid":{"rendered":"https:\/\/aromasentia.com\/product\/mango-aromathrapy-box-floral-holds-241\/"},"modified":"2025-06-22T04:10:30","modified_gmt":"2025-06-22T04:10:30","slug":"mango-aromathrapy-box-floral-rummer-241","status":"publish","type":"product","link":"https:\/\/aromasentia.com\/da\/mango-aromathrapy-box-floral-rummer-241\/","title":{"rendered":"Mango Aromathrapy Box &#8211; Floral (Rummer 24+1)"},"content":{"rendered":"<p><strong>Aromaterapi blomsterudsk\u00e5ret \u00e6ske, rummer 24+1 (10 ml flasker)<\/strong> <\/p>\n<p>Disse \u00e6sker er lavet af mangotr\u00e6 og er udsmykket med h\u00e5ndsk\u00e5rne designs. Disse smukke \u00e6sker vil se smukke ud i sovev\u00e6relset eller p\u00e5kl\u00e6dningsv\u00e6relset eller i ethvert andet rum.<\/p>\n<p>De er designet af <strong>Aroma Sentia-ping<\/strong> til at passe perfekt til 10 ml flasker med \u00e6teriske olier, blandinger af \u00e6teriske olier eller duftolier.<\/p>\n<p>Fantastisk til at lave dine egne \u00e6teriske olies\u00e6t eller gaves\u00e6t<\/p>\n<p>V\u00e6r opm\u00e6rksom p\u00e5, at designene varierer p\u00e5 grund af disse \u00e6skers h\u00e5ndlavede natur.<\/p>\n<p>Bem\u00e6rk venligst, at disse \u00e6sker kan rumme en kombination af 10 ml flasker med en maksimal h\u00f8jde p\u00e5 65 mm og en omtrentlig diameter p\u00e5 25 mm.<\/p>\n<p><strong>Penge vokser ikke p\u00e5 tr\u00e6er, men vores \u00e6sker og mange af vores olier g\u00f8r, s\u00e5 g\u00e5 ud og k\u00f8b nogle<\/strong>?<\/p>\n","protected":false},"excerpt":{"rendered":"<p>Aromaterapi blomsterudsk\u00e5ret \u00e6ske, rummer 24+1 (10 ml flasker) Disse \u00e6sker er lavet af mangotr\u00e6 og er udsmykket med h\u00e5ndsk\u00e5rne designs. Disse smukke \u00e6sker vil se smukke ud i sovev\u00e6relset eller p\u00e5kl\u00e6dningsv\u00e6relset eller i ethvert andet rum. De er designet af Aroma Sentia-ping til at passe perfekt til 10 ml flasker med \u00e6teriske olier, blandinger af [&hellip;]<\/p>\n","protected":false},"featured_media":259473,"comment_status":"closed","ping_status":"open","template":"","meta":[],"product_brand":[],"product_cat":[5582,5583],"product_tag":[],"class_list":{"0":"post-202943","1":"product","2":"type-product","3":"status-publish","4":"has-post-thumbnail","6":"product_cat-gaveindpakning","7":"product_cat-gaveopbevaring-og-traeaesker","8":"pa_collection-aromatherapy-boxes-da","9":"pa_made-in-indien","11":"first","12":"instock","13":"purchasable","14":"product-type-simple"},"supplier_id":null,"supplier_sku":"Abox-06","barcode":null,"atum_controlled":true,"out_stock_date":null,"out_stock_threshold":null,"inheritable":false,"inbound_stock":null,"stock_on_hold":0,"sold_today":0,"sales_last_days":0,"reserved_stock":null,"customer_returns":null,"warehouse_damage":null,"lost_in_post":null,"other_logs":null,"out_stock_days":0,"lost_sales":0,"has_location":null,"update_date":"2026-02-10T11:24:10","atum_locations":[],"atum_stock_status":"instock","restock_status":false,"low_stock_amount":"","sales_update_date":"2026-01-20T05:13:18","calc_backorders":null,"_links":{"self":[{"href":"https:\/\/aromasentia.com\/da\/wp-json\/wp\/v2\/product\/202943","targetHints":{"allow":["GET"]}}],"collection":[{"href":"https:\/\/aromasentia.com\/da\/wp-json\/wp\/v2\/product"}],"about":[{"href":"https:\/\/aromasentia.com\/da\/wp-json\/wp\/v2\/types\/product"}],"replies":[{"embeddable":true,"href":"https:\/\/aromasentia.com\/da\/wp-json\/wp\/v2\/comments?post=202943"}],"version-history":[{"count":0,"href":"https:\/\/aromasentia.com\/da\/wp-json\/wp\/v2\/product\/202943\/revisions"}],"wp:featuredmedia":[{"embeddable":true,"href":"https:\/\/aromasentia.com\/da\/wp-json\/wp\/v2\/media\/259473"}],"wp:attachment":[{"href":"https:\/\/aromasentia.com\/da\/wp-json\/wp\/v2\/media?parent=202943"}],"wp:term":[{"taxonomy":"product_brand","embeddable":true,"href":"https:\/\/aromasentia.com\/da\/wp-json\/wp\/v2\/product_brand?post=202943"},{"taxonomy":"product_cat","embeddable":true,"href":"https:\/\/aromasentia.com\/da\/wp-json\/wp\/v2\/product_cat?post=202943"},{"taxonomy":"product_tag","embeddable":true,"href":"https:\/\/aromasentia.com\/da\/wp-json\/wp\/v2\/product_tag?post=202943"}],"curies":[{"name":"wp","href":"https:\/\/api.w.org\/{rel}","templated":true}]}}