{"id":202939,"date":"2025-03-20T14:38:52","date_gmt":"2025-03-20T14:38:52","guid":{"rendered":"https:\/\/aromasentia.com\/product\/open-hands-oil-burner-blue\/"},"modified":"2025-06-22T04:10:26","modified_gmt":"2025-06-22T04:10:26","slug":"oliebraender-til-duftolie-med-aabne-haender-blaa","status":"publish","type":"product","link":"https:\/\/aromasentia.com\/da\/oliebraender-til-duftolie-med-aabne-haender-blaa\/","title":{"rendered":"Oliebr\u00e6nder Til Duftolie med \u00c5bne H\u00e6nder &#8211; Bl\u00e5"},"content":{"rendered":"<p><span style=\"color: rgb(75, 80, 88);\">Hver af disse oliebr\u00e6ndere fungerer ikke kun som et funktionelt v\u00e6rkt\u00f8j til at sprede dine yndlings \u00e6teriske olier, men fungerer ogs\u00e5 som et f\u00e6ngslende kunstv\u00e6rk, der forbedrer stemningen i dit opholdsrum.<\/span><\/p>\n<p><span style=\"color: rgb(75, 80, 88);\">Med \u00e5bne h\u00e6nder i en beroligende bl\u00e5 nuance symboliserer denne oliebr\u00e6nder velkomst og \u00e5benhed og skaber en varm og indbydende atmosf\u00e6re.<\/span><\/p>\n<p><span style=\"color: rgb(184, 49, 47);\"><strong>Placer altid oliebr\u00e6nderen p\u00e5 en varmebestandig m\u00e5tte. S\u00f8rg for, at der er tilstr\u00e6kkeligt vand i beholderen over br\u00e6nderen. Brug fyrfadslys af god kvalitet. Efterlad aldrig oliebr\u00e6nderen uden opsyn, n\u00e5r den er t\u00e6ndt, og hold den v\u00e6k fra gardiner. Hvis flammen bliver farlig, kan den slukkes med en fugtig klud. Opbevares utilg\u00e6ngeligt for b\u00f8rn.<\/strong><\/span><\/p>\n<p><span style=\"color: rgb(75, 80, 88);\">St\u00f8rrelser:<\/span><\/p>\n<p><span style=\"color: rgb(75, 80, 88);\">Oliebr\u00e6nder: H\u00f8jde: 10 cm, Bredde: 12 cm, L\u00e6ngde: 10 cm<\/span><\/p>\n<p><span style=\"color: rgb(75, 80, 88);\">Sk\u00e5l: Diameter: 9,5 cm, H\u00f8jde: 2,5 cm<\/span><\/p>\n","protected":false},"excerpt":{"rendered":"<p>Hver af disse oliebr\u00e6ndere fungerer ikke kun som et funktionelt v\u00e6rkt\u00f8j til at sprede dine yndlings \u00e6teriske olier, men fungerer ogs\u00e5 som et f\u00e6ngslende kunstv\u00e6rk, der forbedrer stemningen i dit opholdsrum. Med \u00e5bne h\u00e6nder i en beroligende bl\u00e5 nuance symboliserer denne oliebr\u00e6nder velkomst og \u00e5benhed og skaber en varm og indbydende atmosf\u00e6re. Placer altid oliebr\u00e6nderen [&hellip;]<\/p>\n","protected":false},"featured_media":260005,"comment_status":"closed","ping_status":"open","template":"","meta":{"_angie_page":false},"product_brand":[],"product_cat":[6517,6169],"product_tag":[],"class_list":{"0":"post-202939","1":"product","2":"type-product","3":"status-publish","4":"has-post-thumbnail","6":"product_cat-aromalamper-oliebraender","7":"product_cat-aromalamper-aromadiffusere-og-duftstaenger","8":"pa_collection-cool-design-oil-burner-da","9":"pa_made-in-kina","11":"first","12":"outofstock","13":"purchasable","14":"product-type-simple"},"supplier_id":null,"supplier_sku":"Cdes-07","barcode":null,"atum_controlled":true,"out_stock_date":"2025-09-04 22:12:42","out_stock_threshold":null,"inheritable":false,"inbound_stock":null,"stock_on_hold":0,"sold_today":0,"sales_last_days":0,"reserved_stock":null,"customer_returns":null,"warehouse_damage":null,"lost_in_post":null,"other_logs":null,"out_stock_days":34,"lost_sales":0,"has_location":null,"update_date":"2026-04-28T18:50:19","atum_locations":[],"atum_stock_status":"outofstock","restock_status":false,"low_stock_amount":"","sales_update_date":"2025-10-09T03:27:28","calc_backorders":null,"_links":{"self":[{"href":"https:\/\/aromasentia.com\/da\/wp-json\/wp\/v2\/product\/202939","targetHints":{"allow":["GET"]}}],"collection":[{"href":"https:\/\/aromasentia.com\/da\/wp-json\/wp\/v2\/product"}],"about":[{"href":"https:\/\/aromasentia.com\/da\/wp-json\/wp\/v2\/types\/product"}],"replies":[{"embeddable":true,"href":"https:\/\/aromasentia.com\/da\/wp-json\/wp\/v2\/comments?post=202939"}],"version-history":[{"count":0,"href":"https:\/\/aromasentia.com\/da\/wp-json\/wp\/v2\/product\/202939\/revisions"}],"wp:featuredmedia":[{"embeddable":true,"href":"https:\/\/aromasentia.com\/da\/wp-json\/wp\/v2\/media\/260005"}],"wp:attachment":[{"href":"https:\/\/aromasentia.com\/da\/wp-json\/wp\/v2\/media?parent=202939"}],"wp:term":[{"taxonomy":"product_brand","embeddable":true,"href":"https:\/\/aromasentia.com\/da\/wp-json\/wp\/v2\/product_brand?post=202939"},{"taxonomy":"product_cat","embeddable":true,"href":"https:\/\/aromasentia.com\/da\/wp-json\/wp\/v2\/product_cat?post=202939"},{"taxonomy":"product_tag","embeddable":true,"href":"https:\/\/aromasentia.com\/da\/wp-json\/wp\/v2\/product_tag?post=202939"}],"curies":[{"name":"wp","href":"https:\/\/api.w.org\/{rel}","templated":true}]}}