{"id":202935,"date":"2025-03-20T14:38:52","date_gmt":"2025-03-20T14:38:52","guid":{"rendered":"https:\/\/aromasentia.com\/product\/10ml-aromatherapy-car-blend-grand-tour\/"},"modified":"2025-06-22T04:10:23","modified_gmt":"2025-06-22T04:10:23","slug":"10ml-aromaterapi-bilblanding-grand-tour","status":"publish","type":"product","link":"https:\/\/aromasentia.com\/da\/10ml-aromaterapi-bilblanding-grand-tour\/","title":{"rendered":"10ml Aromaterapi Bilblanding &#8211; Grand Tour"},"content":{"rendered":"<p>Vi k\u00f8rer p\u00e5 arbejde, i skole, p\u00e5 ferie og k\u00f8rer ogs\u00e5 i trafikpropper. Med hverdagsk\u00f8rsel kan vi blive lidt hede i hovedet p\u00e5 vejen, eller have brug for lidt opmuntring under lange bilture, der str\u00e6kker sig til langt ud p\u00e5 natten, eller vi har en tendens til at blive lidt k\u00f8resyge.<\/p>\n<p>Et par dr\u00e5ber \u00e6terisk olie kan dog v\u00e6re alt, hvad du beh\u00f8ver for at forvandle din bil til en rolig oase og g\u00f8re din tid bag rattet mere rettet mod rejsen, ikke kun destinationen.<\/p>\n<p>Du t\u00e6nker m\u00e5ske p\u00e5 aromaterapiolier som noget, der kan nydes i dit eget hjem eller under en spabehandling, men med lidt omhu og viden kan denne \u00e6ldgamle kunst ogs\u00e5 bruges til at forbedre din k\u00f8reoplevelse og g\u00f8re din tur gladere, sundere og mere sikker.<\/p>\n","protected":false},"excerpt":{"rendered":"<p>Vi k\u00f8rer p\u00e5 arbejde, i skole, p\u00e5 ferie og k\u00f8rer ogs\u00e5 i trafikpropper. Med hverdagsk\u00f8rsel kan vi blive lidt hede i hovedet p\u00e5 vejen, eller have brug for lidt opmuntring under lange bilture, der str\u00e6kker sig til langt ud p\u00e5 natten, eller vi har en tendens til at blive lidt k\u00f8resyge. Et par dr\u00e5ber \u00e6terisk [&hellip;]<\/p>\n","protected":false},"featured_media":259945,"comment_status":"closed","ping_status":"open","template":"","meta":[],"product_brand":[],"product_cat":[26647,7647,6153,8333],"product_tag":[],"class_list":{"0":"post-202935","1":"product","2":"type-product","3":"status-publish","4":"has-post-thumbnail","6":"product_cat-aeteriske-olieblandinger","7":"product_cat-aeteriske-olier","8":"product_cat-aromaterapi-og-rumdufte","9":"product_cat-bil-duftfriskere","10":"pa_collection-aromatherapy-blends-for-car-diffusers-da","11":"pa_made-in-kina","12":"pa_size-10ml","14":"first","15":"instock","16":"purchasable","17":"product-type-simple"},"supplier_id":null,"supplier_sku":"CarEO-06","barcode":null,"atum_controlled":true,"out_stock_date":null,"out_stock_threshold":null,"inheritable":false,"inbound_stock":null,"stock_on_hold":0,"sold_today":0,"sales_last_days":0,"reserved_stock":null,"customer_returns":null,"warehouse_damage":null,"lost_in_post":null,"other_logs":null,"out_stock_days":0,"lost_sales":0,"has_location":null,"update_date":"2026-02-09T10:27:25","atum_locations":[],"atum_stock_status":"instock","restock_status":false,"low_stock_amount":"","sales_update_date":"2025-10-09T03:27:14","calc_backorders":null,"_links":{"self":[{"href":"https:\/\/aromasentia.com\/da\/wp-json\/wp\/v2\/product\/202935","targetHints":{"allow":["GET"]}}],"collection":[{"href":"https:\/\/aromasentia.com\/da\/wp-json\/wp\/v2\/product"}],"about":[{"href":"https:\/\/aromasentia.com\/da\/wp-json\/wp\/v2\/types\/product"}],"replies":[{"embeddable":true,"href":"https:\/\/aromasentia.com\/da\/wp-json\/wp\/v2\/comments?post=202935"}],"version-history":[{"count":0,"href":"https:\/\/aromasentia.com\/da\/wp-json\/wp\/v2\/product\/202935\/revisions"}],"wp:featuredmedia":[{"embeddable":true,"href":"https:\/\/aromasentia.com\/da\/wp-json\/wp\/v2\/media\/259945"}],"wp:attachment":[{"href":"https:\/\/aromasentia.com\/da\/wp-json\/wp\/v2\/media?parent=202935"}],"wp:term":[{"taxonomy":"product_brand","embeddable":true,"href":"https:\/\/aromasentia.com\/da\/wp-json\/wp\/v2\/product_brand?post=202935"},{"taxonomy":"product_cat","embeddable":true,"href":"https:\/\/aromasentia.com\/da\/wp-json\/wp\/v2\/product_cat?post=202935"},{"taxonomy":"product_tag","embeddable":true,"href":"https:\/\/aromasentia.com\/da\/wp-json\/wp\/v2\/product_tag?post=202935"}],"curies":[{"name":"wp","href":"https:\/\/api.w.org\/{rel}","templated":true}]}}