{"id":202929,"date":"2025-03-20T14:38:52","date_gmt":"2025-03-20T14:38:52","guid":{"rendered":"https:\/\/aromasentia.com\/product\/batana-oil-1-litre\/"},"modified":"2025-06-22T04:10:19","modified_gmt":"2025-06-22T04:10:19","slug":"batana-olie-1-liter","status":"publish","type":"product","link":"https:\/\/aromasentia.com\/da\/batana-olie-1-liter\/","title":{"rendered":"Batana-Olie &#8211; 1 Liter"},"content":{"rendered":"<p>Revitaliser og genopret dit h\u00e5r med den traditionelle kraft fra Batana Oil, som pr\u00e6senteres i en 1-liters beholder. Denne rige, m\u00f8rke olie stammer fra Mellemamerika og er ber\u00f8mt for sin bem\u00e6rkelsesv\u00e6rdige evne til at reparere beskadiget h\u00e5r, fremme v\u00e6kst og genskabe naturlig glans og bl\u00f8dhed. Den plejer hovedbunden og h\u00e5rs\u00e6kkene i dybden og hj\u00e6lper med at reducere h\u00e5rtab, reparere spaltede spidser og f\u00e5 h\u00e5ret til at f\u00f8les utroligt sundt og sp\u00e6ndstigt. Ideel til dem med t\u00f8rt, skadet eller kemisk behandlet h\u00e5r, der \u00f8nsker intensiv naturlig n\u00e6ring.<\/p>\n","protected":false},"excerpt":{"rendered":"<p>Revitaliser og genopret dit h\u00e5r med den traditionelle kraft fra Batana Oil, som pr\u00e6senteres i en 1-liters beholder. Denne rige, m\u00f8rke olie stammer fra Mellemamerika og er ber\u00f8mt for sin bem\u00e6rkelsesv\u00e6rdige evne til at reparere beskadiget h\u00e5r, fremme v\u00e6kst og genskabe naturlig glans og bl\u00f8dhed. Den plejer hovedbunden og h\u00e5rs\u00e6kkene i dybden og hj\u00e6lper med [&hellip;]<\/p>\n","protected":false},"featured_media":259771,"comment_status":"closed","ping_status":"open","template":"","meta":{"_angie_page":false},"product_brand":[27094],"product_cat":[6153,7719],"product_tag":[],"class_list":{"0":"post-202929","1":"product","2":"type-product","3":"status-publish","4":"has-post-thumbnail","6":"product_brand-ancient-wisdom","7":"product_cat-aromaterapi-og-rumdufte","8":"product_cat-baseolier","9":"pa_collection-base-oils-1-litre-da","10":"pa_made-in-colombia","12":"first","13":"instock","14":"purchasable","15":"product-type-simple"},"supplier_id":null,"supplier_sku":"BOZ-35","barcode":null,"atum_controlled":true,"out_stock_date":null,"out_stock_threshold":null,"inheritable":false,"inbound_stock":null,"stock_on_hold":0,"sold_today":0,"sales_last_days":0,"reserved_stock":null,"customer_returns":null,"warehouse_damage":null,"lost_in_post":null,"other_logs":null,"out_stock_days":0,"lost_sales":0,"has_location":null,"update_date":"2026-04-27T06:55:40","atum_locations":[],"atum_stock_status":"instock","restock_status":false,"low_stock_amount":"","sales_update_date":"2025-10-09T03:26:59","calc_backorders":null,"_links":{"self":[{"href":"https:\/\/aromasentia.com\/da\/wp-json\/wp\/v2\/product\/202929","targetHints":{"allow":["GET"]}}],"collection":[{"href":"https:\/\/aromasentia.com\/da\/wp-json\/wp\/v2\/product"}],"about":[{"href":"https:\/\/aromasentia.com\/da\/wp-json\/wp\/v2\/types\/product"}],"replies":[{"embeddable":true,"href":"https:\/\/aromasentia.com\/da\/wp-json\/wp\/v2\/comments?post=202929"}],"version-history":[{"count":0,"href":"https:\/\/aromasentia.com\/da\/wp-json\/wp\/v2\/product\/202929\/revisions"}],"wp:featuredmedia":[{"embeddable":true,"href":"https:\/\/aromasentia.com\/da\/wp-json\/wp\/v2\/media\/259771"}],"wp:attachment":[{"href":"https:\/\/aromasentia.com\/da\/wp-json\/wp\/v2\/media?parent=202929"}],"wp:term":[{"taxonomy":"product_brand","embeddable":true,"href":"https:\/\/aromasentia.com\/da\/wp-json\/wp\/v2\/product_brand?post=202929"},{"taxonomy":"product_cat","embeddable":true,"href":"https:\/\/aromasentia.com\/da\/wp-json\/wp\/v2\/product_cat?post=202929"},{"taxonomy":"product_tag","embeddable":true,"href":"https:\/\/aromasentia.com\/da\/wp-json\/wp\/v2\/product_tag?post=202929"}],"curies":[{"name":"wp","href":"https:\/\/api.w.org\/{rel}","templated":true}]}}