{"id":202927,"date":"2025-03-20T14:38:52","date_gmt":"2025-03-20T14:38:52","guid":{"rendered":"https:\/\/aromasentia.com\/product\/black-cumin-oil-1-litre\/"},"modified":"2025-06-22T04:10:18","modified_gmt":"2025-06-22T04:10:18","slug":"black-cumin-oil-1-litre","status":"publish","type":"product","link":"https:\/\/aromasentia.com\/da\/black-cumin-oil-1-litre\/","title":{"rendered":"Black Cumin Oil 1 Litre"},"content":{"rendered":"<p>Oplev de st\u00e6rke fordele ved sort spidskommenolie, som f\u00e5s i en 1-liters beholder. Den er ogs\u00e5 kendt som Nigella Sativa-olie og har i \u00e5rhundreder v\u00e6ret v\u00e6rdsat for sine st\u00e6rke antiinflammatoriske, antibakterielle og antioxidante egenskaber. Den er rig p\u00e5 thymoquinon og er fremragende til at berolige problematiske hudtilstande, reducere r\u00f8dme og st\u00f8tte hudens generelle sundhed. Den kan ogs\u00e5 v\u00e6re gavnlig for luftvejene og styrke immunforsvaret, n\u00e5r den bruges korrekt. En virkelig bem\u00e6rkelsesv\u00e6rdig olie til terapeutiske anvendelser og til at fremme holistisk velv\u00e6re.<\/p>\n","protected":false},"excerpt":{"rendered":"<p>Oplev de st\u00e6rke fordele ved sort spidskommenolie, som f\u00e5s i en 1-liters beholder. Den er ogs\u00e5 kendt som Nigella Sativa-olie og har i \u00e5rhundreder v\u00e6ret v\u00e6rdsat for sine st\u00e6rke antiinflammatoriske, antibakterielle og antioxidante egenskaber. Den er rig p\u00e5 thymoquinon og er fremragende til at berolige problematiske hudtilstande, reducere r\u00f8dme og st\u00f8tte hudens generelle sundhed. Den [&hellip;]<\/p>\n","protected":false},"featured_media":259753,"comment_status":"closed","ping_status":"open","template":"","meta":{"_angie_page":false},"product_brand":[27094],"product_cat":[6153,7719,25839,26886,25941],"product_tag":[],"class_list":{"0":"post-202927","1":"product","2":"type-product","3":"status-publish","4":"has-post-thumbnail","6":"product_brand-ancient-wisdom","7":"product_cat-aromaterapi-og-rumdufte","8":"product_cat-baseolier","9":"product_cat-dufte-aromaer","10":"product_cat-krydret","11":"product_cat-spidskommenfro","12":"pa_collection-base-oils-1-litre-da","14":"first","15":"instock","16":"purchasable","17":"product-type-simple"},"supplier_id":null,"supplier_sku":"BOZ-28","barcode":null,"atum_controlled":true,"out_stock_date":null,"out_stock_threshold":null,"inheritable":false,"inbound_stock":0,"stock_on_hold":0,"sold_today":0,"sales_last_days":0,"reserved_stock":0,"customer_returns":0,"warehouse_damage":0,"lost_in_post":0,"other_logs":0,"out_stock_days":0,"lost_sales":0,"has_location":false,"update_date":"2026-04-27T06:55:40","atum_locations":[],"atum_stock_status":"instock","restock_status":false,"low_stock_amount":"","sales_update_date":"2026-01-30T01:25:23","calc_backorders":null,"_links":{"self":[{"href":"https:\/\/aromasentia.com\/da\/wp-json\/wp\/v2\/product\/202927","targetHints":{"allow":["GET"]}}],"collection":[{"href":"https:\/\/aromasentia.com\/da\/wp-json\/wp\/v2\/product"}],"about":[{"href":"https:\/\/aromasentia.com\/da\/wp-json\/wp\/v2\/types\/product"}],"replies":[{"embeddable":true,"href":"https:\/\/aromasentia.com\/da\/wp-json\/wp\/v2\/comments?post=202927"}],"version-history":[{"count":0,"href":"https:\/\/aromasentia.com\/da\/wp-json\/wp\/v2\/product\/202927\/revisions"}],"wp:featuredmedia":[{"embeddable":true,"href":"https:\/\/aromasentia.com\/da\/wp-json\/wp\/v2\/media\/259753"}],"wp:attachment":[{"href":"https:\/\/aromasentia.com\/da\/wp-json\/wp\/v2\/media?parent=202927"}],"wp:term":[{"taxonomy":"product_brand","embeddable":true,"href":"https:\/\/aromasentia.com\/da\/wp-json\/wp\/v2\/product_brand?post=202927"},{"taxonomy":"product_cat","embeddable":true,"href":"https:\/\/aromasentia.com\/da\/wp-json\/wp\/v2\/product_cat?post=202927"},{"taxonomy":"product_tag","embeddable":true,"href":"https:\/\/aromasentia.com\/da\/wp-json\/wp\/v2\/product_tag?post=202927"}],"curies":[{"name":"wp","href":"https:\/\/api.w.org\/{rel}","templated":true}]}}