{"id":202920,"date":"2025-03-20T14:38:52","date_gmt":"2025-03-20T14:38:52","guid":{"rendered":"https:\/\/aromasentia.com\/product\/watermelon-seed-oil-1-litre\/"},"modified":"2025-06-22T04:10:12","modified_gmt":"2025-06-22T04:10:12","slug":"watermelon-seed-oil-1-litre","status":"publish","type":"product","link":"https:\/\/aromasentia.com\/da\/watermelon-seed-oil-1-litre\/","title":{"rendered":"Watermelon Seed Oil 1 Litre"},"content":{"rendered":"<p>Fugt og klarg\u00f8r med vores lette Watermelon Seed Oil i en gener\u00f8s 1-liters flaske. Denne olie, der er koldpresset af vandmelonfr\u00f8, er us\u00e6dvanlig fin og absorberes let, hvilket g\u00f8r den perfekt til fedtet eller aknepr\u00e6get hud, da den ikke tilstopper porerne. Den er rig p\u00e5 linolsyre og vigtige n\u00e6ringsstoffer og hj\u00e6lper med at opl\u00f8se overskydende talg, afgifte og fugte, s\u00e5 din hud f\u00f8les afbalanceret, bl\u00f8d og vidunderligt forfrisket. Et fremragende valg til ansigtspleje, kropsfugtning eller som en let b\u00e6reolie i dine aromaterapiblandinger.<\/p>\n","protected":false},"excerpt":{"rendered":"<p>Fugt og klarg\u00f8r med vores lette Watermelon Seed Oil i en gener\u00f8s 1-liters flaske. Denne olie, der er koldpresset af vandmelonfr\u00f8, er us\u00e6dvanlig fin og absorberes let, hvilket g\u00f8r den perfekt til fedtet eller aknepr\u00e6get hud, da den ikke tilstopper porerne. Den er rig p\u00e5 linolsyre og vigtige n\u00e6ringsstoffer og hj\u00e6lper med at opl\u00f8se overskydende [&hellip;]<\/p>\n","protected":false},"featured_media":259690,"comment_status":"closed","ping_status":"open","template":"","meta":{"_angie_page":false},"product_brand":[27094],"product_cat":[6153,7719,25839,26844,26460],"product_tag":[],"class_list":{"0":"post-202920","1":"product","2":"type-product","3":"status-publish","4":"has-post-thumbnail","6":"product_brand-ancient-wisdom","7":"product_cat-aromaterapi-og-rumdufte","8":"product_cat-baseolier","9":"product_cat-dufte-aromaer","10":"product_cat-frugtagtig","11":"product_cat-vandmelon","12":"pa_collection-base-oils-1-litre-da","13":"pa_made-in-sydafrika","15":"first","16":"instock","17":"purchasable","18":"product-type-simple"},"supplier_id":null,"supplier_sku":"BOZ-34","barcode":null,"atum_controlled":true,"out_stock_date":null,"out_stock_threshold":null,"inheritable":false,"inbound_stock":0,"stock_on_hold":0,"sold_today":0,"sales_last_days":0,"reserved_stock":0,"customer_returns":0,"warehouse_damage":0,"lost_in_post":0,"other_logs":0,"out_stock_days":0,"lost_sales":0,"has_location":false,"update_date":"2026-04-27T06:55:40","atum_locations":[],"atum_stock_status":"instock","restock_status":false,"low_stock_amount":"","sales_update_date":"2026-01-30T01:26:19","calc_backorders":null,"_links":{"self":[{"href":"https:\/\/aromasentia.com\/da\/wp-json\/wp\/v2\/product\/202920","targetHints":{"allow":["GET"]}}],"collection":[{"href":"https:\/\/aromasentia.com\/da\/wp-json\/wp\/v2\/product"}],"about":[{"href":"https:\/\/aromasentia.com\/da\/wp-json\/wp\/v2\/types\/product"}],"replies":[{"embeddable":true,"href":"https:\/\/aromasentia.com\/da\/wp-json\/wp\/v2\/comments?post=202920"}],"version-history":[{"count":0,"href":"https:\/\/aromasentia.com\/da\/wp-json\/wp\/v2\/product\/202920\/revisions"}],"wp:featuredmedia":[{"embeddable":true,"href":"https:\/\/aromasentia.com\/da\/wp-json\/wp\/v2\/media\/259690"}],"wp:attachment":[{"href":"https:\/\/aromasentia.com\/da\/wp-json\/wp\/v2\/media?parent=202920"}],"wp:term":[{"taxonomy":"product_brand","embeddable":true,"href":"https:\/\/aromasentia.com\/da\/wp-json\/wp\/v2\/product_brand?post=202920"},{"taxonomy":"product_cat","embeddable":true,"href":"https:\/\/aromasentia.com\/da\/wp-json\/wp\/v2\/product_cat?post=202920"},{"taxonomy":"product_tag","embeddable":true,"href":"https:\/\/aromasentia.com\/da\/wp-json\/wp\/v2\/product_tag?post=202920"}],"curies":[{"name":"wp","href":"https:\/\/api.w.org\/{rel}","templated":true}]}}