{"id":202909,"date":"2025-03-20T14:39:52","date_gmt":"2025-03-20T14:39:52","guid":{"rendered":"https:\/\/aromasentia.com\/product\/ceramic-metal-square-stand\/"},"modified":"2025-06-22T04:10:04","modified_gmt":"2025-06-22T04:10:04","slug":"firkantet-stativ-i-keramik-og-metal","status":"publish","type":"product","link":"https:\/\/aromasentia.com\/da\/firkantet-stativ-i-keramik-og-metal\/","title":{"rendered":"Firkantet Stativ I Keramik Og metal"},"content":{"rendered":"<p><span style=\"color: rgb(75, 80, 88);\">Hver af disse oliebr\u00e6ndere fungerer ikke kun som et funktionelt v\u00e6rkt\u00f8j til at diffusere dine yndlings \u00e6teriske olier, men fungerer ogs\u00e5 som et f\u00e6ngslende kunstv\u00e6rk, der forbedrer stemningen i dit opholdsrum.<\/span><\/p>\n<p><span style=\"color: rgb(75, 80, 88);\">Denne firkantede oliebr\u00e6nder udstr\u00e5ler et moderne og kunstnerisk pr\u00e6g, hvilket g\u00f8r den til et unikt midtpunkt i ethvert rum.<\/span><\/p>\n<p><span style=\"color: rgb(184, 49, 47);\"><strong>Placer altid oliebr\u00e6nderen p\u00e5 en varmebestandig m\u00e5tte. S\u00f8rg for, at der er tilstr\u00e6kkeligt vand i beholderen over br\u00e6nderen. Brug fyrfadslys af god kvalitet. Efterlad aldrig oliebr\u00e6nderen uden opsyn, n\u00e5r den er t\u00e6ndt, og hold den v\u00e6k fra gardiner. Hvis flammen bliver farlig, kan den slukkes med en fugtig klud. Opbevares utilg\u00e6ngeligt for b\u00f8rn.<\/strong><\/span><\/p>\n","protected":false},"excerpt":{"rendered":"<p>Hver af disse oliebr\u00e6ndere fungerer ikke kun som et funktionelt v\u00e6rkt\u00f8j til at diffusere dine yndlings \u00e6teriske olier, men fungerer ogs\u00e5 som et f\u00e6ngslende kunstv\u00e6rk, der forbedrer stemningen i dit opholdsrum. Denne firkantede oliebr\u00e6nder udstr\u00e5ler et moderne og kunstnerisk pr\u00e6g, hvilket g\u00f8r den til et unikt midtpunkt i ethvert rum. Placer altid oliebr\u00e6nderen p\u00e5 en [&hellip;]<\/p>\n","protected":false},"featured_media":260130,"comment_status":"closed","ping_status":"open","template":"","meta":{"_angie_page":false},"product_brand":[],"product_cat":[6517,6169],"product_tag":[],"class_list":{"0":"post-202909","1":"product","2":"type-product","3":"status-publish","4":"has-post-thumbnail","6":"product_cat-aromalamper-oliebraender","7":"product_cat-aromalamper-aromadiffusere-og-duftstaenger","8":"pa_collection-cool-design-oil-burner-da","9":"pa_made-in-kina","11":"first","12":"instock","13":"purchasable","14":"product-type-simple"},"supplier_id":null,"supplier_sku":"CDes-16","barcode":null,"atum_controlled":true,"out_stock_date":null,"out_stock_threshold":null,"inheritable":false,"inbound_stock":null,"stock_on_hold":0,"sold_today":0,"sales_last_days":0,"reserved_stock":null,"customer_returns":null,"warehouse_damage":null,"lost_in_post":null,"other_logs":null,"out_stock_days":0,"lost_sales":0,"has_location":null,"update_date":"2026-05-08T05:06:08","atum_locations":[],"atum_stock_status":"instock","restock_status":false,"low_stock_amount":"","sales_update_date":"2026-02-06T00:02:48","calc_backorders":null,"_links":{"self":[{"href":"https:\/\/aromasentia.com\/da\/wp-json\/wp\/v2\/product\/202909","targetHints":{"allow":["GET"]}}],"collection":[{"href":"https:\/\/aromasentia.com\/da\/wp-json\/wp\/v2\/product"}],"about":[{"href":"https:\/\/aromasentia.com\/da\/wp-json\/wp\/v2\/types\/product"}],"replies":[{"embeddable":true,"href":"https:\/\/aromasentia.com\/da\/wp-json\/wp\/v2\/comments?post=202909"}],"version-history":[{"count":0,"href":"https:\/\/aromasentia.com\/da\/wp-json\/wp\/v2\/product\/202909\/revisions"}],"wp:featuredmedia":[{"embeddable":true,"href":"https:\/\/aromasentia.com\/da\/wp-json\/wp\/v2\/media\/260130"}],"wp:attachment":[{"href":"https:\/\/aromasentia.com\/da\/wp-json\/wp\/v2\/media?parent=202909"}],"wp:term":[{"taxonomy":"product_brand","embeddable":true,"href":"https:\/\/aromasentia.com\/da\/wp-json\/wp\/v2\/product_brand?post=202909"},{"taxonomy":"product_cat","embeddable":true,"href":"https:\/\/aromasentia.com\/da\/wp-json\/wp\/v2\/product_cat?post=202909"},{"taxonomy":"product_tag","embeddable":true,"href":"https:\/\/aromasentia.com\/da\/wp-json\/wp\/v2\/product_tag?post=202909"}],"curies":[{"name":"wp","href":"https:\/\/api.w.org\/{rel}","templated":true}]}}