{"id":202904,"date":"2025-03-20T14:49:47","date_gmt":"2025-03-20T14:49:47","guid":{"rendered":"https:\/\/aromasentia.com\/product\/scented-ear-candles-lavender\/"},"modified":"2025-06-22T04:10:00","modified_gmt":"2025-06-22T04:10:00","slug":"duftende-oerelys-lavendel","status":"publish","type":"product","link":"https:\/\/aromasentia.com\/da\/duftende-oerelys-lavendel\/","title":{"rendered":"Duftende \u00d8relys &#8211; Lavendel"},"content":{"rendered":"<p><strong>\u00d8relys<\/strong> <strong>&#8211; Lavendelduft<\/strong> er blevet utroligt popul\u00e6re i l\u00f8bet af de sidste par \u00e5r, og mange entusiaster h\u00e6vder bem\u00e6rkelsesv\u00e6rdige fysiske og spirituelle effekter fra \u00f8relysbehandling. N\u00e5r det er sagt, ser det ud til, at ingen er helt sikre p\u00e5, hvor \u00f8relys kommer fra, og hvad deres oprindelige anvendelse var. Forskellige kilder h\u00e6vder, at de blev brugt i gamle kulturer som Kina, Indien, Sibirien og Nordamerika.<\/p>\n<p>Vi tilbyder en r\u00e6kke \u00f8relys og produkter, der passer til de fleste. Vores \u00f8relys er lavet af ubleget naturlig bomuld og bivoks og er perfekte til professionel spa- eller aromaterapibrug.<\/p>\n<p><span style=\"color: rgb(75, 80, 88);\"><strong>Advarsler<\/strong><br \/>Brug af \u00f8relys sker p\u00e5 kundens eget ansvar og risiko. I tilf\u00e6lde af enhver form for bet\u00e6ndelse i \u00f8ret eller huden omkring \u00f8ret anbefaler vi strengt ikke brug af \u00f8relys. Af hensyn til personlig sikkerhed anbefaler vi ikke, at du udf\u00f8rer behandlingen selv. Det b\u00f8r altid g\u00f8res af en anden person.<\/span><\/p>\n<p><strong><span style=\"color: rgb(75, 80, 88);\">Beskyttelsesskive til \u00f8relys medf\u00f8lger.<\/span><\/strong><\/p>\n","protected":false},"excerpt":{"rendered":"<p>\u00d8relys &#8211; Lavendelduft er blevet utroligt popul\u00e6re i l\u00f8bet af de sidste par \u00e5r, og mange entusiaster h\u00e6vder bem\u00e6rkelsesv\u00e6rdige fysiske og spirituelle effekter fra \u00f8relysbehandling. N\u00e5r det er sagt, ser det ud til, at ingen er helt sikre p\u00e5, hvor \u00f8relys kommer fra, og hvad deres oprindelige anvendelse var. Forskellige kilder h\u00e6vder, at de blev [&hellip;]<\/p>\n","protected":false},"featured_media":260791,"comment_status":"closed","ping_status":"open","template":"","meta":{"_angie_page":false},"product_brand":[],"product_cat":[6153,26830,25839,25957],"product_tag":[],"class_list":{"0":"post-202904","1":"product","2":"type-product","3":"status-publish","4":"has-post-thumbnail","6":"product_cat-aromaterapi-og-rumdufte","7":"product_cat-blomster","8":"product_cat-dufte-aromaer","9":"product_cat-lavendel","10":"pa_collection-ear-candles-da","11":"pa_made-in-kina","13":"first","14":"instock","15":"purchasable","16":"product-type-simple"},"supplier_id":null,"supplier_sku":"EarC-09","barcode":null,"atum_controlled":true,"out_stock_date":null,"out_stock_threshold":null,"inheritable":false,"inbound_stock":null,"stock_on_hold":0,"sold_today":0,"sales_last_days":0,"reserved_stock":null,"customer_returns":null,"warehouse_damage":null,"lost_in_post":null,"other_logs":null,"out_stock_days":112,"lost_sales":0,"has_location":null,"update_date":"2026-04-26T00:02:22","atum_locations":[],"atum_stock_status":"instock","restock_status":false,"low_stock_amount":"","sales_update_date":"2026-01-30T01:25:19","calc_backorders":null,"_links":{"self":[{"href":"https:\/\/aromasentia.com\/da\/wp-json\/wp\/v2\/product\/202904","targetHints":{"allow":["GET"]}}],"collection":[{"href":"https:\/\/aromasentia.com\/da\/wp-json\/wp\/v2\/product"}],"about":[{"href":"https:\/\/aromasentia.com\/da\/wp-json\/wp\/v2\/types\/product"}],"replies":[{"embeddable":true,"href":"https:\/\/aromasentia.com\/da\/wp-json\/wp\/v2\/comments?post=202904"}],"version-history":[{"count":0,"href":"https:\/\/aromasentia.com\/da\/wp-json\/wp\/v2\/product\/202904\/revisions"}],"wp:featuredmedia":[{"embeddable":true,"href":"https:\/\/aromasentia.com\/da\/wp-json\/wp\/v2\/media\/260791"}],"wp:attachment":[{"href":"https:\/\/aromasentia.com\/da\/wp-json\/wp\/v2\/media?parent=202904"}],"wp:term":[{"taxonomy":"product_brand","embeddable":true,"href":"https:\/\/aromasentia.com\/da\/wp-json\/wp\/v2\/product_brand?post=202904"},{"taxonomy":"product_cat","embeddable":true,"href":"https:\/\/aromasentia.com\/da\/wp-json\/wp\/v2\/product_cat?post=202904"},{"taxonomy":"product_tag","embeddable":true,"href":"https:\/\/aromasentia.com\/da\/wp-json\/wp\/v2\/product_tag?post=202904"}],"curies":[{"name":"wp","href":"https:\/\/api.w.org\/{rel}","templated":true}]}}