{"id":202872,"date":"2025-03-20T14:51:04","date_gmt":"2025-03-20T14:51:04","guid":{"rendered":"https:\/\/aromasentia.com\/product\/10-ml-chamomile-roman-pure-essential-oil\/"},"modified":"2025-06-22T04:09:37","modified_gmt":"2025-06-22T04:09:37","slug":"romersk-kamille-ren-aeterisk-olie-10ml","status":"publish","type":"product","link":"https:\/\/aromasentia.com\/da\/romersk-kamille-ren-aeterisk-olie-10ml\/","title":{"rendered":"Romersk Kamille (Ren) \u00c6terisk Olie 10ml"},"content":{"rendered":"<p><strong>Latinsk navn: <\/strong>Anthemis Nobilis<br \/><strong>Anvendt plantedel:<\/strong> Blomster<br \/><strong>Kilde:<\/strong> England<br \/><strong>Ekstraktionsmetode: <\/strong>Dampdestillation<\/p>\n<p>Romersk kamille giver en \u00e6terisk olie, der er lysebl\u00e5, n\u00e5r den er frisk. Den kan udvindes fra blomsten og de \u00f8vre dele af planten. Den har fremragende beroligende egenskaber og siges at lette irritation, ut\u00e5lmodighed og hj\u00e6lpe mod PMS og andre menstruations- og overgangsalderproblemer. Romersk kamille er en stedsegr\u00f8n plante med en frisk \u00e6bleduft og dyrkes hovedsageligt i Frankrig, Belgien og \u00d8steuropa.<\/p>\n<p>Denne urt er fremragende til hudproblemer som akne, eksem, udsl\u00e6t, s\u00e5r, dermatitis, t\u00f8r\/kl\u00f8ende hud og allergier. Den siges at v\u00e6re god mod mavesmerter, galdebl\u00e6reproblemer og halsinfektioner og hj\u00e6lper med at lindre allergier, h\u00f8feber og astma. Denne olie er nyttig i fortyndede opl\u00f8sninger til at berolige b\u00f8rn, der lider af kolik, irritabilitet, diarr\u00e9 og tandfrembrud. I en vaporisator lindrer den hovedpine, nerv\u00f8se klager og migr\u00e6ne. Selvom denne olie er sk\u00e5nsom nok til brug hos b\u00f8rn og babyer, b\u00f8r du altid konsultere en ekspert, f\u00f8r du administrerer den.<\/p>\n<p>Den medicinske anvendelse af kamille g\u00e5r tusinder af \u00e5r tilbage til de gamle egyptere, romere og gr\u00e6kere. Egypterne dedikerede den til solguden. Et papyrusdokument fra 2800 f.Kr. beretter om brugen af kamille til behandling af hudlidelser. Kamilleolie blev brugt til at balsamere kroppe. Hippokrates, den store gr\u00e6ske l\u00e6ge, siges at have brugt kamille som et urtemiddel. I mytologien er kamille en af de ni hellige urter, som Wodan, underverdenens gud, gav til d\u00f8delige for at forbedre deres liv.<\/p>\n","protected":false},"excerpt":{"rendered":"<p>Latinsk navn: Anthemis NobilisAnvendt plantedel: BlomsterKilde: EnglandEkstraktionsmetode: Dampdestillation Romersk kamille giver en \u00e6terisk olie, der er lysebl\u00e5, n\u00e5r den er frisk. Den kan udvindes fra blomsten og de \u00f8vre dele af planten. Den har fremragende beroligende egenskaber og siges at lette irritation, ut\u00e5lmodighed og hj\u00e6lpe mod PMS og andre menstruations- og overgangsalderproblemer. Romersk kamille er [&hellip;]<\/p>\n","protected":false},"featured_media":261228,"comment_status":"closed","ping_status":"open","template":"","meta":{"_angie_page":false},"product_brand":[27094],"product_cat":[7647,6153,26830,25839,25934],"product_tag":[],"class_list":{"0":"post-202872","1":"product","2":"type-product","3":"status-publish","4":"has-post-thumbnail","6":"product_brand-ancient-wisdom","7":"product_cat-aeteriske-olier","8":"product_cat-aromaterapi-og-rumdufte","9":"product_cat-blomster","10":"product_cat-dufte-aromaer","11":"product_cat-romersk-kamille","12":"pa_collection-aromatherapy-essential-oils-10ml-da","13":"pa_made-in-chile","14":"pa_size-10ml","16":"first","17":"instock","18":"purchasable","19":"product-type-simple"},"supplier_id":null,"supplier_sku":"EO-19","barcode":null,"atum_controlled":true,"out_stock_date":null,"out_stock_threshold":null,"inheritable":false,"inbound_stock":0,"stock_on_hold":0,"sold_today":0,"sales_last_days":0,"reserved_stock":0,"customer_returns":0,"warehouse_damage":0,"lost_in_post":0,"other_logs":0,"out_stock_days":0,"lost_sales":0,"has_location":false,"update_date":"2026-04-27T07:00:40","atum_locations":[],"atum_stock_status":"instock","restock_status":false,"low_stock_amount":"","sales_update_date":"2026-01-30T01:26:16","calc_backorders":null,"_links":{"self":[{"href":"https:\/\/aromasentia.com\/da\/wp-json\/wp\/v2\/product\/202872","targetHints":{"allow":["GET"]}}],"collection":[{"href":"https:\/\/aromasentia.com\/da\/wp-json\/wp\/v2\/product"}],"about":[{"href":"https:\/\/aromasentia.com\/da\/wp-json\/wp\/v2\/types\/product"}],"replies":[{"embeddable":true,"href":"https:\/\/aromasentia.com\/da\/wp-json\/wp\/v2\/comments?post=202872"}],"version-history":[{"count":0,"href":"https:\/\/aromasentia.com\/da\/wp-json\/wp\/v2\/product\/202872\/revisions"}],"wp:featuredmedia":[{"embeddable":true,"href":"https:\/\/aromasentia.com\/da\/wp-json\/wp\/v2\/media\/261228"}],"wp:attachment":[{"href":"https:\/\/aromasentia.com\/da\/wp-json\/wp\/v2\/media?parent=202872"}],"wp:term":[{"taxonomy":"product_brand","embeddable":true,"href":"https:\/\/aromasentia.com\/da\/wp-json\/wp\/v2\/product_brand?post=202872"},{"taxonomy":"product_cat","embeddable":true,"href":"https:\/\/aromasentia.com\/da\/wp-json\/wp\/v2\/product_cat?post=202872"},{"taxonomy":"product_tag","embeddable":true,"href":"https:\/\/aromasentia.com\/da\/wp-json\/wp\/v2\/product_tag?post=202872"}],"curies":[{"name":"wp","href":"https:\/\/api.w.org\/{rel}","templated":true}]}}