{"id":202869,"date":"2025-03-20T14:51:04","date_gmt":"2025-03-20T14:51:04","guid":{"rendered":"https:\/\/aromasentia.com\/product\/10-ml-fennel-essential-oil\/"},"modified":"2025-06-22T04:09:34","modified_gmt":"2025-06-22T04:09:34","slug":"fennikel-aeterisk-olie-10ml","status":"publish","type":"product","link":"https:\/\/aromasentia.com\/da\/fennikel-aeterisk-olie-10ml\/","title":{"rendered":"Fennikel \u00c6terisk Olie 10ml"},"content":{"rendered":"<p><strong>Latinsk navn:<\/strong>Foeniculum Vulgare<br \/><strong>Anvendt plantedel:<\/strong> Knuste fr\u00f8<br \/><strong>Kilde:<\/strong>Ukraine<br \/><strong>Ekstraktionsmetode:<\/strong> Dampdestillation<\/p>\n<p><strong>Fennikel \u00e6terisk olie<\/strong> udvindes fra planten Foeniculum vulgare var. dulce, som er s\u00f8d fennikel, ogs\u00e5 kendt som romersk fennikel. Den udvindes fra de knuste fr\u00f8 ved dampdestillation. Olien er, ligesom fr\u00f8ene, god for ford\u00f8jelsen s\u00e5vel som en r\u00e6kke andre lidelser. Den bruges i aromaterapi til at behandle fedtet hud, rynker og fedme. Den siges at \u00f8ge mod, beslutsomhed og styrke.<\/p>\n<p>Denne olie er et popul\u00e6rt middel mod ford\u00f8jelsesproblemer som luft i maven, forstoppelse, kolik, kvalme, opkastning, anoreksi og dyspepsi. Den hj\u00e6lper ogs\u00e5 med v\u00e6gttab, da den siges at fremme f\u00f8lelsen af en fuld mave. Dens vanddrivende effekt menes at hj\u00e6lpe med at opl\u00f8se cellulite. Fennikelolie formodes at tone milt og lever. Den har en rensende og tonende effekt p\u00e5 huden og hj\u00e6lper med bl\u00e5 m\u00e6rker. Bem\u00e6rk venligst, at denne olie ikke b\u00f8r bruges i store doser og b\u00f8r undg\u00e5s helt under graviditet, amning og hos personer, der lider af brystkr\u00e6ft og epilepsi.<\/p>\n<p>Ordet fennikel stammer fra det latinske &#8216;foenum&#8217;, der betyder &#8216;h\u00f8&#8217;. I middelalderen var det kendt som &#8216;Fenkle&#8217;. Det var en popul\u00e6r urt, der blev brugt af de gamle kinesere, egyptere og romere, som mente, at fennikel hjalp med at give et l\u00e6ngere liv og forbedrede en persons mod og styrke. Det blev ogs\u00e5 anset for at holde onde \u00e5nder v\u00e6k. Det siges, at fennikel blev brugt til at styrke synet, helbrede slangebid og lindre kolik. I Indien serveres almindelige, ristede eller mynte-overtrukne fennikelfr\u00f8, kaldet &#8216;saunf&#8217;, ofte efter m\u00e5ltider for at hj\u00e6lpe ford\u00f8jelsen.<\/p>\n","protected":false},"excerpt":{"rendered":"<p>Latinsk navn:Foeniculum VulgareAnvendt plantedel: Knuste fr\u00f8Kilde:UkraineEkstraktionsmetode: Dampdestillation Fennikel \u00e6terisk olie udvindes fra planten Foeniculum vulgare var. dulce, som er s\u00f8d fennikel, ogs\u00e5 kendt som romersk fennikel. Den udvindes fra de knuste fr\u00f8 ved dampdestillation. Olien er, ligesom fr\u00f8ene, god for ford\u00f8jelsen s\u00e5vel som en r\u00e6kke andre lidelser. Den bruges i aromaterapi til at behandle fedtet [&hellip;]<\/p>\n","protected":false},"featured_media":261185,"comment_status":"closed","ping_status":"open","template":"","meta":[],"product_brand":[27094],"product_cat":[7647,6153,25839,25946,26858],"product_tag":[],"class_list":{"0":"post-202869","1":"product","2":"type-product","3":"status-publish","4":"has-post-thumbnail","6":"product_brand-ancient-wisdom","7":"product_cat-aeteriske-olier","8":"product_cat-aromaterapi-og-rumdufte","9":"product_cat-dufte-aromaer","10":"product_cat-fennikel","11":"product_cat-urte-aromatisk","12":"pa_collection-aromatherapy-essential-oils-10ml-da","13":"pa_made-in-ukraine","14":"pa_size-10ml","16":"first","17":"instock","18":"purchasable","19":"product-type-simple"},"supplier_id":null,"supplier_sku":"EO-16","barcode":null,"atum_controlled":true,"out_stock_date":null,"out_stock_threshold":null,"inheritable":false,"inbound_stock":null,"stock_on_hold":0,"sold_today":0,"sales_last_days":0,"reserved_stock":null,"customer_returns":null,"warehouse_damage":null,"lost_in_post":null,"other_logs":null,"out_stock_days":0,"lost_sales":0,"has_location":null,"update_date":"2026-02-09T17:00:06","atum_locations":[],"atum_stock_status":"instock","restock_status":false,"low_stock_amount":"","sales_update_date":"2025-09-03T00:27:38","calc_backorders":null,"_links":{"self":[{"href":"https:\/\/aromasentia.com\/da\/wp-json\/wp\/v2\/product\/202869","targetHints":{"allow":["GET"]}}],"collection":[{"href":"https:\/\/aromasentia.com\/da\/wp-json\/wp\/v2\/product"}],"about":[{"href":"https:\/\/aromasentia.com\/da\/wp-json\/wp\/v2\/types\/product"}],"replies":[{"embeddable":true,"href":"https:\/\/aromasentia.com\/da\/wp-json\/wp\/v2\/comments?post=202869"}],"version-history":[{"count":0,"href":"https:\/\/aromasentia.com\/da\/wp-json\/wp\/v2\/product\/202869\/revisions"}],"wp:featuredmedia":[{"embeddable":true,"href":"https:\/\/aromasentia.com\/da\/wp-json\/wp\/v2\/media\/261185"}],"wp:attachment":[{"href":"https:\/\/aromasentia.com\/da\/wp-json\/wp\/v2\/media?parent=202869"}],"wp:term":[{"taxonomy":"product_brand","embeddable":true,"href":"https:\/\/aromasentia.com\/da\/wp-json\/wp\/v2\/product_brand?post=202869"},{"taxonomy":"product_cat","embeddable":true,"href":"https:\/\/aromasentia.com\/da\/wp-json\/wp\/v2\/product_cat?post=202869"},{"taxonomy":"product_tag","embeddable":true,"href":"https:\/\/aromasentia.com\/da\/wp-json\/wp\/v2\/product_tag?post=202869"}],"curies":[{"name":"wp","href":"https:\/\/api.w.org\/{rel}","templated":true}]}}