{"id":202866,"date":"2025-03-20T14:51:35","date_gmt":"2025-03-20T14:51:35","guid":{"rendered":"https:\/\/aromasentia.com\/product\/10-ml-rosewood-essential-oil\/"},"modified":"2025-06-22T04:09:31","modified_gmt":"2025-06-22T04:09:31","slug":"rosentrae-aeterisk-olie-10ml","status":"publish","type":"product","link":"https:\/\/aromasentia.com\/da\/rosentrae-aeterisk-olie-10ml\/","title":{"rendered":"Rosentr\u00e6 \u00c6terisk Olie 10ml"},"content":{"rendered":"<p><strong>Latinsk navn:<\/strong> Aniba Rosaeodora<br \/><strong>Anvendt plantedel: Tr\u00e6<br \/><strong>Kilde:<\/strong>Brasilien<br \/><strong>Ekstraktionsmetode:<\/strong> Dampdestillation<\/p>\n<p>De sundhedsm\u00e6ssige fordele ved<strong>\u00c6terisk olie af palisander<\/strong> kan tilskrives dens egenskaber som smertestillende, antidepressivt, antiseptisk, elskovsmiddel, antibakterielt, cephalisk middel, deodorant, insekticid og stimulerende stof. Det udvindes fra palisandertr\u00e6et.<\/p>\n<p>Denne \u00e6teriske olie kan fjerne din depression og efterlade dig med et smil inden for f\u00e5 minutter. Den milde, s\u00f8de, krydrede og blomsteragtige aroma af denne olie g\u00f8r tricket og er derfor foretrukket af aromaterapispecialister. Den fordriver tristhed og skuffelse og forbereder dig p\u00e5 at m\u00f8de livet med et nyt og positivt perspektiv. Den kan v\u00e6re rigtig god for dem, der for nylig har fejlet eller f\u00f8ler sig nedtrykte, uanset om det er i forhold til akademiske situationer, professionelle situationer eller forhold.<\/p>\n<p>Selvom den ikke er st\u00e6rk, fungerer denne olie som et mildt smertestillende middel og kan give dig lindring af let hovedpine, tandpine og smerter i muskler og led. Denne olie kan holde din hjerne k\u00f8lig, aktiv, skarp og v\u00e5gen og kan ogs\u00e5 fjerne hovedpine. Dette vil ogs\u00e5 forbedre din hukommelse og hj\u00e6lpe med at beskytte dig mod neurotiske lidelser.<\/p>\n<p>Denne olie har insekticide egenskaber og kan dr\u00e6be sm\u00e5 insekter som myg, lus, v\u00e6ggelus, lopper og myrer. Du kan ogs\u00e5 bruge den i vaporizers, sprays, rumfriskere og gulvvaskemidler. Hvis den gnides p\u00e5 huden, holder den ogs\u00e5 myg v\u00e6k.<\/p>\n","protected":false},"excerpt":{"rendered":"<p>Latinsk navn: Aniba RosaeodoraAnvendt plantedel: Tr\u00e6Kilde:BrasilienEkstraktionsmetode: Dampdestillation De sundhedsm\u00e6ssige fordele ved\u00c6terisk olie af palisander kan tilskrives dens egenskaber som smertestillende, antidepressivt, antiseptisk, elskovsmiddel, antibakterielt, cephalisk middel, deodorant, insekticid og stimulerende stof. Det udvindes fra palisandertr\u00e6et. Denne \u00e6teriske olie kan fjerne din depression og efterlade dig med et smil inden for f\u00e5 minutter. Den milde, s\u00f8de, [&hellip;]<\/p>\n","protected":false},"featured_media":261544,"comment_status":"closed","ping_status":"open","template":"","meta":{"_angie_page":false},"product_brand":[27094],"product_cat":[7647,6153,25839,25988,26893],"product_tag":[],"class_list":{"0":"post-202866","1":"product","2":"type-product","3":"status-publish","4":"has-post-thumbnail","6":"product_brand-ancient-wisdom","7":"product_cat-aeteriske-olier","8":"product_cat-aromaterapi-og-rumdufte","9":"product_cat-dufte-aromaer","10":"product_cat-rosentrae","11":"product_cat-traeagtig","12":"pa_collection-aromatherapy-essential-oils-10ml-da","13":"pa_made-in-indien","14":"pa_size-10ml","16":"first","17":"instock","18":"purchasable","19":"product-type-simple"},"supplier_id":null,"supplier_sku":"EO-39","barcode":null,"atum_controlled":true,"out_stock_date":null,"out_stock_threshold":null,"inheritable":false,"inbound_stock":null,"stock_on_hold":0,"sold_today":0,"sales_last_days":0,"reserved_stock":null,"customer_returns":null,"warehouse_damage":null,"lost_in_post":null,"other_logs":null,"out_stock_days":0,"lost_sales":0,"has_location":null,"update_date":"2026-04-27T07:00:49","atum_locations":[],"atum_stock_status":"instock","restock_status":false,"low_stock_amount":"","sales_update_date":"2025-09-03T00:27:46","calc_backorders":null,"_links":{"self":[{"href":"https:\/\/aromasentia.com\/da\/wp-json\/wp\/v2\/product\/202866","targetHints":{"allow":["GET"]}}],"collection":[{"href":"https:\/\/aromasentia.com\/da\/wp-json\/wp\/v2\/product"}],"about":[{"href":"https:\/\/aromasentia.com\/da\/wp-json\/wp\/v2\/types\/product"}],"replies":[{"embeddable":true,"href":"https:\/\/aromasentia.com\/da\/wp-json\/wp\/v2\/comments?post=202866"}],"version-history":[{"count":0,"href":"https:\/\/aromasentia.com\/da\/wp-json\/wp\/v2\/product\/202866\/revisions"}],"wp:featuredmedia":[{"embeddable":true,"href":"https:\/\/aromasentia.com\/da\/wp-json\/wp\/v2\/media\/261544"}],"wp:attachment":[{"href":"https:\/\/aromasentia.com\/da\/wp-json\/wp\/v2\/media?parent=202866"}],"wp:term":[{"taxonomy":"product_brand","embeddable":true,"href":"https:\/\/aromasentia.com\/da\/wp-json\/wp\/v2\/product_brand?post=202866"},{"taxonomy":"product_cat","embeddable":true,"href":"https:\/\/aromasentia.com\/da\/wp-json\/wp\/v2\/product_cat?post=202866"},{"taxonomy":"product_tag","embeddable":true,"href":"https:\/\/aromasentia.com\/da\/wp-json\/wp\/v2\/product_tag?post=202866"}],"curies":[{"name":"wp","href":"https:\/\/api.w.org\/{rel}","templated":true}]}}