{"id":202865,"date":"2025-03-20T14:51:35","date_gmt":"2025-03-20T14:51:35","guid":{"rendered":"https:\/\/aromasentia.com\/product\/10-ml-rose-absolute-essential-oil\/"},"modified":"2025-06-22T04:09:31","modified_gmt":"2025-06-22T04:09:31","slug":"rosenabsolut-aeterisk-olie-10ml","status":"publish","type":"product","link":"https:\/\/aromasentia.com\/da\/rosenabsolut-aeterisk-olie-10ml\/","title":{"rendered":"Rosenabsolut \u00c6terisk Olie 10ml"},"content":{"rendered":"<p><strong>Latinsk navn:<\/strong>Rosa Centifolia<br \/><strong>Anvendt plantedel:<\/strong>Kronblade<br \/><strong>Kilde:<\/strong> Marokko<br \/><strong>Ekstraktionsmetode:<\/strong>Dampdestillation<\/p>\n<p><strong>Rosenolie<\/strong>er mere end bare en smuk, blomsteragtig duft. Den har adskillige terapeutiske egenskaber, der g\u00f8r den fantastisk i hudplejeprodukter. Rose Absolute har adskillige terapeutiske egenskaber, herunder antidepressiv, antiseptisk, astringerende, beroligende og sl\u00f8vende. Rosenolie er kendt for sine antidepressive midler. Det hj\u00e6lper med at \u00f8ge selvtilliden, den mentale sundhed og bek\u00e6mper depression!<\/p>\n<p>Det meste akne opst\u00e5r, n\u00e5r der er en overproduktion af talg i en persons porer, men \u00f8get bakterier spiller ogs\u00e5 en stor rolle i udviklingen af akne. Heldigvis har rosenolie adskillige egenskaber, der reducerer akne, herunder astringerende, antiviral samt bakteriedr\u00e6bende.<\/p>\n<p><\/p>\n","protected":false},"excerpt":{"rendered":"<p>Latinsk navn:Rosa CentifoliaAnvendt plantedel:KronbladeKilde: MarokkoEkstraktionsmetode:Dampdestillation Rosenolieer mere end bare en smuk, blomsteragtig duft. Den har adskillige terapeutiske egenskaber, der g\u00f8r den fantastisk i hudplejeprodukter. Rose Absolute har adskillige terapeutiske egenskaber, herunder antidepressiv, antiseptisk, astringerende, beroligende og sl\u00f8vende. Rosenolie er kendt for sine antidepressive midler. Det hj\u00e6lper med at \u00f8ge selvtilliden, den mentale sundhed og bek\u00e6mper [&hellip;]<\/p>\n","protected":false},"featured_media":261535,"comment_status":"closed","ping_status":"open","template":"","meta":{"_angie_page":false},"product_brand":[27094],"product_cat":[7647,6153,26830,25839,25984],"product_tag":[],"class_list":{"0":"post-202865","1":"product","2":"type-product","3":"status-publish","4":"has-post-thumbnail","6":"product_brand-ancient-wisdom","7":"product_cat-aeteriske-olier","8":"product_cat-aromaterapi-og-rumdufte","9":"product_cat-blomster","10":"product_cat-dufte-aromaer","11":"product_cat-rose","12":"pa_collection-aromatherapy-essential-oils-10ml-da","13":"pa_made-in-marokko","14":"pa_size-10ml","16":"first","17":"instock","18":"purchasable","19":"product-type-simple"},"supplier_id":null,"supplier_sku":"EO-38","barcode":null,"atum_controlled":true,"out_stock_date":null,"out_stock_threshold":null,"inheritable":false,"inbound_stock":null,"stock_on_hold":0,"sold_today":0,"sales_last_days":0,"reserved_stock":null,"customer_returns":null,"warehouse_damage":null,"lost_in_post":null,"other_logs":null,"out_stock_days":71,"lost_sales":0,"has_location":null,"update_date":"2026-05-08T05:07:22","atum_locations":[],"atum_stock_status":"instock","restock_status":false,"low_stock_amount":"","sales_update_date":"2026-01-30T01:24:20","calc_backorders":null,"_links":{"self":[{"href":"https:\/\/aromasentia.com\/da\/wp-json\/wp\/v2\/product\/202865","targetHints":{"allow":["GET"]}}],"collection":[{"href":"https:\/\/aromasentia.com\/da\/wp-json\/wp\/v2\/product"}],"about":[{"href":"https:\/\/aromasentia.com\/da\/wp-json\/wp\/v2\/types\/product"}],"replies":[{"embeddable":true,"href":"https:\/\/aromasentia.com\/da\/wp-json\/wp\/v2\/comments?post=202865"}],"version-history":[{"count":0,"href":"https:\/\/aromasentia.com\/da\/wp-json\/wp\/v2\/product\/202865\/revisions"}],"wp:featuredmedia":[{"embeddable":true,"href":"https:\/\/aromasentia.com\/da\/wp-json\/wp\/v2\/media\/261535"}],"wp:attachment":[{"href":"https:\/\/aromasentia.com\/da\/wp-json\/wp\/v2\/media?parent=202865"}],"wp:term":[{"taxonomy":"product_brand","embeddable":true,"href":"https:\/\/aromasentia.com\/da\/wp-json\/wp\/v2\/product_brand?post=202865"},{"taxonomy":"product_cat","embeddable":true,"href":"https:\/\/aromasentia.com\/da\/wp-json\/wp\/v2\/product_cat?post=202865"},{"taxonomy":"product_tag","embeddable":true,"href":"https:\/\/aromasentia.com\/da\/wp-json\/wp\/v2\/product_tag?post=202865"}],"curies":[{"name":"wp","href":"https:\/\/api.w.org\/{rel}","templated":true}]}}