{"id":202863,"date":"2025-03-20T14:51:35","date_gmt":"2025-03-20T14:51:35","guid":{"rendered":"https:\/\/aromasentia.com\/product\/10-ml-palmarosa-essential-oil\/"},"modified":"2025-06-22T04:09:30","modified_gmt":"2025-06-22T04:09:30","slug":"palmarosa-aeterisk-olie-10ml","status":"publish","type":"product","link":"https:\/\/aromasentia.com\/da\/palmarosa-aeterisk-olie-10ml\/","title":{"rendered":"Palmarosa \u00c6terisk Olie 10ml"},"content":{"rendered":"<p><strong>Latinsk navn:<\/strong>Cymbopogon Martinii<br \/><strong>Anvendt plantedel:<\/strong>Gr\u00e6s<br \/><strong>Oprindelse:<\/strong> Indien<br \/><strong>Ekstraktionsmetode:<\/strong>Dampdestillation<\/p>\n<p><strong>Palmarosa \u00e6terisk olie<\/strong>har en rosenlignende duft, der g\u00f8r den til en smuk tilf\u00f8jelse til din samling af \u00e6teriske olier. Det er en \u00e6terisk olie, der er kendt for sine naturlige fordele for huden.<\/p>\n<p>Palmarosa er en af naturens stjernebeskyttere af hudens sundhed. Den regulerer hudens fugtighed og olieproduktion og er derfor nyttig til b\u00e5de t\u00f8r og fedtet hud. Dette er grunden til, at Palmarosa-olie tils\u00e6ttes hudprodukter som s\u00e6ber, cremer osv. Palmarosa \u00e6terisk olie tilbyder cellefornyende fordele og genopretter hudens sundhed og harmoni. Den er ogs\u00e5 kendt for sin evne til at forynge tr\u00e6tte, \u00f8mme f\u00f8dder, s\u00e5 den er fantastisk til fodbad.<\/p>\n<p>Med b\u00e5de beroligende og opl\u00f8ftende virkning er den en styrkende kraft for hjerte og sind. Den underst\u00f8tter dyb s\u00f8vn, opl\u00f8fter, beroliger og afbalancerer hum\u00f8ret og giver komfort og st\u00f8tte til feminine cyklusser. Samtidig underst\u00f8tter den en sund velv\u00e6re, hvilket g\u00f8r palmarosa dygtig til at hj\u00e6lpe med at fremskynde restitutionstiden i den udfordrende vinters\u00e6son. Palmarosa er k\u00f8lende og fugtgivende og kan i bund og grund tilbyde lindring fra mentale lidelser som usikkerhed, sorg eller forsvars\u00e5nd.<\/p>\n","protected":false},"excerpt":{"rendered":"<p>Latinsk navn:Cymbopogon MartiniiAnvendt plantedel:Gr\u00e6sOprindelse: IndienEkstraktionsmetode:Dampdestillation Palmarosa \u00e6terisk oliehar en rosenlignende duft, der g\u00f8r den til en smuk tilf\u00f8jelse til din samling af \u00e6teriske olier. Det er en \u00e6terisk olie, der er kendt for sine naturlige fordele for huden. Palmarosa er en af naturens stjernebeskyttere af hudens sundhed. Den regulerer hudens fugtighed og olieproduktion og er [&hellip;]<\/p>\n","protected":false},"featured_media":261501,"comment_status":"closed","ping_status":"open","template":"","meta":{"_angie_page":false},"product_brand":[27094],"product_cat":[7647,6153,26830,25839,25975],"product_tag":[],"class_list":{"0":"post-202863","1":"product","2":"type-product","3":"status-publish","4":"has-post-thumbnail","6":"product_brand-ancient-wisdom","7":"product_cat-aeteriske-olier","8":"product_cat-aromaterapi-og-rumdufte","9":"product_cat-blomster","10":"product_cat-dufte-aromaer","11":"product_cat-palmarosa","12":"pa_collection-aromatherapy-essential-oils-10ml-da","13":"pa_made-in-indien","14":"pa_size-10ml","16":"first","17":"instock","18":"purchasable","19":"product-type-simple"},"supplier_id":null,"supplier_sku":"EO-36","barcode":null,"atum_controlled":true,"out_stock_date":null,"out_stock_threshold":null,"inheritable":false,"inbound_stock":null,"stock_on_hold":0,"sold_today":0,"sales_last_days":0,"reserved_stock":null,"customer_returns":null,"warehouse_damage":null,"lost_in_post":null,"other_logs":null,"out_stock_days":0,"lost_sales":0,"has_location":null,"update_date":"2026-04-30T05:06:26","atum_locations":[],"atum_stock_status":"instock","restock_status":false,"low_stock_amount":"","sales_update_date":"2025-09-03T00:27:46","calc_backorders":null,"_links":{"self":[{"href":"https:\/\/aromasentia.com\/da\/wp-json\/wp\/v2\/product\/202863","targetHints":{"allow":["GET"]}}],"collection":[{"href":"https:\/\/aromasentia.com\/da\/wp-json\/wp\/v2\/product"}],"about":[{"href":"https:\/\/aromasentia.com\/da\/wp-json\/wp\/v2\/types\/product"}],"replies":[{"embeddable":true,"href":"https:\/\/aromasentia.com\/da\/wp-json\/wp\/v2\/comments?post=202863"}],"version-history":[{"count":0,"href":"https:\/\/aromasentia.com\/da\/wp-json\/wp\/v2\/product\/202863\/revisions"}],"wp:featuredmedia":[{"embeddable":true,"href":"https:\/\/aromasentia.com\/da\/wp-json\/wp\/v2\/media\/261501"}],"wp:attachment":[{"href":"https:\/\/aromasentia.com\/da\/wp-json\/wp\/v2\/media?parent=202863"}],"wp:term":[{"taxonomy":"product_brand","embeddable":true,"href":"https:\/\/aromasentia.com\/da\/wp-json\/wp\/v2\/product_brand?post=202863"},{"taxonomy":"product_cat","embeddable":true,"href":"https:\/\/aromasentia.com\/da\/wp-json\/wp\/v2\/product_cat?post=202863"},{"taxonomy":"product_tag","embeddable":true,"href":"https:\/\/aromasentia.com\/da\/wp-json\/wp\/v2\/product_tag?post=202863"}],"curies":[{"name":"wp","href":"https:\/\/api.w.org\/{rel}","templated":true}]}}