{"id":202855,"date":"2025-03-20T14:51:35","date_gmt":"2025-03-20T14:51:35","guid":{"rendered":"https:\/\/aromasentia.com\/product\/10-ml-lemongrass-essential-oil\/"},"modified":"2025-06-22T04:09:23","modified_gmt":"2025-06-22T04:09:23","slug":"citrongraes-aeterisk-olie-10ml","status":"publish","type":"product","link":"https:\/\/aromasentia.com\/da\/citrongraes-aeterisk-olie-10ml\/","title":{"rendered":"Citrongr\u00e6s \u00c6terisk Olie 10ml"},"content":{"rendered":"<p><strong>Latinsk navn:<\/strong> Cymbopogon Citratus<br \/><strong>Anvendt plantedel: Blade<br \/><strong>Kilde:<\/strong> Guatamala<br \/><strong>Ekstraktionsmetode:<\/strong>Dampdestillation<\/p>\n<p><strong>Citrongr\u00e6s \u00e6terisk olie<\/strong> udvindes fra Cymbopogon citratus, ogs\u00e5 kendt som &#8216;oliegr\u00e6s&#8217;, fra friske eller delvist t\u00f8rrede blade ved dampdestillation. Denne olie siges at bek\u00e6mpe tr\u00e6thed og hj\u00e6lpe med at opfriske en tr\u00e6t krop og sind. Det er ogs\u00e5 en behageligt duftende m\u00e5de at holde et k\u00e6ledyr fri for lopper og fl\u00e5ter. Citrongr\u00e6s indeholder citral, som giver den prim\u00e6re smag i citronskal.<\/p>\n<p>Citrongr\u00e6solie menes at lindre jetlag, hovedpine, nerv\u00f8s udmattelse og stress. Det styrker det parasympatiske nervesystem for hurtigere helbredelse efter en sygdom og stimulerer kirtelsekreter. Det hj\u00e6lper med at tone muskler og v\u00e6v og dermed lindre muskelsmerter. Det er nyttigt til behandling af ondt i halsen, laryngitis og feber, og det hj\u00e6lper med at stoppe spredning af infektion. Det hj\u00e6lper mod colitis, ford\u00f8jelsesbesv\u00e6r og gastroenteritis. Det renser fedtet hud og reducerer overdreven sved. Det kan dog irritere huden, s\u00e5 man skal v\u00e6re forsigtig, n\u00e5r det bruges p\u00e5 huden. Undg\u00e5 brug under graviditet.<\/p>\n<p>Citrongr\u00e6s er et fler\u00e5rigt aromatisk gr\u00e6s, der plejede at vokse vildt i Indien, hvor det er kendt som choomana poolu. Det er ogs\u00e5 kendt som indisk verbena eller indisk melissaolie og bruges i Ayurveda, den gamle traditionelle helbredelseskunst, til at hj\u00e6lpe med at s\u00e6nke feber og behandle infektionssygdomme; det kaldes derfor ogs\u00e5 &#8216;febergr\u00e6s&#8217;.<\/p>\n","protected":false},"excerpt":{"rendered":"<p>Latinsk navn: Cymbopogon CitratusAnvendt plantedel: BladeKilde: GuatamalaEkstraktionsmetode:Dampdestillation Citrongr\u00e6s \u00e6terisk olie udvindes fra Cymbopogon citratus, ogs\u00e5 kendt som &#8216;oliegr\u00e6s&#8217;, fra friske eller delvist t\u00f8rrede blade ved dampdestillation. Denne olie siges at bek\u00e6mpe tr\u00e6thed og hj\u00e6lpe med at opfriske en tr\u00e6t krop og sind. Det er ogs\u00e5 en behageligt duftende m\u00e5de at holde et k\u00e6ledyr fri for [&hellip;]<\/p>\n","protected":false},"featured_media":261373,"comment_status":"closed","ping_status":"open","template":"","meta":{"_angie_page":false},"product_brand":[27094],"product_cat":[7647,6153,25961,25839],"product_tag":[],"class_list":{"0":"post-202855","1":"product","2":"type-product","3":"status-publish","4":"has-post-thumbnail","6":"product_brand-ancient-wisdom","7":"product_cat-aeteriske-olier","8":"product_cat-aromaterapi-og-rumdufte","9":"product_cat-citrongraes","10":"product_cat-dufte-aromaer","11":"pa_collection-aromatherapy-essential-oils-10ml-da","12":"pa_made-in-indien","13":"pa_size-10ml","15":"first","16":"instock","17":"purchasable","18":"product-type-simple"},"supplier_id":null,"supplier_sku":"EO-28","barcode":null,"atum_controlled":true,"out_stock_date":null,"out_stock_threshold":null,"inheritable":false,"inbound_stock":0,"stock_on_hold":0,"sold_today":0,"sales_last_days":0,"reserved_stock":0,"customer_returns":0,"warehouse_damage":0,"lost_in_post":0,"other_logs":0,"out_stock_days":0,"lost_sales":0,"has_location":false,"update_date":"2026-04-27T07:00:40","atum_locations":[],"atum_stock_status":"instock","restock_status":false,"low_stock_amount":"","sales_update_date":"2026-01-30T01:26:14","calc_backorders":null,"_links":{"self":[{"href":"https:\/\/aromasentia.com\/da\/wp-json\/wp\/v2\/product\/202855","targetHints":{"allow":["GET"]}}],"collection":[{"href":"https:\/\/aromasentia.com\/da\/wp-json\/wp\/v2\/product"}],"about":[{"href":"https:\/\/aromasentia.com\/da\/wp-json\/wp\/v2\/types\/product"}],"replies":[{"embeddable":true,"href":"https:\/\/aromasentia.com\/da\/wp-json\/wp\/v2\/comments?post=202855"}],"version-history":[{"count":0,"href":"https:\/\/aromasentia.com\/da\/wp-json\/wp\/v2\/product\/202855\/revisions"}],"wp:featuredmedia":[{"embeddable":true,"href":"https:\/\/aromasentia.com\/da\/wp-json\/wp\/v2\/media\/261373"}],"wp:attachment":[{"href":"https:\/\/aromasentia.com\/da\/wp-json\/wp\/v2\/media?parent=202855"}],"wp:term":[{"taxonomy":"product_brand","embeddable":true,"href":"https:\/\/aromasentia.com\/da\/wp-json\/wp\/v2\/product_brand?post=202855"},{"taxonomy":"product_cat","embeddable":true,"href":"https:\/\/aromasentia.com\/da\/wp-json\/wp\/v2\/product_cat?post=202855"},{"taxonomy":"product_tag","embeddable":true,"href":"https:\/\/aromasentia.com\/da\/wp-json\/wp\/v2\/product_tag?post=202855"}],"curies":[{"name":"wp","href":"https:\/\/api.w.org\/{rel}","templated":true}]}}