{"id":202854,"date":"2025-03-20T14:51:35","date_gmt":"2025-03-20T14:51:35","guid":{"rendered":"https:\/\/aromasentia.com\/product\/10-ml-juniperberry-essential-oil\/"},"modified":"2025-06-22T04:09:23","modified_gmt":"2025-06-22T04:09:23","slug":"enebaer-aeterisk-olie-10ml","status":"publish","type":"product","link":"https:\/\/aromasentia.com\/da\/enebaer-aeterisk-olie-10ml\/","title":{"rendered":"Eneb\u00e6r \u00c6terisk Olie 10ml"},"content":{"rendered":"<p><strong>Latinsk navn:<\/strong> Juniperus Communis<br \/><strong>Anvendt plantedel:<\/strong>B\u00e6r<br \/><strong>Oprindelse:<\/strong> Makedonien<br \/><strong>Ekstraktionsmetode:<\/strong>Dampdestillation<\/p>\n<p><strong>Eneb\u00e6r \u00e6terisk olie<\/strong> er udvundet fra b\u00e6rrene fra et n\u00e5letr\u00e6 og er kendt for sine alsidige anvendelser og fordele. Duften af eneb\u00e6rolie er tr\u00e6agtig, krydret og ren. N\u00e5r den bruges for sin aroma, har eneb\u00e6r \u00e6terisk olie en beroligende og jordnende effekt og kan ogs\u00e5 diffuseres for at hj\u00e6lpe med at rense og oprense luften.<\/p>\n<p>Eneb\u00e6r er et naturligt antiseptisk middel, ligesom den \u00e6teriske olie. En rumspray\/luftfrisker lavet med eneb\u00e6r \u00e6terisk olie kan hj\u00e6lpe med at dr\u00e6be luftb\u00e5rne bakterier.<\/p>\n","protected":false},"excerpt":{"rendered":"<p>Latinsk navn: Juniperus CommunisAnvendt plantedel:B\u00e6rOprindelse: MakedonienEkstraktionsmetode:Dampdestillation Eneb\u00e6r \u00e6terisk olie er udvundet fra b\u00e6rrene fra et n\u00e5letr\u00e6 og er kendt for sine alsidige anvendelser og fordele. Duften af eneb\u00e6rolie er tr\u00e6agtig, krydret og ren. N\u00e5r den bruges for sin aroma, har eneb\u00e6r \u00e6terisk olie en beroligende og jordnende effekt og kan ogs\u00e5 diffuseres for at hj\u00e6lpe [&hellip;]<\/p>\n","protected":false},"featured_media":261356,"comment_status":"closed","ping_status":"open","template":"","meta":{"_angie_page":false},"product_brand":[27094],"product_cat":[7647,6153,25839,25956,26893],"product_tag":[],"class_list":{"0":"post-202854","1":"product","2":"type-product","3":"status-publish","4":"has-post-thumbnail","6":"product_brand-ancient-wisdom","7":"product_cat-aeteriske-olier","8":"product_cat-aromaterapi-og-rumdufte","9":"product_cat-dufte-aromaer","10":"product_cat-enebaer","11":"product_cat-traeagtig","12":"pa_collection-aromatherapy-essential-oils-10ml-da","13":"pa_made-in-kroatien","14":"pa_size-10ml","16":"first","17":"instock","18":"purchasable","19":"product-type-simple"},"supplier_id":null,"supplier_sku":"EO-27","barcode":null,"atum_controlled":true,"out_stock_date":null,"out_stock_threshold":null,"inheritable":false,"inbound_stock":0,"stock_on_hold":0,"sold_today":0,"sales_last_days":0,"reserved_stock":0,"customer_returns":0,"warehouse_damage":0,"lost_in_post":0,"other_logs":0,"out_stock_days":0,"lost_sales":0,"has_location":false,"update_date":"2026-04-27T07:00:40","atum_locations":[],"atum_stock_status":"instock","restock_status":false,"low_stock_amount":"","sales_update_date":"2025-09-03T00:27:40","calc_backorders":null,"_links":{"self":[{"href":"https:\/\/aromasentia.com\/da\/wp-json\/wp\/v2\/product\/202854","targetHints":{"allow":["GET"]}}],"collection":[{"href":"https:\/\/aromasentia.com\/da\/wp-json\/wp\/v2\/product"}],"about":[{"href":"https:\/\/aromasentia.com\/da\/wp-json\/wp\/v2\/types\/product"}],"replies":[{"embeddable":true,"href":"https:\/\/aromasentia.com\/da\/wp-json\/wp\/v2\/comments?post=202854"}],"version-history":[{"count":0,"href":"https:\/\/aromasentia.com\/da\/wp-json\/wp\/v2\/product\/202854\/revisions"}],"wp:featuredmedia":[{"embeddable":true,"href":"https:\/\/aromasentia.com\/da\/wp-json\/wp\/v2\/media\/261356"}],"wp:attachment":[{"href":"https:\/\/aromasentia.com\/da\/wp-json\/wp\/v2\/media?parent=202854"}],"wp:term":[{"taxonomy":"product_brand","embeddable":true,"href":"https:\/\/aromasentia.com\/da\/wp-json\/wp\/v2\/product_brand?post=202854"},{"taxonomy":"product_cat","embeddable":true,"href":"https:\/\/aromasentia.com\/da\/wp-json\/wp\/v2\/product_cat?post=202854"},{"taxonomy":"product_tag","embeddable":true,"href":"https:\/\/aromasentia.com\/da\/wp-json\/wp\/v2\/product_tag?post=202854"}],"curies":[{"name":"wp","href":"https:\/\/api.w.org\/{rel}","templated":true}]}}