{"id":202853,"date":"2025-03-20T14:52:06","date_gmt":"2025-03-20T14:52:06","guid":{"rendered":"https:\/\/aromasentia.com\/product\/10-ml-white-camphor-essential-oil\/"},"modified":"2025-06-22T04:09:22","modified_gmt":"2025-06-22T04:09:22","slug":"hvid-kamfer-aeterisk-olie-10ml","status":"publish","type":"product","link":"https:\/\/aromasentia.com\/da\/hvid-kamfer-aeterisk-olie-10ml\/","title":{"rendered":"Hvid Kamfer \u00c6terisk Olie 10ml"},"content":{"rendered":"<p><span style=\"color: rgb(75, 80, 88);\"><strong>\u00c6terisk olie af hvid kamfer<\/strong> dufter frisk, intenst og tr\u00e6agtigt. Dens aroma minder lidt om eukalyptus p\u00e5 grund af dens h\u00f8je indhold af cineol.<\/span><\/p>\n<p><span style=\"color: rgb(75, 80, 88);\">\u00c6terisk olie af hvid kamfer giver lindring af luftvejene. Den lindrer \u00f8jeblikkeligt tilstoppethed i bronkier, strubehoved, sv\u00e6lg, n\u00e6sekanaler og lunger. N\u00e5r kamferolie p\u00e5f\u00f8res huden, kan det hj\u00e6lpe med at lindre smerter og bet\u00e6ndelse.<\/span><\/p>\n<p><span style=\"color: rgb(75, 80, 88);\">Det kan hj\u00e6lpe med muskelsmerter, gigt, hoste, bronkitis, fork\u00f8lelse, akne, udsl\u00e6t, parasitinfektioner i huden, kontusioner, bl\u00e5 m\u00e6rker og insektmiddel.<\/span><\/p>\n<p><span style=\"color: rgb(75, 80, 88);\"><strong>NB: Vores \u00e6teriske olier er ikke egnede til indvortes brug.<\/strong><\/span><\/p>\n","protected":false},"excerpt":{"rendered":"<p>\u00c6terisk olie af hvid kamfer dufter frisk, intenst og tr\u00e6agtigt. Dens aroma minder lidt om eukalyptus p\u00e5 grund af dens h\u00f8je indhold af cineol. \u00c6terisk olie af hvid kamfer giver lindring af luftvejene. Den lindrer \u00f8jeblikkeligt tilstoppethed i bronkier, strubehoved, sv\u00e6lg, n\u00e6sekanaler og lunger. N\u00e5r kamferolie p\u00e5f\u00f8res huden, kan det hj\u00e6lpe med at lindre smerter [&hellip;]<\/p>\n","protected":false},"featured_media":261765,"comment_status":"closed","ping_status":"open","template":"","meta":{"_angie_page":false},"product_brand":[27094],"product_cat":[7647,6153,25839,25999,26865],"product_tag":[],"class_list":{"0":"post-202853","1":"product","2":"type-product","3":"status-publish","4":"has-post-thumbnail","6":"product_brand-ancient-wisdom","7":"product_cat-aeteriske-olier","8":"product_cat-aromaterapi-og-rumdufte","9":"product_cat-dufte-aromaer","10":"product_cat-hvid-kamfer","11":"product_cat-medicinsk-kamferagtig","12":"pa_collection-aromatherapy-essential-oils-10ml-da","13":"pa_made-in-kina","14":"pa_size-10ml","16":"first","17":"instock","18":"purchasable","19":"product-type-simple"},"supplier_id":null,"supplier_sku":"EO-57","barcode":null,"atum_controlled":true,"out_stock_date":null,"out_stock_threshold":null,"inheritable":false,"inbound_stock":null,"stock_on_hold":0,"sold_today":0,"sales_last_days":0,"reserved_stock":null,"customer_returns":null,"warehouse_damage":null,"lost_in_post":null,"other_logs":null,"out_stock_days":0,"lost_sales":0,"has_location":null,"update_date":"2026-04-27T07:00:50","atum_locations":[],"atum_stock_status":"instock","restock_status":false,"low_stock_amount":"","sales_update_date":"2025-09-03T00:27:52","calc_backorders":null,"_links":{"self":[{"href":"https:\/\/aromasentia.com\/da\/wp-json\/wp\/v2\/product\/202853","targetHints":{"allow":["GET"]}}],"collection":[{"href":"https:\/\/aromasentia.com\/da\/wp-json\/wp\/v2\/product"}],"about":[{"href":"https:\/\/aromasentia.com\/da\/wp-json\/wp\/v2\/types\/product"}],"replies":[{"embeddable":true,"href":"https:\/\/aromasentia.com\/da\/wp-json\/wp\/v2\/comments?post=202853"}],"version-history":[{"count":0,"href":"https:\/\/aromasentia.com\/da\/wp-json\/wp\/v2\/product\/202853\/revisions"}],"wp:featuredmedia":[{"embeddable":true,"href":"https:\/\/aromasentia.com\/da\/wp-json\/wp\/v2\/media\/261765"}],"wp:attachment":[{"href":"https:\/\/aromasentia.com\/da\/wp-json\/wp\/v2\/media?parent=202853"}],"wp:term":[{"taxonomy":"product_brand","embeddable":true,"href":"https:\/\/aromasentia.com\/da\/wp-json\/wp\/v2\/product_brand?post=202853"},{"taxonomy":"product_cat","embeddable":true,"href":"https:\/\/aromasentia.com\/da\/wp-json\/wp\/v2\/product_cat?post=202853"},{"taxonomy":"product_tag","embeddable":true,"href":"https:\/\/aromasentia.com\/da\/wp-json\/wp\/v2\/product_tag?post=202853"}],"curies":[{"name":"wp","href":"https:\/\/api.w.org\/{rel}","templated":true}]}}