{"id":202851,"date":"2025-03-20T14:52:06","date_gmt":"2025-03-20T14:52:06","guid":{"rendered":"https:\/\/aromasentia.com\/product\/10-ml-carrot-seed-essential-oil\/"},"modified":"2025-06-22T04:09:20","modified_gmt":"2025-06-22T04:09:20","slug":"gulerodsfroe-aeterisk-olie-10ml","status":"publish","type":"product","link":"https:\/\/aromasentia.com\/da\/gulerodsfroe-aeterisk-olie-10ml\/","title":{"rendered":"Gulerodsfr\u00f8 \u00c6terisk Olie 10ml"},"content":{"rendered":"<p><strong>Latinsk navn:<\/strong> Daucus Carota Sativa<br \/><strong>Anvendt plantedel:<\/strong>T\u00f8rrede fr\u00f8<br \/><strong>Kilde:<\/strong> Ungarn<br \/><strong>Ekstraktionsmetode:<\/strong> Dampdestillation<\/p>\n<p>Anvendes i aromaterapi, stimulerer <strong>gulerodsfr\u00f8olie<\/strong>cirkulationen samt hjerne- og nervefunktioner. Dens varme, jordagtige, tr\u00e6agtige og urteagtige duft har en beroligende, forfriskende og jordn\u00e6rende effekt, der er kendt for at mindske f\u00f8lelser af tr\u00e6thed, svaghed, angst og stress.<\/p>\n<p>Gulerodsfr\u00f8olie kan hj\u00e6lpe dig med at bevare din ungdom. Antioxidanter i denne \u00e6teriske olie reparerer de skader, som oxidanter har for\u00e5rsaget p\u00e5 dit v\u00e6v, og forhindrer dem i at for\u00e5rsage yderligere skade. Disse antioxidanter beskytter din hud mod rynker, forhindrer dit h\u00e5r i at blive hvidt, dine led i at blive stive, dine muskler i at blive sv\u00e6kkede og dit syn i at forringes.<\/p>\n<p>Denne kraftfulde \u00e6teriske olie kan behandle infektioner og beskytte mod deres virkninger. Den har antiseptiske egenskaber, herunder dens evne til at forebygge stivkrampe. Gulerodskerneolie kan bruges til behandling af infektioner p\u00e5 huden og i \u00e5bne s\u00e5r. Den bruges til behandling af virusinfektioner i luftvejene, herunder bronkitis. Den er ogs\u00e5 effektiv til at bek\u00e6mpe andre virusinfektioner, herunder influenza, f\u00e5resyge, hoste, fork\u00f8lelse og m\u00e6slinger.<\/p>\n<p>Gulerodskerneolie har evnen til at afgifte blod, v\u00e6v, muskler og indre organer som lever og nyrer. Den fjerner toksiner som urinsyre fra blod, v\u00e6v, muskler og led, hvorved den hj\u00e6lper med at behandle og bremse udviklingen af \u00f8dem, gigt, gigt og reumatisme.<\/p>\n","protected":false},"excerpt":{"rendered":"<p>Latinsk navn: Daucus Carota SativaAnvendt plantedel:T\u00f8rrede fr\u00f8Kilde: UngarnEkstraktionsmetode: Dampdestillation Anvendes i aromaterapi, stimulerer gulerodsfr\u00f8oliecirkulationen samt hjerne- og nervefunktioner. Dens varme, jordagtige, tr\u00e6agtige og urteagtige duft har en beroligende, forfriskende og jordn\u00e6rende effekt, der er kendt for at mindske f\u00f8lelser af tr\u00e6thed, svaghed, angst og stress. Gulerodsfr\u00f8olie kan hj\u00e6lpe dig med at bevare din ungdom. Antioxidanter [&hellip;]<\/p>\n","protected":false},"featured_media":261731,"comment_status":"closed","ping_status":"open","template":"","meta":{"_angie_page":false},"product_brand":[27094],"product_cat":[7647,6153,25839,25932,26823],"product_tag":[],"class_list":{"0":"post-202851","1":"product","2":"type-product","3":"status-publish","4":"has-post-thumbnail","6":"product_brand-ancient-wisdom","7":"product_cat-aeteriske-olier","8":"product_cat-aromaterapi-og-rumdufte","9":"product_cat-dufte-aromaer","10":"product_cat-gulerodsfro","11":"product_cat-jordagtig-og-gron","12":"pa_collection-aromatherapy-essential-oils-10ml-da","13":"pa_made-in-indien","14":"pa_size-10ml","16":"first","17":"instock","18":"purchasable","19":"product-type-simple"},"supplier_id":null,"supplier_sku":"EO-55","barcode":null,"atum_controlled":true,"out_stock_date":null,"out_stock_threshold":null,"inheritable":false,"inbound_stock":null,"stock_on_hold":0,"sold_today":0,"sales_last_days":0,"reserved_stock":null,"customer_returns":null,"warehouse_damage":null,"lost_in_post":null,"other_logs":null,"out_stock_days":0,"lost_sales":0,"has_location":null,"update_date":"2026-04-27T07:00:50","atum_locations":[],"atum_stock_status":"instock","restock_status":false,"low_stock_amount":"","sales_update_date":"2026-01-30T01:24:38","calc_backorders":null,"_links":{"self":[{"href":"https:\/\/aromasentia.com\/da\/wp-json\/wp\/v2\/product\/202851","targetHints":{"allow":["GET"]}}],"collection":[{"href":"https:\/\/aromasentia.com\/da\/wp-json\/wp\/v2\/product"}],"about":[{"href":"https:\/\/aromasentia.com\/da\/wp-json\/wp\/v2\/types\/product"}],"replies":[{"embeddable":true,"href":"https:\/\/aromasentia.com\/da\/wp-json\/wp\/v2\/comments?post=202851"}],"version-history":[{"count":0,"href":"https:\/\/aromasentia.com\/da\/wp-json\/wp\/v2\/product\/202851\/revisions"}],"wp:featuredmedia":[{"embeddable":true,"href":"https:\/\/aromasentia.com\/da\/wp-json\/wp\/v2\/media\/261731"}],"wp:attachment":[{"href":"https:\/\/aromasentia.com\/da\/wp-json\/wp\/v2\/media?parent=202851"}],"wp:term":[{"taxonomy":"product_brand","embeddable":true,"href":"https:\/\/aromasentia.com\/da\/wp-json\/wp\/v2\/product_brand?post=202851"},{"taxonomy":"product_cat","embeddable":true,"href":"https:\/\/aromasentia.com\/da\/wp-json\/wp\/v2\/product_cat?post=202851"},{"taxonomy":"product_tag","embeddable":true,"href":"https:\/\/aromasentia.com\/da\/wp-json\/wp\/v2\/product_tag?post=202851"}],"curies":[{"name":"wp","href":"https:\/\/api.w.org\/{rel}","templated":true}]}}