{"id":202849,"date":"2025-03-20T14:52:06","date_gmt":"2025-03-20T14:52:06","guid":{"rendered":"https:\/\/aromasentia.com\/product\/10-ml-may-chang-essential-oil\/"},"modified":"2025-06-22T04:09:19","modified_gmt":"2025-06-22T04:09:19","slug":"may-chang-aeterisk-olie-10ml","status":"publish","type":"product","link":"https:\/\/aromasentia.com\/da\/may-chang-aeterisk-olie-10ml\/","title":{"rendered":"may Chang \u00c6terisk Olie 10ml"},"content":{"rendered":"<p><strong>Latinsk navn:<\/strong> Litsea Cubeba<br \/><strong>Anvendt plantedel:<\/strong> Frugt<br \/><strong>Oprindelse:<\/strong> Kina<br \/><strong>Ekstraktionsmetode:<\/strong> Dampdestillation<\/p>\n<p><strong>May Chang \u00e6terisk olie<\/strong> er en meget opl\u00f8ftende og stimulerende olie og nyttig i perioder med tr\u00e6thed, melankoli og angst. Bruges til at skabe en opmuntrende atmosf\u00e6re, n\u00e5r den diffuseres. Traditionelt brugt som ford\u00f8jelseshj\u00e6lpemiddel kan May Chang hj\u00e6lpe med d\u00e5rlig ford\u00f8jelse og stimulere appetitten.<\/p>\n<p>May Chang \u00e6terisk olie har en forfriskende, stimulerende og opl\u00f8ftende virkning, hvilket g\u00f8r den perfekt til at lindre tr\u00e6thed og sl\u00f8ve psykologiske tilstande. Og fordi denne olie er en styrkende kraft for nervesystemet, g\u00f8r den den ideel til at klare dit hoved, n\u00e5r du f\u00f8ler dig angst, stresset eller forvirret.<\/p>\n<p>Den har ogs\u00e5 overraskende gode antiseptiske, svampedr\u00e6bende og antivirale egenskaber, som kan bruges til at holde hoste, fork\u00f8lelse og fodsvamp p\u00e5 afstand. Den er ogs\u00e5 fantastisk til reng\u00f8ringsopgaver i hjemmet, s\u00e5som sterilisering af k\u00f8kkenbordplader. For at \u00f8ge dens effektivitet kan blandingen \u00e6ndres med tea tree, og du f\u00e5r en kraftig rensende virkning uden den ubehagelige desinfektionslignende aroma.<\/p>\n","protected":false},"excerpt":{"rendered":"<p>Latinsk navn: Litsea CubebaAnvendt plantedel: FrugtOprindelse: KinaEkstraktionsmetode: Dampdestillation May Chang \u00e6terisk olie er en meget opl\u00f8ftende og stimulerende olie og nyttig i perioder med tr\u00e6thed, melankoli og angst. Bruges til at skabe en opmuntrende atmosf\u00e6re, n\u00e5r den diffuseres. Traditionelt brugt som ford\u00f8jelseshj\u00e6lpemiddel kan May Chang hj\u00e6lpe med d\u00e5rlig ford\u00f8jelse og stimulere appetitten. May Chang \u00e6terisk [&hellip;]<\/p>\n","protected":false},"featured_media":261697,"comment_status":"closed","ping_status":"open","template":"","meta":{"_angie_page":false},"product_brand":[27094],"product_cat":[7647,6153,25839,25965],"product_tag":[],"class_list":{"0":"post-202849","1":"product","2":"type-product","3":"status-publish","4":"has-post-thumbnail","6":"product_brand-ancient-wisdom","7":"product_cat-aeteriske-olier","8":"product_cat-aromaterapi-og-rumdufte","9":"product_cat-dufte-aromaer","10":"product_cat-may-chang-litsea-cubeba","11":"pa_collection-aromatherapy-essential-oils-10ml-da","12":"pa_made-in-kina","13":"pa_size-10ml","15":"first","16":"instock","17":"purchasable","18":"product-type-simple"},"supplier_id":null,"supplier_sku":"EO-52","barcode":null,"atum_controlled":true,"out_stock_date":null,"out_stock_threshold":null,"inheritable":false,"inbound_stock":null,"stock_on_hold":0,"sold_today":0,"sales_last_days":0,"reserved_stock":null,"customer_returns":null,"warehouse_damage":null,"lost_in_post":null,"other_logs":null,"out_stock_days":0,"lost_sales":0,"has_location":null,"update_date":"2026-05-04T00:02:52","atum_locations":[],"atum_stock_status":"instock","restock_status":false,"low_stock_amount":"","sales_update_date":"2025-09-03T00:27:51","calc_backorders":null,"_links":{"self":[{"href":"https:\/\/aromasentia.com\/da\/wp-json\/wp\/v2\/product\/202849","targetHints":{"allow":["GET"]}}],"collection":[{"href":"https:\/\/aromasentia.com\/da\/wp-json\/wp\/v2\/product"}],"about":[{"href":"https:\/\/aromasentia.com\/da\/wp-json\/wp\/v2\/types\/product"}],"replies":[{"embeddable":true,"href":"https:\/\/aromasentia.com\/da\/wp-json\/wp\/v2\/comments?post=202849"}],"version-history":[{"count":0,"href":"https:\/\/aromasentia.com\/da\/wp-json\/wp\/v2\/product\/202849\/revisions"}],"wp:featuredmedia":[{"embeddable":true,"href":"https:\/\/aromasentia.com\/da\/wp-json\/wp\/v2\/media\/261697"}],"wp:attachment":[{"href":"https:\/\/aromasentia.com\/da\/wp-json\/wp\/v2\/media?parent=202849"}],"wp:term":[{"taxonomy":"product_brand","embeddable":true,"href":"https:\/\/aromasentia.com\/da\/wp-json\/wp\/v2\/product_brand?post=202849"},{"taxonomy":"product_cat","embeddable":true,"href":"https:\/\/aromasentia.com\/da\/wp-json\/wp\/v2\/product_cat?post=202849"},{"taxonomy":"product_tag","embeddable":true,"href":"https:\/\/aromasentia.com\/da\/wp-json\/wp\/v2\/product_tag?post=202849"}],"curies":[{"name":"wp","href":"https:\/\/api.w.org\/{rel}","templated":true}]}}