{"id":202844,"date":"2025-03-20T14:52:06","date_gmt":"2025-03-20T14:52:06","guid":{"rendered":"https:\/\/aromasentia.com\/product\/10-ml-niaouli-essential-oil\/"},"modified":"2025-06-22T04:09:15","modified_gmt":"2025-06-22T04:09:15","slug":"niaouli-aeterisk-olie-10ml","status":"publish","type":"product","link":"https:\/\/aromasentia.com\/da\/niaouli-aeterisk-olie-10ml\/","title":{"rendered":"Niaouli \u00c6terisk Olie 10ml"},"content":{"rendered":"<p><strong>Latinsk navn:<\/strong> Melaleueca Viridiflora<br \/><strong>Anvendt plantedel:<\/strong> Blade og kviste<br \/><strong>Kilde:<\/strong> Indonesien<br \/><strong>Ekstraktionsmetode:<\/strong> Dampdestillation<\/p>\n<p>Niaouli \u00e6terisk olie er ikke den bedst duftende \u00e6teriske olie. Hvad den mangler i aromatisk appel, kompenseres dog for med dens terapeutiske fordele. Det er et fremragende valg til brug ved luftvejsproblemer, hudinfektioner og akne.<\/p>\n<p>Aromatisk betragtes<strong>Niaouli \u00e6terisk olie<\/strong> generelt ikke som en behagelig \u00e6terisk olie. Aromaen er kamferagtig, jordagtig og lidt h\u00e5rd. Det er aldrig en god id\u00e9 at danne sig en mening om aromaen af en \u00e6terisk olie ved blot at dufte den direkte fra flasken.<\/p>\n<p>Denne olies smertelindrende egenskaber g\u00f8r den til et meget godt smertestillende middel. Den fjerner smerter ved at fremkalde f\u00f8lelsesl\u00f8shed i nerverne og ved at desensibilisere omr\u00e5det. Den er meget effektiv til at lindre smerter fra hovedpine, migr\u00e6ne, tandpine, \u00f8repine og muskel- og ledsmerter, samt smerter for\u00e5rsaget af forstuvninger.<\/p>\n<p>Denne olie stimulerer blod- og lymfecirkulationen, hvorved den forhindrer ophobning af urinsyre i leddene og bringer varme til forskellige dele af kroppen. Disse to faktorer tilsammen hj\u00e6lper med at lindre gigt, gigt og gigt.<\/p>\n<p>\u00c5bne s\u00e5r er tilb\u00f8jelige til infektioner, da bakterier, svampe og andre mikrober har en meget god chance for at komme ind i blodbanen gennem disse s\u00e5r. Bakterier findes ogs\u00e5 i urogenitale kanaler, tyktarmen, prostata, tarme og nyrer og for\u00e5rsager infektioner i urinr\u00f8ret og andre f\u00f8lsomme kropsdele. Den \u00e6teriske olie af niaouli kan, takket v\u00e6re dens antiseptiske egenskaber, h\u00e6mme bakteriev\u00e6kst i disse omr\u00e5der og giver god beskyttelse mod sepsis, stivkrampe og infektioner i andre indre organer.<\/p>\n","protected":false},"excerpt":{"rendered":"<p>Latinsk navn: Melaleueca ViridifloraAnvendt plantedel: Blade og kvisteKilde: IndonesienEkstraktionsmetode: Dampdestillation Niaouli \u00e6terisk olie er ikke den bedst duftende \u00e6teriske olie. Hvad den mangler i aromatisk appel, kompenseres dog for med dens terapeutiske fordele. Det er et fremragende valg til brug ved luftvejsproblemer, hudinfektioner og akne. Aromatisk betragtesNiaouli \u00e6terisk olie generelt ikke som en behagelig \u00e6terisk [&hellip;]<\/p>\n","protected":false},"featured_media":261612,"comment_status":"closed","ping_status":"open","template":"","meta":[],"product_brand":[27094],"product_cat":[7647,6153,25839,26865,25970],"product_tag":[],"class_list":{"0":"post-202844","1":"product","2":"type-product","3":"status-publish","4":"has-post-thumbnail","6":"product_brand-ancient-wisdom","7":"product_cat-aeteriske-olier","8":"product_cat-aromaterapi-og-rumdufte","9":"product_cat-dufte-aromaer","10":"product_cat-medicinsk-kamferagtig","11":"product_cat-niaouli","12":"pa_collection-aromatherapy-essential-oils-10ml-da","13":"pa_made-in-indonesien","14":"pa_size-10ml","16":"first","17":"instock","18":"purchasable","19":"product-type-simple"},"supplier_id":null,"supplier_sku":"EO-44","barcode":null,"atum_controlled":true,"out_stock_date":null,"out_stock_threshold":null,"inheritable":false,"inbound_stock":null,"stock_on_hold":0,"sold_today":0,"sales_last_days":0,"reserved_stock":null,"customer_returns":null,"warehouse_damage":null,"lost_in_post":null,"other_logs":null,"out_stock_days":0,"lost_sales":0,"has_location":null,"update_date":"2026-02-09T17:54:54","atum_locations":[],"atum_stock_status":"instock","restock_status":false,"low_stock_amount":"","sales_update_date":"2025-09-03T00:27:44","calc_backorders":null,"_links":{"self":[{"href":"https:\/\/aromasentia.com\/da\/wp-json\/wp\/v2\/product\/202844","targetHints":{"allow":["GET"]}}],"collection":[{"href":"https:\/\/aromasentia.com\/da\/wp-json\/wp\/v2\/product"}],"about":[{"href":"https:\/\/aromasentia.com\/da\/wp-json\/wp\/v2\/types\/product"}],"replies":[{"embeddable":true,"href":"https:\/\/aromasentia.com\/da\/wp-json\/wp\/v2\/comments?post=202844"}],"version-history":[{"count":0,"href":"https:\/\/aromasentia.com\/da\/wp-json\/wp\/v2\/product\/202844\/revisions"}],"wp:featuredmedia":[{"embeddable":true,"href":"https:\/\/aromasentia.com\/da\/wp-json\/wp\/v2\/media\/261612"}],"wp:attachment":[{"href":"https:\/\/aromasentia.com\/da\/wp-json\/wp\/v2\/media?parent=202844"}],"wp:term":[{"taxonomy":"product_brand","embeddable":true,"href":"https:\/\/aromasentia.com\/da\/wp-json\/wp\/v2\/product_brand?post=202844"},{"taxonomy":"product_cat","embeddable":true,"href":"https:\/\/aromasentia.com\/da\/wp-json\/wp\/v2\/product_cat?post=202844"},{"taxonomy":"product_tag","embeddable":true,"href":"https:\/\/aromasentia.com\/da\/wp-json\/wp\/v2\/product_tag?post=202844"}],"curies":[{"name":"wp","href":"https:\/\/api.w.org\/{rel}","templated":true}]}}