{"id":202843,"date":"2025-03-20T14:52:06","date_gmt":"2025-03-20T14:52:06","guid":{"rendered":"https:\/\/aromasentia.com\/product\/10-ml-coriander-seed-essential-oil\/"},"modified":"2025-06-22T04:09:15","modified_gmt":"2025-06-22T04:09:15","slug":"korianderfroe-aeterisk-olie-10ml","status":"publish","type":"product","link":"https:\/\/aromasentia.com\/da\/korianderfroe-aeterisk-olie-10ml\/","title":{"rendered":"Korianderfr\u00f8 \u00c6terisk Olie 10ml"},"content":{"rendered":"<p><strong>Latinsk navn:<\/strong> Coriandrum Sativum<br \/><strong>Anvendt plantedel:<\/strong> Fr\u00f8<br \/><strong>Kilde:<\/strong> Rusland<br \/><strong>Ekstraktionsmetode:<\/strong> Dampdestillation<\/p>\n<p>De sundhedsm\u00e6ssige fordele ved \u00e6terisk korianderolie kan tilskrives dens egenskaber som et smertestillende, elskovsmiddel, antispasmodisk, karminativt, deodorant, ford\u00f8jelses-, svampedr\u00e6bende, lipolytisk, stimulerende og mavefremmende stof.<\/p>\n<p><strong>Korianderolie<\/strong> kan g\u00f8re dit \u00e6gteskab himmelsk. Det v\u00e6kker og \u00f8ger libido, samt helbreder midlertidig impotens, frigiditet hos b\u00e5de m\u00e6nd og kvinder, erektil dysfunktion og generelt tab af interesse for sex.<\/p>\n<p>Folk, der er tr\u00e6tte af at pr\u00f8ve alle mulige metoder til at tabe sig, skal v\u00e6re opm\u00e6rksomme p\u00e5 denne egenskab ved \u00e6terisk korianderolie. Det fremmer lipolyse, hvilket betyder hydrolyse af lipider, hvilket igen betyder hydrolyse eller nedbrydning af fedt og kolesterol. Jo hurtigere lipolysen er, jo hurtigere bliver du slank og taber dig.<\/p>\n<p>Koriander lindrer ogs\u00e5 nervekramper, kramper og afslapper generelt din krop og sind. Det stimulerer og varmer ogs\u00e5 organsystemerne og forskellige funktioner, der foreg\u00e5r i kroppen. Det stimulerer hormon- og enzymsekretioner, ford\u00f8jelse, udskillelse, hjernefunktioner og nervesystemaktivitet. Det bek\u00e6mper ogs\u00e5 depression og forbedrer dit hum\u00f8r.<\/p>\n","protected":false},"excerpt":{"rendered":"<p>Latinsk navn: Coriandrum SativumAnvendt plantedel: Fr\u00f8Kilde: RuslandEkstraktionsmetode: Dampdestillation De sundhedsm\u00e6ssige fordele ved \u00e6terisk korianderolie kan tilskrives dens egenskaber som et smertestillende, elskovsmiddel, antispasmodisk, karminativt, deodorant, ford\u00f8jelses-, svampedr\u00e6bende, lipolytisk, stimulerende og mavefremmende stof. Korianderolie kan g\u00f8re dit \u00e6gteskab himmelsk. Det v\u00e6kker og \u00f8ger libido, samt helbreder midlertidig impotens, frigiditet hos b\u00e5de m\u00e6nd og kvinder, erektil dysfunktion [&hellip;]<\/p>\n","protected":false},"featured_media":261595,"comment_status":"closed","ping_status":"open","template":"","meta":{"_angie_page":false},"product_brand":[27094],"product_cat":[7647,6153,25839,25939,26886],"product_tag":[],"class_list":{"0":"post-202843","1":"product","2":"type-product","3":"status-publish","4":"has-post-thumbnail","6":"product_brand-ancient-wisdom","7":"product_cat-aeteriske-olier","8":"product_cat-aromaterapi-og-rumdufte","9":"product_cat-dufte-aromaer","10":"product_cat-korianderfro","11":"product_cat-krydret","12":"pa_collection-aromatherapy-essential-oils-10ml-da","13":"pa_made-in-ungarn","14":"pa_size-10ml","16":"first","17":"instock","18":"purchasable","19":"product-type-simple"},"supplier_id":null,"supplier_sku":"EO-42","barcode":null,"atum_controlled":true,"out_stock_date":null,"out_stock_threshold":null,"inheritable":false,"inbound_stock":null,"stock_on_hold":0,"sold_today":0,"sales_last_days":0,"reserved_stock":null,"customer_returns":null,"warehouse_damage":null,"lost_in_post":null,"other_logs":null,"out_stock_days":0,"lost_sales":0,"has_location":null,"update_date":"2026-04-27T07:00:50","atum_locations":[],"atum_stock_status":"instock","restock_status":false,"low_stock_amount":"","sales_update_date":"2026-02-06T00:02:52","calc_backorders":null,"_links":{"self":[{"href":"https:\/\/aromasentia.com\/da\/wp-json\/wp\/v2\/product\/202843","targetHints":{"allow":["GET"]}}],"collection":[{"href":"https:\/\/aromasentia.com\/da\/wp-json\/wp\/v2\/product"}],"about":[{"href":"https:\/\/aromasentia.com\/da\/wp-json\/wp\/v2\/types\/product"}],"replies":[{"embeddable":true,"href":"https:\/\/aromasentia.com\/da\/wp-json\/wp\/v2\/comments?post=202843"}],"version-history":[{"count":0,"href":"https:\/\/aromasentia.com\/da\/wp-json\/wp\/v2\/product\/202843\/revisions"}],"wp:featuredmedia":[{"embeddable":true,"href":"https:\/\/aromasentia.com\/da\/wp-json\/wp\/v2\/media\/261595"}],"wp:attachment":[{"href":"https:\/\/aromasentia.com\/da\/wp-json\/wp\/v2\/media?parent=202843"}],"wp:term":[{"taxonomy":"product_brand","embeddable":true,"href":"https:\/\/aromasentia.com\/da\/wp-json\/wp\/v2\/product_brand?post=202843"},{"taxonomy":"product_cat","embeddable":true,"href":"https:\/\/aromasentia.com\/da\/wp-json\/wp\/v2\/product_cat?post=202843"},{"taxonomy":"product_tag","embeddable":true,"href":"https:\/\/aromasentia.com\/da\/wp-json\/wp\/v2\/product_tag?post=202843"}],"curies":[{"name":"wp","href":"https:\/\/api.w.org\/{rel}","templated":true}]}}