{"id":202838,"date":"2025-03-20T14:52:42","date_gmt":"2025-03-20T14:52:42","guid":{"rendered":"https:\/\/aromasentia.com\/product\/10-ml-ho-wood-essential-oil\/"},"modified":"2025-06-22T04:09:11","modified_gmt":"2025-06-22T04:09:11","slug":"fra-ho-wood-aeterisk-olie-10ml","status":"publish","type":"product","link":"https:\/\/aromasentia.com\/da\/fra-ho-wood-aeterisk-olie-10ml\/","title":{"rendered":"Fra Ho Wood \u00c6terisk Olie 10ml"},"content":{"rendered":"<p><strong>Latinsk navn: <\/strong>Cinnamomum Camphora Var. Glavescens<br \/><strong>Anvendt plantedel:<\/strong> Tr\u00e6<br \/><strong>Kilde:<\/strong> Kina<br \/><strong>Ekstraktionsmetode:<\/strong> Dampdestillation<\/p>\n<p>Ho-tr\u00e6 er en af de mest potente kilder til naturligt forekommende linalol, der findes i enhver dampdestilleret \u00e6terisk olie. Aromatisk er Ho-tr\u00e6 \u00e6terisk olie en smukt duftende tr\u00e6olie.<\/p>\n<p>F\u00f8lelsesm\u00e6ssigt er <strong>Ho-tr\u00e6 \u00e6terisk olie<\/strong>, givet sit linalolindhold, en &#8220;fredelig&#8221; olie. Den er beroligende og et godt valg, n\u00e5r du har brug for at slappe af eller koble fra.<\/p>\n<p>Den h\u00f8je m\u00e6ngde naturlig linalool i Ho-tr\u00e6olie har brede aromaterapifordele, s\u00e5som en hj\u00e6lp mod s\u00f8vnl\u00f8shed, antidepressiv, immunstimulerende og hj\u00e6lper med at generere ny cellev\u00e6kst. Dette g\u00f8r Ho-tr\u00e6 s\u00e6rligt interessant til anti-aging og moden hudplejeblandinger. Dens aroma er s\u00e6rligt behagelig og beroligende, n\u00e5r den bruges i en diffuser mod s\u00f8vnl\u00f8shed.<\/p>\n","protected":false},"excerpt":{"rendered":"<p>Latinsk navn: Cinnamomum Camphora Var. GlavescensAnvendt plantedel: Tr\u00e6Kilde: KinaEkstraktionsmetode: Dampdestillation Ho-tr\u00e6 er en af de mest potente kilder til naturligt forekommende linalol, der findes i enhver dampdestilleret \u00e6terisk olie. Aromatisk er Ho-tr\u00e6 \u00e6terisk olie en smukt duftende tr\u00e6olie. F\u00f8lelsesm\u00e6ssigt er Ho-tr\u00e6 \u00e6terisk olie, givet sit linalolindhold, en &#8220;fredelig&#8221; olie. Den er beroligende og et godt [&hellip;]<\/p>\n","protected":false},"featured_media":261944,"comment_status":"closed","ping_status":"open","template":"","meta":{"_angie_page":false},"product_brand":[27094],"product_cat":[7647,6153,25839,25953,26893],"product_tag":[],"class_list":{"0":"post-202838","1":"product","2":"type-product","3":"status-publish","4":"has-post-thumbnail","6":"product_brand-ancient-wisdom","7":"product_cat-aeteriske-olier","8":"product_cat-aromaterapi-og-rumdufte","9":"product_cat-dufte-aromaer","10":"product_cat-ho-trae","11":"product_cat-traeagtig","12":"pa_collection-aromatherapy-essential-oils-10ml-da","13":"pa_made-in-kina","14":"pa_size-10ml","16":"first","17":"instock","18":"purchasable","19":"product-type-simple"},"supplier_id":null,"supplier_sku":"EO-71","barcode":null,"atum_controlled":true,"out_stock_date":null,"out_stock_threshold":null,"inheritable":false,"inbound_stock":null,"stock_on_hold":0,"sold_today":0,"sales_last_days":0,"reserved_stock":null,"customer_returns":null,"warehouse_damage":null,"lost_in_post":null,"other_logs":null,"out_stock_days":0,"lost_sales":0,"has_location":null,"update_date":"2026-05-04T00:02:52","atum_locations":[],"atum_stock_status":"instock","restock_status":false,"low_stock_amount":"","sales_update_date":"2025-09-03T00:27:51","calc_backorders":null,"_links":{"self":[{"href":"https:\/\/aromasentia.com\/da\/wp-json\/wp\/v2\/product\/202838","targetHints":{"allow":["GET"]}}],"collection":[{"href":"https:\/\/aromasentia.com\/da\/wp-json\/wp\/v2\/product"}],"about":[{"href":"https:\/\/aromasentia.com\/da\/wp-json\/wp\/v2\/types\/product"}],"replies":[{"embeddable":true,"href":"https:\/\/aromasentia.com\/da\/wp-json\/wp\/v2\/comments?post=202838"}],"version-history":[{"count":0,"href":"https:\/\/aromasentia.com\/da\/wp-json\/wp\/v2\/product\/202838\/revisions"}],"wp:featuredmedia":[{"embeddable":true,"href":"https:\/\/aromasentia.com\/da\/wp-json\/wp\/v2\/media\/261944"}],"wp:attachment":[{"href":"https:\/\/aromasentia.com\/da\/wp-json\/wp\/v2\/media?parent=202838"}],"wp:term":[{"taxonomy":"product_brand","embeddable":true,"href":"https:\/\/aromasentia.com\/da\/wp-json\/wp\/v2\/product_brand?post=202838"},{"taxonomy":"product_cat","embeddable":true,"href":"https:\/\/aromasentia.com\/da\/wp-json\/wp\/v2\/product_cat?post=202838"},{"taxonomy":"product_tag","embeddable":true,"href":"https:\/\/aromasentia.com\/da\/wp-json\/wp\/v2\/product_tag?post=202838"}],"curies":[{"name":"wp","href":"https:\/\/api.w.org\/{rel}","templated":true}]}}