{"id":202836,"date":"2025-03-20T14:52:42","date_gmt":"2025-03-20T14:52:42","guid":{"rendered":"https:\/\/aromasentia.com\/product\/10-ml-spruce-essential-oil\/"},"modified":"2025-06-22T04:09:08","modified_gmt":"2025-06-22T04:09:08","slug":"gran-aeterisk-olie-10ml","status":"publish","type":"product","link":"https:\/\/aromasentia.com\/da\/gran-aeterisk-olie-10ml\/","title":{"rendered":"Gran \u00c6terisk Olie 10ml"},"content":{"rendered":"<p><strong>Latinsk navn:<\/strong>Tsuga Canadensis<br \/><strong>Anvendt plantedel:<\/strong> N\u00e5le og kviste<br \/><strong>Kilde:<\/strong> USA<br \/><strong>Ekstraktionsmetode:<\/strong> Dampdestillation<\/p>\n<p>Den jordduftende <strong>\u00e6teriske olie af gran<\/strong>, som er lavet af n\u00e5le og kviste fra grantr\u00e6er, kan kombineres med andre bem\u00e6rkelsesv\u00e6rdige \u00e6teriske olier for at fremme heling af muskelsmerter, forstuvninger og forstr\u00e6kninger.<\/p>\n<p>Granolie har potente antibakterielle, antiinfekti\u00f8se, antikr\u00e6fth\u00e6mmende, antiinflammatoriske, antispasmodiske, antivirale, antiseptiske, desinficerende, sliml\u00f8sende og stimulerende egenskaber. Den g\u00f8r underv\u00e6rker for luftvejslidelser, s\u00e5rheling, virusinfektioner, gigt, gigt og andre former for muskelsmerter.<\/p>\n<p>Granolie tils\u00e6ttes ofte i s\u00e6be, luftfriskere og reng\u00f8ringsmidler til husholdningen for at give den sin friske duft og fungere som et desinfektionsmiddel. P\u00e5 grund af dens behagelige jordagtige duft, dens beroligende virkninger og dens evne til at lette angst og stress.<\/p>\n","protected":false},"excerpt":{"rendered":"<p>Latinsk navn:Tsuga CanadensisAnvendt plantedel: N\u00e5le og kvisteKilde: USAEkstraktionsmetode: Dampdestillation Den jordduftende \u00e6teriske olie af gran, som er lavet af n\u00e5le og kviste fra grantr\u00e6er, kan kombineres med andre bem\u00e6rkelsesv\u00e6rdige \u00e6teriske olier for at fremme heling af muskelsmerter, forstuvninger og forstr\u00e6kninger. Granolie har potente antibakterielle, antiinfekti\u00f8se, antikr\u00e6fth\u00e6mmende, antiinflammatoriske, antispasmodiske, antivirale, antiseptiske, desinficerende, sliml\u00f8sende og stimulerende egenskaber. [&hellip;]<\/p>\n","protected":false},"featured_media":261910,"comment_status":"closed","ping_status":"open","template":"","meta":[],"product_brand":[27094],"product_cat":[7647,6153,25839,25992,26893],"product_tag":[],"class_list":{"0":"post-202836","1":"product","2":"type-product","3":"status-publish","4":"has-post-thumbnail","6":"product_brand-ancient-wisdom","7":"product_cat-aeteriske-olier","8":"product_cat-aromaterapi-og-rumdufte","9":"product_cat-dufte-aromaer","10":"product_cat-gran","11":"product_cat-traeagtig","12":"pa_collection-aromatherapy-essential-oils-10ml-da","13":"pa_made-in-oestrig","14":"pa_size-10ml","16":"first","17":"instock","18":"purchasable","19":"product-type-simple"},"supplier_id":null,"supplier_sku":"EO-68","barcode":null,"atum_controlled":true,"out_stock_date":null,"out_stock_threshold":null,"inheritable":false,"inbound_stock":null,"stock_on_hold":0,"sold_today":0,"sales_last_days":0,"reserved_stock":null,"customer_returns":null,"warehouse_damage":null,"lost_in_post":null,"other_logs":null,"out_stock_days":25,"lost_sales":0,"has_location":null,"update_date":"2026-02-10T16:34:25","atum_locations":[],"atum_stock_status":"instock","restock_status":false,"low_stock_amount":"","sales_update_date":"2026-01-30T01:24:20","calc_backorders":null,"_links":{"self":[{"href":"https:\/\/aromasentia.com\/da\/wp-json\/wp\/v2\/product\/202836","targetHints":{"allow":["GET"]}}],"collection":[{"href":"https:\/\/aromasentia.com\/da\/wp-json\/wp\/v2\/product"}],"about":[{"href":"https:\/\/aromasentia.com\/da\/wp-json\/wp\/v2\/types\/product"}],"replies":[{"embeddable":true,"href":"https:\/\/aromasentia.com\/da\/wp-json\/wp\/v2\/comments?post=202836"}],"version-history":[{"count":0,"href":"https:\/\/aromasentia.com\/da\/wp-json\/wp\/v2\/product\/202836\/revisions"}],"wp:featuredmedia":[{"embeddable":true,"href":"https:\/\/aromasentia.com\/da\/wp-json\/wp\/v2\/media\/261910"}],"wp:attachment":[{"href":"https:\/\/aromasentia.com\/da\/wp-json\/wp\/v2\/media?parent=202836"}],"wp:term":[{"taxonomy":"product_brand","embeddable":true,"href":"https:\/\/aromasentia.com\/da\/wp-json\/wp\/v2\/product_brand?post=202836"},{"taxonomy":"product_cat","embeddable":true,"href":"https:\/\/aromasentia.com\/da\/wp-json\/wp\/v2\/product_cat?post=202836"},{"taxonomy":"product_tag","embeddable":true,"href":"https:\/\/aromasentia.com\/da\/wp-json\/wp\/v2\/product_tag?post=202836"}],"curies":[{"name":"wp","href":"https:\/\/api.w.org\/{rel}","templated":true}]}}