{"id":202831,"date":"2025-03-20T14:52:42","date_gmt":"2025-03-20T14:52:42","guid":{"rendered":"https:\/\/aromasentia.com\/product\/10-ml-melissa-blend-essential-oil\/"},"modified":"2025-06-22T04:09:05","modified_gmt":"2025-06-22T04:09:05","slug":"melisse-blanding-aeterisk-olie-10ml","status":"publish","type":"product","link":"https:\/\/aromasentia.com\/da\/melisse-blanding-aeterisk-olie-10ml\/","title":{"rendered":"Melisse (Blanding) \u00c6terisk Olie 10ml"},"content":{"rendered":"<p><strong>Latinsk navn:<\/strong> Ingen &#8211; Naturlig blanding.<br \/><strong>Kilde:<\/strong> Blandet.<br \/><strong>Ekstraktionsmetode:<\/strong>N\/A.<\/p>\n<p>Melissa-blandingen er en speciel blanding af fraktionerede \u00e6teriske olier, der er designet til at have samme duftprofil og egenskaber som \u00e6gte Melissa, da \u00e6gte Melissa er ekstremt dyr.<\/p>\n<p>Den n\u00f8jagtige formulering af denne olie er en velbevaret hemmelighed, men oliens indhold er som f\u00f8lger:<\/p>\n<p>Citral fra citrongr\u00e6s<br \/>Citronolie<br \/>D-limonen fra appelsin<br \/>Honolie<br \/>Beta-caryophylen fra nellikeolie.<\/p>\n<p><strong>Melissa \u00e6terisk olie<\/strong> er opl\u00f8ftende, revitaliserende og harmoniserende. Den har en beroligende effekt p\u00e5 f\u00f8lelserne. Den er ogs\u00e5 opl\u00f8ftende for hum\u00f8ret og er kendt for at optimere en sund ford\u00f8jelse og klarne hovedet. Den har en frisk, s\u00f8d, citronagtig aroma.<\/p>\n","protected":false},"excerpt":{"rendered":"<p>Latinsk navn: Ingen &#8211; Naturlig blanding.Kilde: Blandet.Ekstraktionsmetode:N\/A. Melissa-blandingen er en speciel blanding af fraktionerede \u00e6teriske olier, der er designet til at have samme duftprofil og egenskaber som \u00e6gte Melissa, da \u00e6gte Melissa er ekstremt dyr. Den n\u00f8jagtige formulering af denne olie er en velbevaret hemmelighed, men oliens indhold er som f\u00f8lger: Citral fra citrongr\u00e6sCitronolieD-limonen fra [&hellip;]<\/p>\n","protected":false},"featured_media":261825,"comment_status":"closed","ping_status":"open","template":"","meta":[],"product_brand":[27094],"product_cat":[26647,7647,6153,25839,25966,26858],"product_tag":[],"class_list":{"0":"post-202831","1":"product","2":"type-product","3":"status-publish","4":"has-post-thumbnail","6":"product_brand-ancient-wisdom","7":"product_cat-aeteriske-olieblandinger","8":"product_cat-aeteriske-olier","9":"product_cat-aromaterapi-og-rumdufte","10":"product_cat-dufte-aromaer","11":"product_cat-melissa-blanding","12":"product_cat-urte-aromatisk","13":"pa_collection-aromatherapy-essential-oils-10ml-da","14":"pa_made-in-storbritannien","15":"pa_size-10ml","17":"first","18":"instock","19":"purchasable","20":"product-type-simple"},"supplier_id":null,"supplier_sku":"EO-61","barcode":null,"atum_controlled":true,"out_stock_date":null,"out_stock_threshold":null,"inheritable":false,"inbound_stock":null,"stock_on_hold":0,"sold_today":0,"sales_last_days":0,"reserved_stock":null,"customer_returns":null,"warehouse_damage":null,"lost_in_post":null,"other_logs":null,"out_stock_days":0,"lost_sales":0,"has_location":null,"update_date":"2026-02-11T07:26:01","atum_locations":[],"atum_stock_status":"instock","restock_status":false,"low_stock_amount":"","sales_update_date":"2025-09-03T00:27:50","calc_backorders":null,"_links":{"self":[{"href":"https:\/\/aromasentia.com\/da\/wp-json\/wp\/v2\/product\/202831","targetHints":{"allow":["GET"]}}],"collection":[{"href":"https:\/\/aromasentia.com\/da\/wp-json\/wp\/v2\/product"}],"about":[{"href":"https:\/\/aromasentia.com\/da\/wp-json\/wp\/v2\/types\/product"}],"replies":[{"embeddable":true,"href":"https:\/\/aromasentia.com\/da\/wp-json\/wp\/v2\/comments?post=202831"}],"version-history":[{"count":0,"href":"https:\/\/aromasentia.com\/da\/wp-json\/wp\/v2\/product\/202831\/revisions"}],"wp:featuredmedia":[{"embeddable":true,"href":"https:\/\/aromasentia.com\/da\/wp-json\/wp\/v2\/media\/261825"}],"wp:attachment":[{"href":"https:\/\/aromasentia.com\/da\/wp-json\/wp\/v2\/media?parent=202831"}],"wp:term":[{"taxonomy":"product_brand","embeddable":true,"href":"https:\/\/aromasentia.com\/da\/wp-json\/wp\/v2\/product_brand?post=202831"},{"taxonomy":"product_cat","embeddable":true,"href":"https:\/\/aromasentia.com\/da\/wp-json\/wp\/v2\/product_cat?post=202831"},{"taxonomy":"product_tag","embeddable":true,"href":"https:\/\/aromasentia.com\/da\/wp-json\/wp\/v2\/product_tag?post=202831"}],"curies":[{"name":"wp","href":"https:\/\/api.w.org\/{rel}","templated":true}]}}