{"id":202830,"date":"2025-03-20T14:52:42","date_gmt":"2025-03-20T14:52:42","guid":{"rendered":"https:\/\/aromasentia.com\/product\/10-ml-aniseed-china-star-star-anise\/"},"modified":"2025-06-22T04:09:04","modified_gmt":"2025-06-22T04:09:04","slug":"10ml-anis-kina-stjerne-stjerneanis","status":"publish","type":"product","link":"https:\/\/aromasentia.com\/da\/10ml-anis-kina-stjerne-stjerneanis\/","title":{"rendered":"10ml Anis Kina Stjerne (Stjerneanis)"},"content":{"rendered":"<p><strong>Latinsk navn:<\/strong> Illicium Verum<br \/><strong>Anvendt plantedel:<\/strong> Frugt<br \/><strong>Oprindelse:<\/strong>Kina<br \/><strong>Ekstraktionsmetode:<\/strong> Dampdestillation<\/p>\n<p><strong>Anisfr\u00f8 \u00e6terisk olie<\/strong> bruges til mavebesv\u00e6r, tarmluft, &#8220;l\u00f8bende n\u00e6se&#8221; og som sliml\u00f8sende middel til at \u00f8ge produktiv hoste, som diuretikum til at \u00f8ge urinflowet og som appetitstimulerende middel.<\/p>\n<p>Denne olie kan lindre reumatiske og gigtsmerter ved at stimulere blodcirkulationen og ved at reducere smertef\u00f8lelsen i de ber\u00f8rte omr\u00e5der.<\/p>\n<p>Denne \u00e6teriske olie har ogs\u00e5 antiseptiske egenskaber, der giver s\u00e5r et effektivt beskyttende lag mod infektioner og sepsis. Dette hj\u00e6lper med hurtigere heling af s\u00e5r.<\/p>\n<p>Denne olies varmende effekt p\u00e5 luftvejene og kredsl\u00f8bssystemet g\u00f8r den til en l\u00e6kkerbisken. Denne egenskab hj\u00e6lper med at modvirke fork\u00f8lelse, slimaflejring og problemer som gigt og gigt.<\/p>\n<p>Anisens \u00e6teriske olie er giftig for insekter og mindre dyr, derfor holder dens lugt insekter v\u00e6k. Af denne grund kan denne olie bruges til at fordrive insekter ved at bruge den i fumiganter, fordampere og sprays.<\/p>\n","protected":false},"excerpt":{"rendered":"<p>Latinsk navn: Illicium VerumAnvendt plantedel: FrugtOprindelse:KinaEkstraktionsmetode: Dampdestillation Anisfr\u00f8 \u00e6terisk olie bruges til mavebesv\u00e6r, tarmluft, &#8220;l\u00f8bende n\u00e6se&#8221; og som sliml\u00f8sende middel til at \u00f8ge produktiv hoste, som diuretikum til at \u00f8ge urinflowet og som appetitstimulerende middel. Denne olie kan lindre reumatiske og gigtsmerter ved at stimulere blodcirkulationen og ved at reducere smertef\u00f8lelsen i de ber\u00f8rte omr\u00e5der. [&hellip;]<\/p>\n","protected":false},"featured_media":261808,"comment_status":"closed","ping_status":"open","template":"","meta":{"_angie_page":false},"product_brand":[27094],"product_cat":[7647,6153,25839,26886,25924],"product_tag":[],"class_list":{"0":"post-202830","1":"product","2":"type-product","3":"status-publish","4":"has-post-thumbnail","6":"product_brand-ancient-wisdom","7":"product_cat-aeteriske-olier","8":"product_cat-aromaterapi-og-rumdufte","9":"product_cat-dufte-aromaer","10":"product_cat-krydret","11":"product_cat-stjerneanis-kina-stjerneanis","12":"pa_collection-aromatherapy-essential-oils-10ml-da","13":"pa_made-in-kina","14":"pa_size-10ml","16":"first","17":"instock","18":"purchasable","19":"product-type-simple"},"supplier_id":null,"supplier_sku":"EO-60","barcode":null,"atum_controlled":true,"out_stock_date":null,"out_stock_threshold":null,"inheritable":false,"inbound_stock":null,"stock_on_hold":0,"sold_today":0,"sales_last_days":0,"reserved_stock":null,"customer_returns":null,"warehouse_damage":null,"lost_in_post":null,"other_logs":null,"out_stock_days":0,"lost_sales":0,"has_location":null,"update_date":"2026-04-27T07:00:50","atum_locations":[],"atum_stock_status":"instock","restock_status":false,"low_stock_amount":"","sales_update_date":"2025-09-03T00:27:50","calc_backorders":null,"_links":{"self":[{"href":"https:\/\/aromasentia.com\/da\/wp-json\/wp\/v2\/product\/202830","targetHints":{"allow":["GET"]}}],"collection":[{"href":"https:\/\/aromasentia.com\/da\/wp-json\/wp\/v2\/product"}],"about":[{"href":"https:\/\/aromasentia.com\/da\/wp-json\/wp\/v2\/types\/product"}],"replies":[{"embeddable":true,"href":"https:\/\/aromasentia.com\/da\/wp-json\/wp\/v2\/comments?post=202830"}],"version-history":[{"count":0,"href":"https:\/\/aromasentia.com\/da\/wp-json\/wp\/v2\/product\/202830\/revisions"}],"wp:featuredmedia":[{"embeddable":true,"href":"https:\/\/aromasentia.com\/da\/wp-json\/wp\/v2\/media\/261808"}],"wp:attachment":[{"href":"https:\/\/aromasentia.com\/da\/wp-json\/wp\/v2\/media?parent=202830"}],"wp:term":[{"taxonomy":"product_brand","embeddable":true,"href":"https:\/\/aromasentia.com\/da\/wp-json\/wp\/v2\/product_brand?post=202830"},{"taxonomy":"product_cat","embeddable":true,"href":"https:\/\/aromasentia.com\/da\/wp-json\/wp\/v2\/product_cat?post=202830"},{"taxonomy":"product_tag","embeddable":true,"href":"https:\/\/aromasentia.com\/da\/wp-json\/wp\/v2\/product_tag?post=202830"}],"curies":[{"name":"wp","href":"https:\/\/api.w.org\/{rel}","templated":true}]}}