{"id":202829,"date":"2025-03-20T14:52:42","date_gmt":"2025-03-20T14:52:42","guid":{"rendered":"https:\/\/aromasentia.com\/product\/10-ml-benzoin-essential-oil-dilute-dpg\/"},"modified":"2025-06-22T04:09:04","modified_gmt":"2025-06-22T04:09:04","slug":"benzoe-fortyndet-dpg-aeterisk-olie-10ml","status":"publish","type":"product","link":"https:\/\/aromasentia.com\/da\/benzoe-fortyndet-dpg-aeterisk-olie-10ml\/","title":{"rendered":"Benzoe (Fortyndet\/Dpg) \u00c6terisk Olie 10ml"},"content":{"rendered":"<p><strong>Latinsk navn:<\/strong> Styrax Benzoin<br \/><strong>Anvendt plantedel:<\/strong> Harpiks<br \/><strong>Oprindelse:<\/strong> Filippinerne<br \/><strong>Ekstraktionsmetode:<\/strong> Opl\u00f8sningsmiddelekstraktion<\/p>\n<p>De terapeutiske egenskaber ved benzoinolie inkluderer: Antiinflammatorisk, antioxidant, antiseptisk og astringerende. Den er beroligende, varmende og stimulerende.<\/p>\n<p><strong>Benzoin \u00e6terisk olie<\/strong> har v\u00e6ret brugt siden oldtiden som r\u00f8gelse, men ogs\u00e5 som medicin. I dag bruges den stadig hovedsageligt i parfume- og r\u00f8gelsesindustrien og giver duft til nogle meget kendte m\u00e6rker verden over.<\/p>\n<p>Benzoin har mange anvendelser, herunder: snits\u00e5r, sprukken og irritabel hud. Det siges ogs\u00e5 at v\u00e6re nyttigt ved luftvejsproblemer s\u00e5som astma, bronkitis og hoste. Benzoin kan ogs\u00e5 v\u00e6re nyttigt til at bek\u00e6mpe stressrelaterede problemer samt influenza.<\/p>\n","protected":false},"excerpt":{"rendered":"<p>Latinsk navn: Styrax BenzoinAnvendt plantedel: HarpiksOprindelse: FilippinerneEkstraktionsmetode: Opl\u00f8sningsmiddelekstraktion De terapeutiske egenskaber ved benzoinolie inkluderer: Antiinflammatorisk, antioxidant, antiseptisk og astringerende. Den er beroligende, varmende og stimulerende. Benzoin \u00e6terisk olie har v\u00e6ret brugt siden oldtiden som r\u00f8gelse, men ogs\u00e5 som medicin. I dag bruges den stadig hovedsageligt i parfume- og r\u00f8gelsesindustrien og giver duft til nogle meget [&hellip;]<\/p>\n","protected":false},"featured_media":261791,"comment_status":"closed","ping_status":"open","template":"","meta":{"_angie_page":false},"product_brand":[27094],"product_cat":[7647,6153,25927,25839,26879],"product_tag":[],"class_list":{"0":"post-202829","1":"product","2":"type-product","3":"status-publish","4":"has-post-thumbnail","6":"product_brand-ancient-wisdom","7":"product_cat-aeteriske-olier","8":"product_cat-aromaterapi-og-rumdufte","9":"product_cat-benzoin","10":"product_cat-dufte-aromaer","11":"product_cat-harpiksagtig-balsamisk","12":"pa_collection-aromatherapy-essential-oils-10ml-da","13":"pa_made-in-indonesien","14":"pa_size-10ml","16":"first","17":"instock","18":"purchasable","19":"product-type-simple"},"supplier_id":null,"supplier_sku":"EO-59","barcode":null,"atum_controlled":true,"out_stock_date":null,"out_stock_threshold":null,"inheritable":false,"inbound_stock":null,"stock_on_hold":0,"sold_today":0,"sales_last_days":0,"reserved_stock":null,"customer_returns":null,"warehouse_damage":null,"lost_in_post":null,"other_logs":null,"out_stock_days":0,"lost_sales":0,"has_location":null,"update_date":"2026-04-27T07:00:50","atum_locations":[],"atum_stock_status":"instock","restock_status":false,"low_stock_amount":"","sales_update_date":"2025-09-03T00:27:50","calc_backorders":null,"_links":{"self":[{"href":"https:\/\/aromasentia.com\/da\/wp-json\/wp\/v2\/product\/202829","targetHints":{"allow":["GET"]}}],"collection":[{"href":"https:\/\/aromasentia.com\/da\/wp-json\/wp\/v2\/product"}],"about":[{"href":"https:\/\/aromasentia.com\/da\/wp-json\/wp\/v2\/types\/product"}],"replies":[{"embeddable":true,"href":"https:\/\/aromasentia.com\/da\/wp-json\/wp\/v2\/comments?post=202829"}],"version-history":[{"count":0,"href":"https:\/\/aromasentia.com\/da\/wp-json\/wp\/v2\/product\/202829\/revisions"}],"wp:featuredmedia":[{"embeddable":true,"href":"https:\/\/aromasentia.com\/da\/wp-json\/wp\/v2\/media\/261791"}],"wp:attachment":[{"href":"https:\/\/aromasentia.com\/da\/wp-json\/wp\/v2\/media?parent=202829"}],"wp:term":[{"taxonomy":"product_brand","embeddable":true,"href":"https:\/\/aromasentia.com\/da\/wp-json\/wp\/v2\/product_brand?post=202829"},{"taxonomy":"product_cat","embeddable":true,"href":"https:\/\/aromasentia.com\/da\/wp-json\/wp\/v2\/product_cat?post=202829"},{"taxonomy":"product_tag","embeddable":true,"href":"https:\/\/aromasentia.com\/da\/wp-json\/wp\/v2\/product_tag?post=202829"}],"curies":[{"name":"wp","href":"https:\/\/api.w.org\/{rel}","templated":true}]}}