{"id":202826,"date":"2025-03-20T14:53:15","date_gmt":"2025-03-20T14:53:15","guid":{"rendered":"https:\/\/aromasentia.com\/product\/10ml-english-lavender-essential-oil\/"},"modified":"2025-06-22T04:09:00","modified_gmt":"2025-06-22T04:09:00","slug":"engelsk-lavendel-aeterisk-olie-10ml","status":"publish","type":"product","link":"https:\/\/aromasentia.com\/da\/engelsk-lavendel-aeterisk-olie-10ml\/","title":{"rendered":"Engelsk Lavendel \u00c6terisk Olie 10ml"},"content":{"rendered":"<p><strong>Latinsk navn:<\/strong> Lavandula Angustifolia<br \/><strong>Anvendt plantedel:<\/strong> Blomstringsspidser<br \/><strong>Kilde:<\/strong> England<br \/><strong>Ekstraktionsmetode:<\/strong> Dampdestillation<\/p>\n<p><strong>Engelsk lavendelolie<\/strong>er den koncentrerede v\u00e6ske, der indeholder<br \/>flygtige aromastoffer, der dampdestilleres fra lavendelplanten. Lavendel er blevet brugt i \u00e5rhundreder til at hj\u00e6lpe med at helbrede<br \/>forskellige lidelser, lige fra mindre snits\u00e5r, bl\u00e5 m\u00e6rker og forbr\u00e6ndinger til<br \/>kroniske sygdomme som gigt, astma og dermatitis.<br \/>Den umiddelbare tiltr\u00e6kning og anvendelse af lavendelolie<br \/>er i parfumeindustrien p\u00e5 grund af dens friske, s\u00f8de og let<br \/>frugtagtige blomsterduft.<\/p>\n<p>Denne \u00e6teriske olie, ligesom de fleste andre, bruges normalt blandet<br \/>med en base- eller b\u00e6rerolie som s\u00f8d mandel, vindruekerneolie,<br \/>jojobaolie, avocadoolie og andre, medmindre det er til dit bad, hvor<br \/>du blot kan tils\u00e6tte et par dr\u00e5ber i dit badevand. Brug denne<br \/>olie til en behagelig duft eller aromaterapi med en olie<br \/>br\u00e6nder eller vaporiser. I aromaterapi bruges den ofte til at<br \/>bek\u00e6mpe depression, stress og tr\u00e6thed. Konsulter altid en<br \/>autoriseret behandler, n\u00e5r du bruger lavendel \u00e6terisk olie<br \/>som et helbredsmiddel eller til aromaterapi.<\/p>\n","protected":false},"excerpt":{"rendered":"<p>Latinsk navn: Lavandula AngustifoliaAnvendt plantedel: BlomstringsspidserKilde: EnglandEkstraktionsmetode: Dampdestillation Engelsk lavendelolieer den koncentrerede v\u00e6ske, der indeholderflygtige aromastoffer, der dampdestilleres fra lavendelplanten. Lavendel er blevet brugt i \u00e5rhundreder til at hj\u00e6lpe med at helbredeforskellige lidelser, lige fra mindre snits\u00e5r, bl\u00e5 m\u00e6rker og forbr\u00e6ndinger tilkroniske sygdomme som gigt, astma og dermatitis.Den umiddelbare tiltr\u00e6kning og anvendelse af lavendelolieer i [&hellip;]<\/p>\n","protected":false},"featured_media":262174,"comment_status":"closed","ping_status":"open","template":"","meta":{"_angie_page":false},"product_brand":[27094],"product_cat":[7647,6153,26830,25839,25957],"product_tag":[],"class_list":{"0":"post-202826","1":"product","2":"type-product","3":"status-publish","4":"has-post-thumbnail","6":"product_brand-ancient-wisdom","7":"product_cat-aeteriske-olier","8":"product_cat-aromaterapi-og-rumdufte","9":"product_cat-blomster","10":"product_cat-dufte-aromaer","11":"product_cat-lavendel","12":"pa_collection-aromatherapy-essential-oils-10ml-da","13":"pa_made-in-storbritannien","14":"pa_size-10ml","16":"first","17":"instock","18":"purchasable","19":"product-type-simple"},"supplier_id":null,"supplier_sku":"EO-90","barcode":null,"atum_controlled":true,"out_stock_date":null,"out_stock_threshold":null,"inheritable":false,"inbound_stock":null,"stock_on_hold":0,"sold_today":0,"sales_last_days":0,"reserved_stock":null,"customer_returns":null,"warehouse_damage":null,"lost_in_post":null,"other_logs":null,"out_stock_days":0,"lost_sales":0,"has_location":null,"update_date":"2026-05-04T00:02:52","atum_locations":[],"atum_stock_status":"instock","restock_status":false,"low_stock_amount":"","sales_update_date":"2025-09-03T00:27:58","calc_backorders":null,"_links":{"self":[{"href":"https:\/\/aromasentia.com\/da\/wp-json\/wp\/v2\/product\/202826","targetHints":{"allow":["GET"]}}],"collection":[{"href":"https:\/\/aromasentia.com\/da\/wp-json\/wp\/v2\/product"}],"about":[{"href":"https:\/\/aromasentia.com\/da\/wp-json\/wp\/v2\/types\/product"}],"replies":[{"embeddable":true,"href":"https:\/\/aromasentia.com\/da\/wp-json\/wp\/v2\/comments?post=202826"}],"version-history":[{"count":0,"href":"https:\/\/aromasentia.com\/da\/wp-json\/wp\/v2\/product\/202826\/revisions"}],"wp:featuredmedia":[{"embeddable":true,"href":"https:\/\/aromasentia.com\/da\/wp-json\/wp\/v2\/media\/262174"}],"wp:attachment":[{"href":"https:\/\/aromasentia.com\/da\/wp-json\/wp\/v2\/media?parent=202826"}],"wp:term":[{"taxonomy":"product_brand","embeddable":true,"href":"https:\/\/aromasentia.com\/da\/wp-json\/wp\/v2\/product_brand?post=202826"},{"taxonomy":"product_cat","embeddable":true,"href":"https:\/\/aromasentia.com\/da\/wp-json\/wp\/v2\/product_cat?post=202826"},{"taxonomy":"product_tag","embeddable":true,"href":"https:\/\/aromasentia.com\/da\/wp-json\/wp\/v2\/product_tag?post=202826"}],"curies":[{"name":"wp","href":"https:\/\/api.w.org\/{rel}","templated":true}]}}