{"id":202825,"date":"2025-03-20T14:53:15","date_gmt":"2025-03-20T14:53:15","guid":{"rendered":"https:\/\/aromasentia.com\/product\/10ml-bulgarian-lavender-essential-oil\/"},"modified":"2025-06-22T04:09:00","modified_gmt":"2025-06-22T04:09:00","slug":"bulgarsk-lavendel-aeterisk-olie-10ml","status":"publish","type":"product","link":"https:\/\/aromasentia.com\/da\/bulgarsk-lavendel-aeterisk-olie-10ml\/","title":{"rendered":"Bulgarsk Lavendel \u00c6terisk Olie 10ml"},"content":{"rendered":"<p><strong>Latinsk navn:<\/strong>Lavandula Angustifolia<br \/><strong>Anvendt plantedel:<\/strong> Blomstringsspidser<br \/><strong>Kilde:<\/strong> Bulgarien<br \/><strong>Ekstraktionsmetode:<\/strong> Dampdestillation<\/p>\n<p><strong>Bulgarsk \u00e6terisk lavendelolie er den koncentrerede v\u00e6ske, der indeholder flygtige aromastoffer, der dampdestilleres fra lavendelplanten. Lavendel er blevet brugt i \u00e5rhundreder til at hj\u00e6lpe med at helbrede<br \/>forskellige lidelser, lige fra mindre snits\u00e5r, bl\u00e5 m\u00e6rker og forbr\u00e6ndinger til<br \/>kroniske sygdomme som gigt, astma og dermatitis.<br \/>Den umiddelbare tiltr\u00e6kning og anvendelse af \u00e6terisk lavendelolie<br \/>er i parfumeindustrien p\u00e5 grund af dens friske, s\u00f8de og let<br \/>frugtagtige blomsterduft.<\/p>\n<p>Denne \u00e6teriske olie, ligesom de fleste andre, bruges normalt blandet<br \/>med en base- eller b\u00e6rerolie som s\u00f8d mandel, vindruekerneolie,<br \/>jojobaolie, avocadoolie og andre, medmindre det er til dit bad, hvor<br \/>du blot kan tils\u00e6tte et par dr\u00e5ber i dit badevand. Brug denne<br \/>olie til en behagelig duft eller aromaterapi med en olie<br \/>br\u00e6nder eller vaporiser. I aromaterapi bruges den ofte til at<br \/>bek\u00e6mpe depression, stress og tr\u00e6thed. Konsulter altid en<br \/>autoriseret behandler, n\u00e5r du bruger lavendel \u00e6terisk olie<br \/>som et helbredsmiddel eller til aromaterapi.<\/p>\n","protected":false},"excerpt":{"rendered":"<p>Latinsk navn:Lavandula AngustifoliaAnvendt plantedel: BlomstringsspidserKilde: BulgarienEkstraktionsmetode: Dampdestillation Bulgarsk \u00e6terisk lavendelolie er den koncentrerede v\u00e6ske, der indeholder flygtige aromastoffer, der dampdestilleres fra lavendelplanten. Lavendel er blevet brugt i \u00e5rhundreder til at hj\u00e6lpe med at helbredeforskellige lidelser, lige fra mindre snits\u00e5r, bl\u00e5 m\u00e6rker og forbr\u00e6ndinger tilkroniske sygdomme som gigt, astma og dermatitis.Den umiddelbare tiltr\u00e6kning og anvendelse af [&hellip;]<\/p>\n","protected":false},"featured_media":262165,"comment_status":"closed","ping_status":"open","template":"","meta":{"_angie_page":false},"product_brand":[27094],"product_cat":[7647,6153,26830,25839,25957],"product_tag":[],"class_list":{"0":"post-202825","1":"product","2":"type-product","3":"status-publish","4":"has-post-thumbnail","6":"product_brand-ancient-wisdom","7":"product_cat-aeteriske-olier","8":"product_cat-aromaterapi-og-rumdufte","9":"product_cat-blomster","10":"product_cat-dufte-aromaer","11":"product_cat-lavendel","12":"pa_collection-aromatherapy-essential-oils-10ml-da","13":"pa_made-in-bulgarien","14":"pa_size-10ml","16":"first","17":"instock","18":"purchasable","19":"product-type-simple"},"supplier_id":null,"supplier_sku":"EO-89","barcode":null,"atum_controlled":true,"out_stock_date":null,"out_stock_threshold":null,"inheritable":false,"inbound_stock":0,"stock_on_hold":0,"sold_today":0,"sales_last_days":0,"reserved_stock":0,"customer_returns":0,"warehouse_damage":0,"lost_in_post":0,"other_logs":0,"out_stock_days":9,"lost_sales":0,"has_location":false,"update_date":"2026-04-27T07:00:59","atum_locations":[],"atum_stock_status":"instock","restock_status":false,"low_stock_amount":"","sales_update_date":"2026-01-30T01:25:00","calc_backorders":null,"_links":{"self":[{"href":"https:\/\/aromasentia.com\/da\/wp-json\/wp\/v2\/product\/202825","targetHints":{"allow":["GET"]}}],"collection":[{"href":"https:\/\/aromasentia.com\/da\/wp-json\/wp\/v2\/product"}],"about":[{"href":"https:\/\/aromasentia.com\/da\/wp-json\/wp\/v2\/types\/product"}],"replies":[{"embeddable":true,"href":"https:\/\/aromasentia.com\/da\/wp-json\/wp\/v2\/comments?post=202825"}],"version-history":[{"count":0,"href":"https:\/\/aromasentia.com\/da\/wp-json\/wp\/v2\/product\/202825\/revisions"}],"wp:featuredmedia":[{"embeddable":true,"href":"https:\/\/aromasentia.com\/da\/wp-json\/wp\/v2\/media\/262165"}],"wp:attachment":[{"href":"https:\/\/aromasentia.com\/da\/wp-json\/wp\/v2\/media?parent=202825"}],"wp:term":[{"taxonomy":"product_brand","embeddable":true,"href":"https:\/\/aromasentia.com\/da\/wp-json\/wp\/v2\/product_brand?post=202825"},{"taxonomy":"product_cat","embeddable":true,"href":"https:\/\/aromasentia.com\/da\/wp-json\/wp\/v2\/product_cat?post=202825"},{"taxonomy":"product_tag","embeddable":true,"href":"https:\/\/aromasentia.com\/da\/wp-json\/wp\/v2\/product_tag?post=202825"}],"curies":[{"name":"wp","href":"https:\/\/api.w.org\/{rel}","templated":true}]}}