{"id":202824,"date":"2025-03-20T14:53:15","date_gmt":"2025-03-20T14:53:15","guid":{"rendered":"https:\/\/aromasentia.com\/product\/10ml-helichrysum-essential-oil\/"},"modified":"2025-06-22T04:08:59","modified_gmt":"2025-06-22T04:08:59","slug":"helichrysum-aeterisk-olie-10ml","status":"publish","type":"product","link":"https:\/\/aromasentia.com\/da\/helichrysum-aeterisk-olie-10ml\/","title":{"rendered":"Helichrysum \u00c6terisk Olie 10ml"},"content":{"rendered":"<p><strong>Latinsk navn: <\/strong>Helichrysum Italicum<br \/><strong>Anvendt plantedel:<\/strong> Blomster<br \/><strong>Oprindelse:<\/strong> Italien<br \/><strong>Ekstraktionsmetode:<\/strong> Dampdestillation<br \/><strong>Aromatisk beskrivelse:<\/strong> Urteagtig, honning, h\u00f8<\/p>\n<p><strong>Helichrysum<\/strong> bruges ofte til at forebygge tegn p\u00e5 aldring og omtales som &#8220;Den evige blomst&#8221; p\u00e5 grund af dens foryngende fordele for huden og evne til at forbedre teinten.<\/p>\n<p>Helichrysum italicum er en lille fler\u00e5rig urt med smalle, s\u00f8lvfarvede blade og blomster, der danner en klynge af gyldengule, kugleformede blomster. Navnet &#8220;Helichrysum&#8221; er afledt af det gr\u00e6ske &#8220;helios&#8221;, der betyder sol, og &#8220;chrysos&#8221;, der betyder guld, hvilket henviser til blomsternes farve. Helichrysum har v\u00e6ret brugt i urtebaserede sundhedspraksisser siden det antikke Gr\u00e6kenland, og olien er h\u00f8jt v\u00e6rdsat og eftertragtet for dens mange sundhedsm\u00e6ssige fordele.<\/p>\n<p>Helichrysum er bedst kendt for sine genoprettende egenskaber til huden. Helichrysum, ogs\u00e5 kaldet den evige eller ud\u00f8delige blomst, bruges i anti-aging produkter for sine foryngende fordele til huden. Helichrysum kan hj\u00e6lpe med at reducere forekomsten af pletter og fremmer en gl\u00f8dende, ungdommelig teint.<\/p>\n<p><strong>Anvendelse<\/strong><\/p>\n<p>P\u00e5f\u00f8r i ansigtet for at reducere forekomsten af rynker og fremme en gl\u00f8dende, ungdommelig teint.<\/p>\n<p>Mass\u00e9r ind i tindingerne og bagsiden af nakken for en beroligende fornemmelse.<\/p>\n<p><\/p>\n<p><\/p>\n","protected":false},"excerpt":{"rendered":"<p>Latinsk navn: Helichrysum ItalicumAnvendt plantedel: BlomsterOprindelse: ItalienEkstraktionsmetode: DampdestillationAromatisk beskrivelse: Urteagtig, honning, h\u00f8 Helichrysum bruges ofte til at forebygge tegn p\u00e5 aldring og omtales som &#8220;Den evige blomst&#8221; p\u00e5 grund af dens foryngende fordele for huden og evne til at forbedre teinten. Helichrysum italicum er en lille fler\u00e5rig urt med smalle, s\u00f8lvfarvede blade og blomster, der [&hellip;]<\/p>\n","protected":false},"featured_media":262148,"comment_status":"closed","ping_status":"open","template":"","meta":{"_angie_page":false},"product_brand":[27094],"product_cat":[7647,6153,26830,25839,25951],"product_tag":[],"class_list":{"0":"post-202824","1":"product","2":"type-product","3":"status-publish","4":"has-post-thumbnail","6":"product_brand-ancient-wisdom","7":"product_cat-aeteriske-olier","8":"product_cat-aromaterapi-og-rumdufte","9":"product_cat-blomster","10":"product_cat-dufte-aromaer","11":"product_cat-helichrysum-evighedsblomst","12":"pa_collection-aromatherapy-essential-oils-10ml-da","13":"pa_made-in-italien","14":"pa_size-10ml","16":"first","17":"instock","18":"purchasable","19":"product-type-simple"},"supplier_id":null,"supplier_sku":"EO-88","barcode":null,"atum_controlled":true,"out_stock_date":null,"out_stock_threshold":null,"inheritable":false,"inbound_stock":null,"stock_on_hold":0,"sold_today":0,"sales_last_days":0,"reserved_stock":null,"customer_returns":null,"warehouse_damage":null,"lost_in_post":null,"other_logs":null,"out_stock_days":0,"lost_sales":0,"has_location":null,"update_date":"2026-05-08T05:07:22","atum_locations":[],"atum_stock_status":"instock","restock_status":false,"low_stock_amount":"","sales_update_date":"2026-01-20T05:13:42","calc_backorders":null,"_links":{"self":[{"href":"https:\/\/aromasentia.com\/da\/wp-json\/wp\/v2\/product\/202824","targetHints":{"allow":["GET"]}}],"collection":[{"href":"https:\/\/aromasentia.com\/da\/wp-json\/wp\/v2\/product"}],"about":[{"href":"https:\/\/aromasentia.com\/da\/wp-json\/wp\/v2\/types\/product"}],"replies":[{"embeddable":true,"href":"https:\/\/aromasentia.com\/da\/wp-json\/wp\/v2\/comments?post=202824"}],"version-history":[{"count":0,"href":"https:\/\/aromasentia.com\/da\/wp-json\/wp\/v2\/product\/202824\/revisions"}],"wp:featuredmedia":[{"embeddable":true,"href":"https:\/\/aromasentia.com\/da\/wp-json\/wp\/v2\/media\/262148"}],"wp:attachment":[{"href":"https:\/\/aromasentia.com\/da\/wp-json\/wp\/v2\/media?parent=202824"}],"wp:term":[{"taxonomy":"product_brand","embeddable":true,"href":"https:\/\/aromasentia.com\/da\/wp-json\/wp\/v2\/product_brand?post=202824"},{"taxonomy":"product_cat","embeddable":true,"href":"https:\/\/aromasentia.com\/da\/wp-json\/wp\/v2\/product_cat?post=202824"},{"taxonomy":"product_tag","embeddable":true,"href":"https:\/\/aromasentia.com\/da\/wp-json\/wp\/v2\/product_tag?post=202824"}],"curies":[{"name":"wp","href":"https:\/\/api.w.org\/{rel}","templated":true}]}}