{"id":202822,"date":"2025-03-20T14:53:15","date_gmt":"2025-03-20T14:53:15","guid":{"rendered":"https:\/\/aromasentia.com\/product\/10ml-oregano-essential-oil\/"},"modified":"2025-06-22T04:08:58","modified_gmt":"2025-06-22T04:08:58","slug":"oregano-aeterisk-olie-10ml","status":"publish","type":"product","link":"https:\/\/aromasentia.com\/da\/oregano-aeterisk-olie-10ml\/","title":{"rendered":"Oregano \u00c6terisk Olie 10ml"},"content":{"rendered":"<p><strong>Latinsk navn:<\/strong> Origanum Vulgare<br \/><strong>Anvendt plantedel:<\/strong> Blade og blomster<br \/><strong>Kilde:<\/strong> Spanien<br \/><strong>Ekstraktionsmetode:<\/strong> Dampdestillation<br \/><strong>Aromatisk beskrivelse:<\/strong>Urteagtig, skarp, gr\u00f8n, kamferagtig<\/p>\n<p>Oregano er en af de mest potente og kraftfulde \u00e6teriske olier og har v\u00e6ret brugt i \u00e5rhundreder i traditionelle praksisser. P\u00e5 grund af dens h\u00f8je phenolindhold skal man v\u00e6re forsigtig ved ind\u00e5nding eller diffusion af oregano; kun en til to dr\u00e5ber er n\u00f8dvendige.<\/p>\n<p>Derudover b\u00f8r oregano fortyndes med en b\u00e6rerolie, n\u00e5r den p\u00e5f\u00f8res huden.<\/p>\n<p><\/p>\n<p><\/p>\n","protected":false},"excerpt":{"rendered":"<p>Latinsk navn: Origanum VulgareAnvendt plantedel: Blade og blomsterKilde: SpanienEkstraktionsmetode: DampdestillationAromatisk beskrivelse:Urteagtig, skarp, gr\u00f8n, kamferagtig Oregano er en af de mest potente og kraftfulde \u00e6teriske olier og har v\u00e6ret brugt i \u00e5rhundreder i traditionelle praksisser. P\u00e5 grund af dens h\u00f8je phenolindhold skal man v\u00e6re forsigtig ved ind\u00e5nding eller diffusion af oregano; kun en til to dr\u00e5ber [&hellip;]<\/p>\n","protected":false},"featured_media":262114,"comment_status":"closed","ping_status":"open","template":"","meta":{"_angie_page":false},"product_brand":[27094],"product_cat":[7647,6153,25839,25973,26858],"product_tag":[],"class_list":{"0":"post-202822","1":"product","2":"type-product","3":"status-publish","4":"has-post-thumbnail","6":"product_brand-ancient-wisdom","7":"product_cat-aeteriske-olier","8":"product_cat-aromaterapi-og-rumdufte","9":"product_cat-dufte-aromaer","10":"product_cat-oregano","11":"product_cat-urte-aromatisk","12":"pa_collection-aromatherapy-essential-oils-10ml-da","13":"pa_made-in-spanien","14":"pa_size-10ml","16":"first","17":"instock","18":"purchasable","19":"product-type-simple"},"supplier_id":null,"supplier_sku":"EO-86","barcode":null,"atum_controlled":true,"out_stock_date":null,"out_stock_threshold":null,"inheritable":false,"inbound_stock":null,"stock_on_hold":0,"sold_today":0,"sales_last_days":0,"reserved_stock":null,"customer_returns":null,"warehouse_damage":null,"lost_in_post":null,"other_logs":null,"out_stock_days":0,"lost_sales":0,"has_location":null,"update_date":"2026-04-27T07:00:59","atum_locations":[],"atum_stock_status":"instock","restock_status":false,"low_stock_amount":"","sales_update_date":"2025-09-03T00:27:57","calc_backorders":null,"_links":{"self":[{"href":"https:\/\/aromasentia.com\/da\/wp-json\/wp\/v2\/product\/202822","targetHints":{"allow":["GET"]}}],"collection":[{"href":"https:\/\/aromasentia.com\/da\/wp-json\/wp\/v2\/product"}],"about":[{"href":"https:\/\/aromasentia.com\/da\/wp-json\/wp\/v2\/types\/product"}],"replies":[{"embeddable":true,"href":"https:\/\/aromasentia.com\/da\/wp-json\/wp\/v2\/comments?post=202822"}],"version-history":[{"count":0,"href":"https:\/\/aromasentia.com\/da\/wp-json\/wp\/v2\/product\/202822\/revisions"}],"wp:featuredmedia":[{"embeddable":true,"href":"https:\/\/aromasentia.com\/da\/wp-json\/wp\/v2\/media\/262114"}],"wp:attachment":[{"href":"https:\/\/aromasentia.com\/da\/wp-json\/wp\/v2\/media?parent=202822"}],"wp:term":[{"taxonomy":"product_brand","embeddable":true,"href":"https:\/\/aromasentia.com\/da\/wp-json\/wp\/v2\/product_brand?post=202822"},{"taxonomy":"product_cat","embeddable":true,"href":"https:\/\/aromasentia.com\/da\/wp-json\/wp\/v2\/product_cat?post=202822"},{"taxonomy":"product_tag","embeddable":true,"href":"https:\/\/aromasentia.com\/da\/wp-json\/wp\/v2\/product_tag?post=202822"}],"curies":[{"name":"wp","href":"https:\/\/api.w.org\/{rel}","templated":true}]}}