{"id":202790,"date":"2025-03-20T17:38:25","date_gmt":"2025-03-20T17:38:25","guid":{"rendered":"https:\/\/aromasentia.com\/product\/organic-body-oil-50ml-carrot-orange\/"},"modified":"2025-06-22T04:08:33","modified_gmt":"2025-06-22T04:08:33","slug":"oekologisk-kropsolie-50ml-gulerod-og-appelsin","status":"publish","type":"product","link":"https:\/\/aromasentia.com\/da\/oekologisk-kropsolie-50ml-gulerod-og-appelsin\/","title":{"rendered":"\u00d8kologisk Kropsolie 50ml &#8211; Gulerod Og Appelsin"},"content":{"rendered":"<p><span style=\"color: rgb(75, 80, 88);\"><strong>En ulig oplevelse: \u00d8kologisk kropsolie 50ml &#8211; Gulerod &#038; Appelsin<\/strong><\/span><\/p>\n<p><span style=\"color: rgb(75, 80, 88);\">En foryngende blanding, der er omhyggeligt fremstillet til at give dine kunder en n\u00e6rende hudplejeoplevelse. Denne kropsolie er spr\u00e6ngfyldt med den revitaliserende essens af gulerods- og appelsinolier og tilbyder en symfoni af aromaer, der v\u00e6kker sanserne og styrker sindet.<\/span><\/p>\n<p><span style=\"color: rgb(141, 186, 216);\"><strong>N\u00f8gleingredienser:<\/strong><\/span><\/p>\n<p><span style=\"color: rgb(75, 80, 88);\"><strong>Castorolie:<\/strong>Castorolie er kendt for sine dybe fugtgivende egenskaber og tr\u00e6nger ind i hudens lag, giver intens hydrering og efterlader den bl\u00f8d og smidig.<\/span><\/p>\n<p><span style=\"color: rgb(75, 80, 88);\"><strong>Sort spidskommenolie:<\/strong> Sort spidskommenolie er fyldt med antioxidanter og essentielle fedtsyrer og hj\u00e6lper med at forynge huden og fremme en sund og str\u00e5lende teint.<\/span><\/p>\n<p><span style=\"color: rgb(75, 80, 88);\"><strong>Gulerodsfr\u00f8olie:<\/strong>Rig p\u00e5 vitaminer og antioxidanter, n\u00e6rer og toner gulerodsfr\u00f8olie huden og hj\u00e6lper med at genoprette dens naturlige vitalitet og gl\u00f8d.<\/span><\/p>\n<p><span style=\"color: rgb(75, 80, 88);\"><strong>Appelsinolie:<\/strong>Med sin klare og opl\u00f8ftende aroma genopliver appelsinolie sanserne og fremmer en f\u00f8lelse af gl\u00e6de og velv\u00e6re.<\/span><\/p>\n<p><span style=\"color: rgb(141, 186, 216);\"><strong>Fordele:<\/strong><\/span><\/p>\n<p><span style=\"color: rgb(75, 80, 88);\"><strong>Dybdeg\u00e5ende hydrering:<\/strong> Blandingen af ricinus- og sort spidskommenolie giver dyb hydrering og efterlader huden fugtet og n\u00e6ret.<\/span><\/p>\n<p><span style=\"color: rgb(75, 80, 88);\"><strong>Hudrevitalisering:<\/strong>Sort spidskommenolie hj\u00e6lper med at revitalisere huden og fremmer en ungdommelig og str\u00e5lende teint.<\/span><\/p>\n<p><span style=\"color: rgb(75, 80, 88);\"><strong>Aromaterapeutisk oplevelse:<\/strong>Denne kropsolie er beriget med forfriskende dufte af gulerod og appelsin og tilbyder aromaterapeutiske fordele, der fremmer afslapning og reducerer stress.<\/span><\/p>\n<p><span style=\"color: rgb(75, 80, 88);\"><strong>Naturlig og \u00f8kologisk:<\/strong>Denne kropsolie er fremstillet med certificerede \u00f8kologiske ingredienser, fri for skadelige kemikalier eller syntetiske dufte, og den appellerer til kunder, der s\u00f8ger naturlige og milj\u00f8venlige hudplejemuligheder.<\/span><\/p>\n<p><span style=\"color: rgb(75, 80, 88);\"><strong>Luksuri\u00f8s oplevelse:<\/strong> Pakket i en elegant brun flaske med en praktisk pumpe, tilbyder vores \u00f8kologiske kropsolie et strejf af luksus, perfekt til at fork\u00e6le sig selv med eller som gave til k\u00e6re.<\/span><\/p>\n<p><span style=\"color: rgb(141, 186, 216);\"><strong>Tilf\u00f8j et strejf af solskin til dine hylder med gulerods- og appelsinolie! Perfekt til at tiltr\u00e6kke kunder, der s\u00f8ger et strejf af sommer hele \u00e5ret rundt.<\/strong><\/span><\/p>\n","protected":false},"excerpt":{"rendered":"<p>En ulig oplevelse: \u00d8kologisk kropsolie 50ml &#8211; Gulerod &#038; Appelsin En foryngende blanding, der er omhyggeligt fremstillet til at give dine kunder en n\u00e6rende hudplejeoplevelse. Denne kropsolie er spr\u00e6ngfyldt med den revitaliserende essens af gulerods- og appelsinolier og tilbyder en symfoni af aromaer, der v\u00e6kker sanserne og styrker sindet. N\u00f8gleingredienser: Castorolie:Castorolie er kendt for sine [&hellip;]<\/p>\n","protected":false},"featured_media":294762,"comment_status":"closed","ping_status":"open","template":"","meta":{"_angie_page":false},"product_brand":[27074],"product_cat":[25972,6994,26816,25839],"product_tag":[],"class_list":{"0":"post-202790","1":"product","2":"type-product","3":"status-publish","4":"has-post-thumbnail","6":"product_brand-aw-cosmetics","7":"product_cat-appelsin","8":"product_cat-bad-og-bruser","9":"product_cat-citrus","10":"product_cat-dufte-aromaer","11":"pa_collection-organic-body-oils-50ml-da","12":"pa_made-in-storbritannien","13":"pa_size-50ml","15":"first","16":"instock","17":"purchasable","18":"product-type-simple"},"supplier_id":null,"supplier_sku":"OBO-06","barcode":null,"atum_controlled":true,"out_stock_date":null,"out_stock_threshold":null,"inheritable":false,"inbound_stock":null,"stock_on_hold":0,"sold_today":0,"sales_last_days":0,"reserved_stock":null,"customer_returns":null,"warehouse_damage":null,"lost_in_post":null,"other_logs":null,"out_stock_days":0,"lost_sales":0,"has_location":null,"update_date":"2026-05-08T05:15:40","atum_locations":[],"atum_stock_status":"instock","restock_status":false,"low_stock_amount":"","sales_update_date":"2026-01-30T01:24:55","calc_backorders":null,"_links":{"self":[{"href":"https:\/\/aromasentia.com\/da\/wp-json\/wp\/v2\/product\/202790","targetHints":{"allow":["GET"]}}],"collection":[{"href":"https:\/\/aromasentia.com\/da\/wp-json\/wp\/v2\/product"}],"about":[{"href":"https:\/\/aromasentia.com\/da\/wp-json\/wp\/v2\/types\/product"}],"replies":[{"embeddable":true,"href":"https:\/\/aromasentia.com\/da\/wp-json\/wp\/v2\/comments?post=202790"}],"version-history":[{"count":0,"href":"https:\/\/aromasentia.com\/da\/wp-json\/wp\/v2\/product\/202790\/revisions"}],"wp:featuredmedia":[{"embeddable":true,"href":"https:\/\/aromasentia.com\/da\/wp-json\/wp\/v2\/media\/294762"}],"wp:attachment":[{"href":"https:\/\/aromasentia.com\/da\/wp-json\/wp\/v2\/media?parent=202790"}],"wp:term":[{"taxonomy":"product_brand","embeddable":true,"href":"https:\/\/aromasentia.com\/da\/wp-json\/wp\/v2\/product_brand?post=202790"},{"taxonomy":"product_cat","embeddable":true,"href":"https:\/\/aromasentia.com\/da\/wp-json\/wp\/v2\/product_cat?post=202790"},{"taxonomy":"product_tag","embeddable":true,"href":"https:\/\/aromasentia.com\/da\/wp-json\/wp\/v2\/product_tag?post=202790"}],"curies":[{"name":"wp","href":"https:\/\/api.w.org\/{rel}","templated":true}]}}